{"id":1923,"date":"2013-08-27T12:46:05","date_gmt":"2013-08-27T16:46:05","guid":{"rendered":"https:\/\/se.csbe.qc.ca\/universsocial\/?page_id=1923"},"modified":"2013-08-27T12:46:19","modified_gmt":"2013-08-27T16:46:19","slug":"1923-2","status":"publish","type":"page","link":"https:\/\/se.csbe.qc.ca\/universsocial\/1923-2\/","title":{"rendered":"Banques d&rsquo;exercices sur les op\u00e9rations intellectuelles (Sec.3)"},"content":{"rendered":"<div class=\"page-restrict-output\"><h2><span style=\"color: #000000;\"><strong>Voici les 7 banques de questions bas\u00e9es sur les op\u00e9rations intellectuelles. Au total, elles constituent un corpus de pr\u00e8s de 300 exercices de tous genres, conformes \u00e0 la progression des apprentissages et aux op\u00e9rations intellectuelles.\u00a0<\/strong><\/span><\/h2>\n<h2><span style=\"color: #000000;\">\u00a0<\/span><\/h2>\n<p><span style=\"color: #000000;\">\u00a0<\/span><\/p>\n<blockquote>\n<h2><span style=\"color: #000080;\"><strong><em>Il y a une quantit\u00e9 \u00e9norme de travail dans ces documents&#8230; de recherche, d&rsquo;\u00e9laboration, de r\u00e9vision, de mise en page&#8230; merci \u00e0 tous ceux qui s&rsquo;y sont impliqu\u00e9s! Pour ceux qui en b\u00e9n\u00e9ficient, soyez conscients des efforts d\u00e9ploy\u00e9s et profitez bien de cet outil!<\/em><\/strong><\/span><\/h2>\n<h2><span style=\"color: #000080;\"><strong><em>Vincent Lemieux<\/em><\/strong><\/span><\/h2>\n<\/blockquote>\n<h2><span style=\"color: #000000;\">\u00a0<\/span><\/h2>\n<p><span style=\"color: #000000;\">\u00a0<\/span><\/p>\n<h2><span style=\"text-decoration: underline;\"><span style=\"color: #000000;\"><strong>Dans ces banques, vous retrouverez les 7 modules suivants:<\/strong><\/span><\/span><\/h2>\n<ul>\n<li>\n<h3><span style=\"color: #800000;\"><i>Les Premiers occupants<\/i><\/span><\/h3>\n<\/li>\n<li>\n<h3><span style=\"color: #800000;\"><em>L&rsquo;\u00e9mergence d&rsquo;une soci\u00e9t\u00e9 en Nouvelle-France<\/em><\/span><\/h3>\n<\/li>\n<li>\n<h3><span style=\"color: #800000;\"><em>Le changement d&#8217;empire<\/em><\/span><\/h3>\n<\/li>\n<li>\n<h3><span style=\"color: #800000;\"><em>Revendications et luttes dans la colonie britannique<\/em><\/span><\/h3>\n<\/li>\n<li>\n<h3><span style=\"color: #800000;\"><em>La cr\u00e9ation de la f\u00e9d\u00e9ration canadienne<\/em><\/span><\/h3>\n<\/li>\n<li>\n<h3><span style=\"color: #800000;\"><em>La modernisation de la soci\u00e9t\u00e9 qu\u00e9b\u00e9coise<\/em><\/span><\/h3>\n<\/li>\n<li>\n<h3><span style=\"color: #800000;\"><em>Le enjeux de la soci\u00e9t\u00e9 qu\u00e9b\u00e9coise depuis 1980<\/em><\/span><\/h3>\n<\/li>\n<\/ul>\n<h2><span style=\"color: #000000;\">\u00a0<\/span><\/h2>\n<h2><span style=\"color: #000000;\">\u00a0<\/span><\/h2>\n<p><span style=\"color: #000000;\">\u00a0<\/span><\/p>\n<h2><span style=\"text-decoration: underline;\"><span style=\"color: #000000;\"><strong>Dans cette banque, vous retrouverez des exercices pour\u00a0CHACUNE\u00a0des op\u00e9rations suivantes:<\/strong><\/span><\/span><\/h2>\n<ul>\n<li>\n<h3><span style=\"color: #800000;\"><strong><em>\u00c9tablir des faits<\/em><\/strong><\/span><\/h3>\n<\/li>\n<li>\n<h3><span style=\"color: #800000;\"><strong><em>Situer dans le temps et dans l&rsquo;espace<\/em><\/strong><\/span><\/h3>\n<\/li>\n<li>\n<h3><span style=\"color: #800000;\"><strong><em>Caract\u00e9riser une r\u00e9alit\u00e9 historique<\/em><\/strong><\/span><\/h3>\n<\/li>\n<li>\n<h3><span style=\"color: #800000;\"><strong><em>\u00c9tablir des comparaisons<\/em><\/strong><\/span><\/h3>\n<\/li>\n<li>\n<h3><span style=\"color: #800000;\"><strong><em>D\u00e9terminer des facteurs explicatifs et des cons\u00e9quences<\/em><\/strong><\/span><\/h3>\n<\/li>\n<li>\n<h3><span style=\"color: #800000;\"><strong><em>D\u00e9terminer des \u00e9l\u00e9ments de continuit\u00e9 et des changements<\/em><\/strong><\/span><\/h3>\n<\/li>\n<li>\n<h3><span style=\"color: #800000;\"><strong><em>Mettre en relation des faits<\/em><\/strong><\/span><\/h3>\n<\/li>\n<li>\n<h3><span style=\"color: #800000;\"><strong><em>\u00c9tablir des liens de causalit\u00e9<\/em><\/strong><\/span><\/h3>\n<\/li>\n<\/ul>\n<p><span style=\"color: #000000;\">\u00a0<\/span><\/p>\n<p><span style=\"color: #000000;\">\u00a0<\/span><\/p>\n<h2><span style=\"text-decoration: underline;\"><span style=\"color: #000000;\"><strong>Pour t\u00e9l\u00e9charger chacune des banques, cliquez sur les liens ci-dessous:<\/strong><\/span><\/span><\/h2>\n<h2><em><a href=\"https:\/\/se.csbe.qc.ca\/universsocial\/files\/2013\/08\/1-Banque-de-questions-Premiers-occupants.docx\">1- Banque de questions &#8211; Premiers occupants<\/a><\/em><\/h2>\n<h2><em><a href=\"https:\/\/se.csbe.qc.ca\/universsocial\/files\/2013\/08\/2-Banque-de-questions-Nouvelle-France.doc\">2- Banque de questions &#8211; Nouvelle-France<\/a><\/em><\/h2>\n<h2><em><a href=\"https:\/\/se.csbe.qc.ca\/universsocial\/files\/2013\/08\/3-Banque-de-questions-Changement.docx\">3- Banque de questions &#8211; Changement<\/a><\/em><\/h2>\n<h2><em><a href=\"https:\/\/se.csbe.qc.ca\/universsocial\/files\/2013\/08\/4-Banque-de-questions-Revendications.docx\">4- Banque de questions &#8211; Revendications<\/a><\/em><\/h2>\n<h2><em><a href=\"https:\/\/se.csbe.qc.ca\/universsocial\/files\/2013\/08\/5-Banque-de-questions-F\u00e9d\u00e9ration.docx\">5- Banque de questions &#8211; F\u00e9d\u00e9ration<\/a><\/em><\/h2>\n<h2><em><a href=\"https:\/\/se.csbe.qc.ca\/universsocial\/files\/2013\/08\/6-Banque-de-questions-Modernisation.docx\">6- Banque de questions &#8211; Modernisation<\/a><\/em><\/h2>\n<h2><em><a href=\"https:\/\/se.csbe.qc.ca\/universsocial\/files\/2013\/08\/7-Banque-de-questions-Depuis-1980.docx\">7- Banque de questions &#8211; Depuis 1980<\/a><\/em><\/h2>\n<p>&nbsp;<\/p>\n<p>&nbsp;<\/p>\n<!-- WP Attachments -->\r\n        <div style=\"width:100%;margin:10px 0 10px 0;\">\r\n            <h3>Attachments<\/h3>\r\n        <ul class=\"post-attachments\"><li class=\"post-attachment mime-application-vnd-openxmlformats-officedocument-wordprocessingml-document\"><a href=\"https:\/\/se.csbe.qc.ca\/universsocial\/files\/2013\/08\/1-Banque-de-questions-Premiers-occupants.docx\">1- Banque de questions - Premiers occupants<\/a> <small>(4 MB)<\/small><\/li><li class=\"post-attachment mime-application-msword\"><a href=\"https:\/\/se.csbe.qc.ca\/universsocial\/files\/2013\/08\/2-Banque-de-questions-Nouvelle-France.doc\">2- Banque de questions - Nouvelle-France<\/a> <small>(11 MB)<\/small><\/li><li class=\"post-attachment mime-application-vnd-openxmlformats-officedocument-wordprocessingml-document\"><a href=\"https:\/\/se.csbe.qc.ca\/universsocial\/files\/2013\/08\/3-Banque-de-questions-Changement.docx\">3- Banque de questions - Changement<\/a> <small>(5 MB)<\/small><\/li><li class=\"post-attachment mime-application-vnd-openxmlformats-officedocument-wordprocessingml-document\"><a href=\"https:\/\/se.csbe.qc.ca\/universsocial\/files\/2013\/08\/4-Banque-de-questions-Revendications.docx\">4- Banque de questions - Revendications<\/a> <small>(4 MB)<\/small><\/li><li class=\"post-attachment mime-application-vnd-openxmlformats-officedocument-wordprocessingml-document\"><a href=\"https:\/\/se.csbe.qc.ca\/universsocial\/files\/2013\/08\/5-Banque-de-questions-F\u00e9d\u00e9ration.docx\">5- Banque de questions - F\u00e9d\u00e9ration<\/a> <small>(4 MB)<\/small><\/li><li class=\"post-attachment mime-application-vnd-openxmlformats-officedocument-wordprocessingml-document\"><a href=\"https:\/\/se.csbe.qc.ca\/universsocial\/files\/2013\/08\/6-Banque-de-questions-Modernisation.docx\">6- Banque de questions - Modernisation<\/a> <small>(4 MB)<\/small><\/li><li class=\"post-attachment mime-application-vnd-openxmlformats-officedocument-wordprocessingml-document\"><a href=\"https:\/\/se.csbe.qc.ca\/universsocial\/files\/2013\/08\/7-Banque-de-questions-Depuis-1980.docx\">7- Banque de questions - Depuis 1980<\/a> <small>(2 MB)<\/small><\/li><\/ul><\/div><\/div>","protected":false},"excerpt":{"rendered":"<div class=\"page-restrict-output\"><p>Voici les 7 banques de questions bas\u00e9es sur les op\u00e9rations intellectuelles. Au total, elles constituent un corpus de pr\u00e8s de 300 exercices de tous genres, conformes \u00e0 la progression des apprentissages et aux op\u00e9rations intellectuelles.\u00a0 \u00a0 \u00a0 Il y a une quantit\u00e9 \u00e9norme de travail dans ces documents&#8230; de recherche, d&rsquo;\u00e9laboration, de r\u00e9vision, de mise &hellip; <\/p>\n<p><a class=\"more-link btn\" href=\"https:\/\/se.csbe.qc.ca\/universsocial\/1923-2\/\">Lire la suite<\/a><\/p>\n<\/div>","protected":false},"author":9,"featured_media":0,"parent":0,"menu_order":0,"comment_status":"open","ping_status":"open","template":"","meta":{"footnotes":""},"class_list":["post-1923","page","type-page","status-publish","hentry","nodate","item-wrap"],"_links":{"self":[{"href":"https:\/\/se.csbe.qc.ca\/universsocial\/wp-json\/wp\/v2\/pages\/1923","targetHints":{"allow":["GET"]}}],"collection":[{"href":"https:\/\/se.csbe.qc.ca\/universsocial\/wp-json\/wp\/v2\/pages"}],"about":[{"href":"https:\/\/se.csbe.qc.ca\/universsocial\/wp-json\/wp\/v2\/types\/page"}],"author":[{"embeddable":true,"href":"https:\/\/se.csbe.qc.ca\/universsocial\/wp-json\/wp\/v2\/users\/9"}],"replies":[{"embeddable":true,"href":"https:\/\/se.csbe.qc.ca\/universsocial\/wp-json\/wp\/v2\/comments?post=1923"}],"version-history":[{"count":2,"href":"https:\/\/se.csbe.qc.ca\/universsocial\/wp-json\/wp\/v2\/pages\/1923\/revisions"}],"predecessor-version":[{"id":1933,"href":"https:\/\/se.csbe.qc.ca\/universsocial\/wp-json\/wp\/v2\/pages\/1923\/revisions\/1933"}],"wp:attachment":[{"href":"https:\/\/se.csbe.qc.ca\/universsocial\/wp-json\/wp\/v2\/media?parent=1923"}],"curies":[{"name":"wp","href":"https:\/\/api.w.org\/{rel}","templated":true}]}}