{"id":1835,"date":"2013-05-23T13:43:36","date_gmt":"2013-05-23T17:43:36","guid":{"rendered":"https:\/\/se.csbe.qc.ca\/universsocial\/?page_id=1835"},"modified":"2013-05-23T13:45:20","modified_gmt":"2013-05-23T17:45:20","slug":"la-coree-du-nord-dhier-a-aujourdhui-monde-contemporain","status":"publish","type":"page","link":"https:\/\/se.csbe.qc.ca\/universsocial\/la-coree-du-nord-dhier-a-aujourdhui-monde-contemporain\/","title":{"rendered":"La Cor\u00e9e du Nord, d&rsquo;hier \u00e0 aujourd&rsquo;hui (Monde contemporain)"},"content":{"rendered":"<div class=\"page-restrict-output\"><h2><strong><span style=\"color: #000000;\">Voici une s\u00e9quence \u00e0 utiliser en classe qui traite de la Cor\u00e9e du Nord, en lien avec les tensions r\u00e9centes avec les \u00c9tats-Unis.<\/span><\/strong><\/h2>\n<h2><\/h2>\n<h2><strong><span style=\"text-decoration: underline;\"><span style=\"color: #000000; text-decoration: underline;\">Pour le document de l&rsquo;\u00e9l\u00e8ve, cliquer sur le lien ci-dessous:<\/span><\/span><\/strong><\/h2>\n<h2><span style=\"color: #0000ff;\"><em><a href=\"https:\/\/se.csbe.qc.ca\/universsocial\/files\/2013\/05\/Cor\u00e9e-du-Nord-document-\u00e9l\u00e8ve.pdf\" target=\"_blank\"><span style=\"color: #0000ff;\">Cor\u00e9e du Nord &#8211; document \u00e9l\u00e8ve<\/span><\/a><\/em><\/span><\/h2>\n<!-- WP Attachments -->\r\n        <div style=\"width:100%;margin:10px 0 10px 0;\">\r\n            <h3>Attachments<\/h3>\r\n        <ul class=\"post-attachments\"><li class=\"post-attachment mime-application-pdf\"><a href=\"https:\/\/se.csbe.qc.ca\/universsocial\/files\/2013\/05\/Cor\u00e9e-du-Nord-document-\u00e9l\u00e8ve.pdf\">Cor\u00e9e du Nord - document \u00e9l\u00e8ve<\/a> <small>(5 MB)<\/small><\/li><\/ul><\/div><\/div>","protected":false},"excerpt":{"rendered":"<div class=\"page-restrict-output\"><p>Voici une s\u00e9quence \u00e0 utiliser en classe qui traite de la Cor\u00e9e du Nord, en lien avec les tensions r\u00e9centes avec les \u00c9tats-Unis. Pour le document de l&rsquo;\u00e9l\u00e8ve, cliquer sur le lien ci-dessous: Cor\u00e9e du Nord &#8211; document \u00e9l\u00e8ve Attachments Cor\u00e9e du Nord &#8211; document \u00e9l\u00e8ve (5 MB)<\/p>\n<\/div>","protected":false},"author":9,"featured_media":0,"parent":0,"menu_order":0,"comment_status":"open","ping_status":"open","template":"","meta":{"footnotes":""},"class_list":["post-1835","page","type-page","status-publish","hentry","nodate","item-wrap"],"_links":{"self":[{"href":"https:\/\/se.csbe.qc.ca\/universsocial\/wp-json\/wp\/v2\/pages\/1835","targetHints":{"allow":["GET"]}}],"collection":[{"href":"https:\/\/se.csbe.qc.ca\/universsocial\/wp-json\/wp\/v2\/pages"}],"about":[{"href":"https:\/\/se.csbe.qc.ca\/universsocial\/wp-json\/wp\/v2\/types\/page"}],"author":[{"embeddable":true,"href":"https:\/\/se.csbe.qc.ca\/universsocial\/wp-json\/wp\/v2\/users\/9"}],"replies":[{"embeddable":true,"href":"https:\/\/se.csbe.qc.ca\/universsocial\/wp-json\/wp\/v2\/comments?post=1835"}],"version-history":[{"count":3,"href":"https:\/\/se.csbe.qc.ca\/universsocial\/wp-json\/wp\/v2\/pages\/1835\/revisions"}],"predecessor-version":[{"id":1840,"href":"https:\/\/se.csbe.qc.ca\/universsocial\/wp-json\/wp\/v2\/pages\/1835\/revisions\/1840"}],"wp:attachment":[{"href":"https:\/\/se.csbe.qc.ca\/universsocial\/wp-json\/wp\/v2\/media?parent=1835"}],"curies":[{"name":"wp","href":"https:\/\/api.w.org\/{rel}","templated":true}]}}