{"id":1823,"date":"2013-05-23T10:34:58","date_gmt":"2013-05-23T14:34:58","guid":{"rendered":"https:\/\/se.csbe.qc.ca\/universsocial\/?page_id=1823"},"modified":"2013-05-23T12:23:14","modified_gmt":"2013-05-23T16:23:14","slug":"questions-de-revision-monde-contemporain","status":"publish","type":"page","link":"https:\/\/se.csbe.qc.ca\/universsocial\/questions-de-revision-monde-contemporain\/","title":{"rendered":"Questions de r\u00e9vision (Monde contemporain)"},"content":{"rendered":"<div class=\"page-restrict-output\"><h2><strong><span style=\"color: #000000;\">Voici une s\u00e9rie de 30-40 questions sur chacun des modules de la Pr\u00e9cision des apprentissages de Monde contemporain. Au total, il s&rsquo;agit de 168 questions de r\u00e9vision!<\/span><\/strong><\/h2>\n<h2><\/h2>\n<h2><strong><span style=\"color: #000000;\">Les questions sont vraiment cibl\u00e9es sur des \u00e9l\u00e9ments de la Pr\u00e9cision, et non sur des \u00e0-c\u00f4t\u00e9s abord\u00e9s dans les manuels ou durant l&rsquo;ann\u00e9e&#8230; C&rsquo;est donc un outil simple et efficace de pr\u00e9paration \u00e0 l&rsquo;examen, que les \u00e9l\u00e8ves peuvent faire en classe ou de fa\u00e7on autonome \u00e0 la maison.<\/span><\/strong><\/h2>\n<h2><\/h2>\n<h2><strong><em><span style=\"color: #000000;\">Merci \u00e0 Mme \u00c8ve Thomas, conseill\u00e8re p\u00e9dagogique \u00e0 la CS des Laurentides pour ce partage!<\/span><\/em><\/strong><\/h2>\n<p><strong>\u00a0<\/strong><\/p>\n<h2><\/h2>\n<h2><strong><span style=\"text-decoration: underline;\"><span style=\"color: #000000; text-decoration: underline;\"><em>Pour le document de l&rsquo;\u00e9l\u00e8ve:<\/em><\/span><\/span><\/strong><\/h2>\n<h2><span style=\"color: #0000ff;\"><em><a href=\"https:\/\/se.csbe.qc.ca\/universsocial\/files\/2013\/05\/Revision_fin_annee_cahier_eleve.docx\" target=\"_blank\"><span style=\"color: #0000ff;\">Revision_fin_annee_cahier_eleve<\/span><\/a><\/em><\/span><\/h2>\n<h2><span style=\"text-decoration: underline;\">\u00a0<\/span><\/h2>\n<h2><strong><span style=\"text-decoration: underline;\"><span style=\"color: #000000; text-decoration: underline;\">Pour le corrig\u00e9:<\/span><\/span><\/strong><\/h2>\n<h2><span style=\"color: #0000ff;\"><em><a href=\"https:\/\/se.csbe.qc.ca\/universsocial\/files\/2013\/05\/Revision_fin_annee_corrige.docx\"><span style=\"color: #0000ff;\">Revision_fin_annee_corrige<\/span><\/a><\/em><\/span><\/h2>\n<h2><\/h2>\n<!-- WP Attachments -->\r\n        <div style=\"width:100%;margin:10px 0 10px 0;\">\r\n            <h3>Attachments<\/h3>\r\n        <ul class=\"post-attachments\"><li class=\"post-attachment mime-application-vnd-openxmlformats-officedocument-wordprocessingml-document\"><a href=\"https:\/\/se.csbe.qc.ca\/universsocial\/files\/2013\/05\/Revision_fin_annee_cahier_eleve.docx\">Revision_fin_annee_cahier_eleve<\/a> <small>(298 kB)<\/small><\/li><li class=\"post-attachment mime-application-vnd-openxmlformats-officedocument-wordprocessingml-document\"><a href=\"https:\/\/se.csbe.qc.ca\/universsocial\/files\/2013\/05\/Revision_fin_annee_corrige.docx\">Revision_fin_annee_corrige<\/a> <small>(827 kB)<\/small><\/li><\/ul><\/div><\/div>","protected":false},"excerpt":{"rendered":"<div class=\"page-restrict-output\"><p>Voici une s\u00e9rie de 30-40 questions sur chacun des modules de la Pr\u00e9cision des apprentissages de Monde contemporain. Au total, il s&rsquo;agit de 168 questions de r\u00e9vision! Les questions sont vraiment cibl\u00e9es sur des \u00e9l\u00e9ments de la Pr\u00e9cision, et non sur des \u00e0-c\u00f4t\u00e9s abord\u00e9s dans les manuels ou durant l&rsquo;ann\u00e9e&#8230; C&rsquo;est donc un outil simple &hellip; <\/p>\n<p><a class=\"more-link btn\" href=\"https:\/\/se.csbe.qc.ca\/universsocial\/questions-de-revision-monde-contemporain\/\">Lire la suite<\/a><\/p>\n<\/div>","protected":false},"author":9,"featured_media":0,"parent":0,"menu_order":0,"comment_status":"open","ping_status":"open","template":"","meta":{"footnotes":""},"class_list":["post-1823","page","type-page","status-publish","hentry","nodate","item-wrap"],"_links":{"self":[{"href":"https:\/\/se.csbe.qc.ca\/universsocial\/wp-json\/wp\/v2\/pages\/1823","targetHints":{"allow":["GET"]}}],"collection":[{"href":"https:\/\/se.csbe.qc.ca\/universsocial\/wp-json\/wp\/v2\/pages"}],"about":[{"href":"https:\/\/se.csbe.qc.ca\/universsocial\/wp-json\/wp\/v2\/types\/page"}],"author":[{"embeddable":true,"href":"https:\/\/se.csbe.qc.ca\/universsocial\/wp-json\/wp\/v2\/users\/9"}],"replies":[{"embeddable":true,"href":"https:\/\/se.csbe.qc.ca\/universsocial\/wp-json\/wp\/v2\/comments?post=1823"}],"version-history":[{"count":6,"href":"https:\/\/se.csbe.qc.ca\/universsocial\/wp-json\/wp\/v2\/pages\/1823\/revisions"}],"predecessor-version":[{"id":1825,"href":"https:\/\/se.csbe.qc.ca\/universsocial\/wp-json\/wp\/v2\/pages\/1823\/revisions\/1825"}],"wp:attachment":[{"href":"https:\/\/se.csbe.qc.ca\/universsocial\/wp-json\/wp\/v2\/media?parent=1823"}],"curies":[{"name":"wp","href":"https:\/\/api.w.org\/{rel}","templated":true}]}}