{"id":1759,"date":"2013-05-06T15:20:44","date_gmt":"2013-05-06T19:20:44","guid":{"rendered":"https:\/\/se.csbe.qc.ca\/universsocial\/?page_id=1759"},"modified":"2013-05-07T13:37:09","modified_gmt":"2013-05-07T17:37:09","slug":"tensions-et-conflits-module-complet-apprentissage-par-lactualite","status":"publish","type":"page","link":"https:\/\/se.csbe.qc.ca\/universsocial\/tensions-et-conflits-module-complet-apprentissage-par-lactualite\/","title":{"rendered":"Tensions et conflits &#8211; Module complet (apprentissage par l&rsquo;actualit\u00e9)"},"content":{"rendered":"<div class=\"page-restrict-output\"><h2><strong><span style=\"color: #000000;\">Mme Sophie Cliche et moi-m\u00eame avons \u00e9labor\u00e9 un projet d&rsquo;une dur\u00e9e d&rsquo;environ 12 p\u00e9riodes qui couvre la quasi-totalit\u00e9 des contenus du module <em>\u00ab\u00a0Tensions et conflits\u00a0\u00bb<\/em>.<\/span><\/strong><\/h2>\n<h2><\/h2>\n<h2><strong><span style=\"color: #000000;\">En partant de conflits dans l&rsquo;actualit\u00e9 et des notes de cours qu&rsquo;on lui fournit, l&rsquo;\u00e9l\u00e8ve apprend de fa\u00e7on autonome, mais encadr\u00e9e. Tous les documents d\u00e9pos\u00e9s ici vous en indiqueront davantage sur la proc\u00e9dure, la p\u00e9dagogie, les diverses t\u00e2ches et l&rsquo;\u00e9valuation.<\/span><\/strong><\/h2>\n<p>&nbsp;<\/p>\n<h2><span style=\"text-decoration: underline; color: #800000;\"><strong>On y retrouve notamment comme strat\u00e9gies p\u00e9dagogiques:<\/strong><\/span><\/h2>\n<ul>\n<li>\n<h3><span style=\"color: #800000;\"><em><span style=\"line-height: 12px;\">usage de l&rsquo;actualit\u00e9<\/span><\/em><\/span><\/h3>\n<\/li>\n<li>\n<h3><span style=\"color: #800000;\"><em>liens avec les conflits depuis les ann\u00e9es 1950<\/em><\/span><\/h3>\n<\/li>\n<li>\n<h3><span style=\"color: #800000;\"><em>m\u00e9tacognition par l&rsquo;\u00e9l\u00e8ve<\/em><\/span><\/h3>\n<\/li>\n<li>\n<h3><span style=\"color: #800000;\"><em>\u00c9valuation par l&rsquo;enseignant<\/em><\/span><\/h3>\n<\/li>\n<li>\n<h3><span style=\"color: #800000;\"><em>Explicitation par l&rsquo;enseignant en d\u00e9but de parcours et \u00e0\u00a0mi-parcours<\/em><\/span><\/h3>\n<\/li>\n<li>\n<h3><span style=\"color: #800000;\"><em>Explicitation par l&rsquo;\u00e9l\u00e8ve en fin de parcours<\/em><\/span><\/h3>\n<\/li>\n<li>\n<h3><span style=\"color: #800000;\"><em>S\u00e9quence d&rsquo;int\u00e9gration en fin de parcours<\/em><\/span><\/h3>\n<\/li>\n<li>\n<h3><span style=\"color: #800000;\"><em>Usage des TIC<\/em><\/span><\/h3>\n<\/li>\n<li>\n<h3><span style=\"color: #800000;\"><em>R\u00e9cup\u00e9ration des acquis dans la moyenne dur\u00e9e par l&rsquo;\u00e9l\u00e8ve<\/em><\/span><\/h3>\n<\/li>\n<\/ul>\n<h2><\/h2>\n<p>&nbsp;<\/p>\n<h2><em><strong><span style=\"color: #000000;\">Un \u00e9norme merci \u00e0 Sophie, qui nous a fourni ses propres notes de cours comme base \u00e0 partir de laquelle construire notre projet!!!<\/span><\/strong><\/em><\/h2>\n<h2><\/h2>\n<p>&nbsp;<\/p>\n<h2><span style=\"text-decoration: underline;\"><strong><span style=\"color: #000000; text-decoration: underline;\">Pour t\u00e9l\u00e9charger les divers documents, cliquer sur chacun des liens ci-dessous:<\/span><\/strong><\/span><\/h2>\n<h2><span style=\"color: #0000ff;\"><em><strong><a href=\"https:\/\/se.csbe.qc.ca\/universsocial\/files\/2013\/05\/Document-enseignant1.docx\" target=\"_blank\"><span style=\"color: #0000ff;\">Document enseignant<\/span><\/a><\/strong><\/em><\/span><\/h2>\n<h2><span style=\"color: #0000ff;\"><em><strong><a href=\"https:\/\/se.csbe.qc.ca\/universsocial\/files\/2013\/05\/Document-eleve.docx\"><span style=\"color: #0000ff;\">Document eleve<\/span><\/a><\/strong><\/em><\/span><\/h2>\n<h2><span style=\"color: #0000ff;\"><em><strong><a href=\"https:\/\/se.csbe.qc.ca\/universsocial\/files\/2013\/05\/Notes-de-cours1.docx\"><span style=\"color: #0000ff;\">Notes de cours<\/span><\/a><\/strong><\/em><\/span><\/h2>\n<h2><span style=\"color: #0000ff;\"><em><strong><a href=\"https:\/\/se.csbe.qc.ca\/universsocial\/files\/2013\/05\/Conflit-1-Autoevaluation.docx\"><span style=\"color: #0000ff;\">Conflit 1 &#8211; Autoevaluation<\/span><\/a><\/strong><\/em><\/span><\/h2>\n<h2><span style=\"color: #0000ff;\"><em><strong><a href=\"https:\/\/se.csbe.qc.ca\/universsocial\/files\/2013\/05\/Conflit-2-Grille-de-correction.docx\"><span style=\"color: #0000ff;\">Conflit 2 &#8211; Grille de correction<\/span><\/a><\/strong><\/em><\/span><\/h2>\n<h2><span style=\"color: #0000ff;\"><em><strong><a href=\"https:\/\/se.csbe.qc.ca\/universsocial\/files\/2013\/05\/Journal-de-bord-eleve1.docx\"><span style=\"color: #0000ff;\">Journal de bord (eleve)<\/span><\/a><\/strong><\/em><\/span><\/h2>\n<p>&nbsp;<\/p>\n<!-- WP Attachments -->\r\n        <div style=\"width:100%;margin:10px 0 10px 0;\">\r\n            <h3>Attachments<\/h3>\r\n        <ul class=\"post-attachments\"><li class=\"post-attachment mime-application-vnd-openxmlformats-officedocument-wordprocessingml-document\"><a href=\"https:\/\/se.csbe.qc.ca\/universsocial\/files\/2013\/05\/Document-enseignant.docx\">Document enseignant<\/a> <small>(19 kB)<\/small><\/li><li class=\"post-attachment mime-application-vnd-openxmlformats-officedocument-wordprocessingml-document\"><a href=\"https:\/\/se.csbe.qc.ca\/universsocial\/files\/2013\/05\/Grilles-de-correction.docx\">Grilles de correction<\/a> <small>(15 kB)<\/small><\/li><li class=\"post-attachment mime-application-vnd-openxmlformats-officedocument-wordprocessingml-document\"><a href=\"https:\/\/se.csbe.qc.ca\/universsocial\/files\/2013\/05\/Journal-de-bord-eleve.docx\">Journal de bord (eleve)<\/a> <small>(20 kB)<\/small><\/li><li class=\"post-attachment mime-application-vnd-openxmlformats-officedocument-wordprocessingml-document\"><a href=\"https:\/\/se.csbe.qc.ca\/universsocial\/files\/2013\/05\/Notes-de-cours.docx\">Notes de cours<\/a> <small>(199 kB)<\/small><\/li><li class=\"post-attachment mime-application-vnd-openxmlformats-officedocument-wordprocessingml-document\"><a href=\"https:\/\/se.csbe.qc.ca\/universsocial\/files\/2013\/05\/Taches-a-effectuer-eleve.docx\">Taches a effectuer (eleve)<\/a> <small>(55 kB)<\/small><\/li><li class=\"post-attachment mime-application-vnd-openxmlformats-officedocument-wordprocessingml-document\"><a href=\"https:\/\/se.csbe.qc.ca\/universsocial\/files\/2013\/05\/Auto-evaluation-premier-conflit-eleve.docx\">Auto evaluation premier conflit (eleve)<\/a> <small>(15 kB)<\/small><\/li><li class=\"post-attachment mime-application-vnd-openxmlformats-officedocument-wordprocessingml-document\"><a href=\"https:\/\/se.csbe.qc.ca\/universsocial\/files\/2013\/05\/Document-enseignant1.docx\">Document enseignant<\/a> <small>(21 kB)<\/small><\/li><li class=\"post-attachment mime-application-vnd-openxmlformats-officedocument-wordprocessingml-document\"><a href=\"https:\/\/se.csbe.qc.ca\/universsocial\/files\/2013\/05\/Document-eleve.docx\">Document eleve<\/a> <small>(59 kB)<\/small><\/li><li class=\"post-attachment mime-application-vnd-openxmlformats-officedocument-wordprocessingml-document\"><a href=\"https:\/\/se.csbe.qc.ca\/universsocial\/files\/2013\/05\/Notes-de-cours1.docx\">Notes de cours<\/a> <small>(199 kB)<\/small><\/li><li class=\"post-attachment mime-application-vnd-openxmlformats-officedocument-wordprocessingml-document\"><a href=\"https:\/\/se.csbe.qc.ca\/universsocial\/files\/2013\/05\/Conflit-1-Autoevaluation.docx\">Conflit 1 - Autoevaluation<\/a> <small>(16 kB)<\/small><\/li><li class=\"post-attachment mime-application-vnd-openxmlformats-officedocument-wordprocessingml-document\"><a href=\"https:\/\/se.csbe.qc.ca\/universsocial\/files\/2013\/05\/Conflit-2-Grille-de-correction.docx\">Conflit 2 - Grille de correction<\/a> <small>(16 kB)<\/small><\/li><li class=\"post-attachment mime-application-vnd-openxmlformats-officedocument-wordprocessingml-document\"><a href=\"https:\/\/se.csbe.qc.ca\/universsocial\/files\/2013\/05\/Journal-de-bord-eleve1.docx\">Journal de bord (eleve)<\/a> <small>(21 kB)<\/small><\/li><\/ul><\/div><\/div>","protected":false},"excerpt":{"rendered":"<div class=\"page-restrict-output\"><p>Mme Sophie Cliche et moi-m\u00eame avons \u00e9labor\u00e9 un projet d&rsquo;une dur\u00e9e d&rsquo;environ 12 p\u00e9riodes qui couvre la quasi-totalit\u00e9 des contenus du module \u00ab\u00a0Tensions et conflits\u00a0\u00bb. En partant de conflits dans l&rsquo;actualit\u00e9 et des notes de cours qu&rsquo;on lui fournit, l&rsquo;\u00e9l\u00e8ve apprend de fa\u00e7on autonome, mais encadr\u00e9e. Tous les documents d\u00e9pos\u00e9s ici vous en indiqueront davantage &hellip; <\/p>\n<p><a class=\"more-link btn\" href=\"https:\/\/se.csbe.qc.ca\/universsocial\/tensions-et-conflits-module-complet-apprentissage-par-lactualite\/\">Lire la suite<\/a><\/p>\n<\/div>","protected":false},"author":9,"featured_media":0,"parent":0,"menu_order":0,"comment_status":"open","ping_status":"open","template":"","meta":{"footnotes":""},"class_list":["post-1759","page","type-page","status-publish","hentry","nodate","item-wrap"],"_links":{"self":[{"href":"https:\/\/se.csbe.qc.ca\/universsocial\/wp-json\/wp\/v2\/pages\/1759","targetHints":{"allow":["GET"]}}],"collection":[{"href":"https:\/\/se.csbe.qc.ca\/universsocial\/wp-json\/wp\/v2\/pages"}],"about":[{"href":"https:\/\/se.csbe.qc.ca\/universsocial\/wp-json\/wp\/v2\/types\/page"}],"author":[{"embeddable":true,"href":"https:\/\/se.csbe.qc.ca\/universsocial\/wp-json\/wp\/v2\/users\/9"}],"replies":[{"embeddable":true,"href":"https:\/\/se.csbe.qc.ca\/universsocial\/wp-json\/wp\/v2\/comments?post=1759"}],"version-history":[{"count":4,"href":"https:\/\/se.csbe.qc.ca\/universsocial\/wp-json\/wp\/v2\/pages\/1759\/revisions"}],"predecessor-version":[{"id":1788,"href":"https:\/\/se.csbe.qc.ca\/universsocial\/wp-json\/wp\/v2\/pages\/1759\/revisions\/1788"}],"wp:attachment":[{"href":"https:\/\/se.csbe.qc.ca\/universsocial\/wp-json\/wp\/v2\/media?parent=1759"}],"curies":[{"name":"wp","href":"https:\/\/api.w.org\/{rel}","templated":true}]}}