{"id":162,"date":"2012-10-26T18:40:14","date_gmt":"2012-10-26T17:40:14","guid":{"rendered":"https:\/\/se.csbe.qc.ca\/universsocial\/?page_id=162"},"modified":"2014-10-21T14:49:51","modified_gmt":"2014-10-21T18:49:51","slug":"precision-des-apprentissages-histoire-du-20e-siecle","status":"publish","type":"page","link":"https:\/\/se.csbe.qc.ca\/universsocial\/precision-des-apprentissages-histoire-du-20e-siecle\/","title":{"rendered":"Pr\u00e9cision des apprentissages (PDA) &#8211; Histoire du 20e si\u00e8cle"},"content":{"rendered":"<div class=\"page-restrict-output\"><h2><span style=\"color: #000000;\"><strong>Voici le document de la \u00ab\u00a0pr\u00e9cision\u00a0\u00bb des apprentissages en histoire du 20e si\u00e8cle.<\/strong><\/span><\/h2>\n<h2><\/h2>\n<h2><span style=\"color: #000000;\"><strong><span style=\"text-decoration: underline;\">Pour y acc\u00e9der, cliquer sur le lien ci-dessous:<\/span><\/strong><\/span><\/h2>\n<h2><span style=\"color: #0000ff;\"><em><strong><a href=\"https:\/\/se.csbe.qc.ca\/universsocial\/files\/2012\/10\/PDA-Histoire-20e-si\u00e8cle-Pr\u00e9cision1.pdf\" target=\"_blank\"><span style=\"color: #0000ff;\">PDA &#8211; Histoire 20e si\u00e8cle (Pr\u00e9cision)<\/span><\/a><\/strong><\/em><\/span><\/h2>\n<!-- WP Attachments -->\r\n        <div style=\"width:100%;margin:10px 0 10px 0;\">\r\n            <h3>Attachments<\/h3>\r\n        <ul class=\"post-attachments\"><li class=\"post-attachment mime-application-pdf\"><a href=\"https:\/\/se.csbe.qc.ca\/universsocial\/files\/2012\/10\/PDA-Histoire-20e-si\u00e8cle-Pr\u00e9cision.pdf\">PDA - Histoire 20e si\u00e8cle (Pr\u00e9cision)<\/a> <small>(516 kB)<\/small><\/li><li class=\"post-attachment mime-application-pdf\"><a href=\"https:\/\/se.csbe.qc.ca\/universsocial\/files\/2012\/10\/PDA-Histoire-20e-si\u00e8cle-Pr\u00e9cision1.pdf\">PDA - Histoire 20e si\u00e8cle (Pr\u00e9cision)<\/a> <small>(561 kB)<\/small><\/li><\/ul><\/div><\/div>","protected":false},"excerpt":{"rendered":"<div class=\"page-restrict-output\"><p>Voici le document de la \u00ab\u00a0pr\u00e9cision\u00a0\u00bb des apprentissages en histoire du 20e si\u00e8cle. Pour y acc\u00e9der, cliquer sur le lien ci-dessous: PDA &#8211; Histoire 20e si\u00e8cle (Pr\u00e9cision) Attachments PDA &#8211; Histoire 20e si\u00e8cle (Pr\u00e9cision) (516 kB)PDA &#8211; Histoire 20e si\u00e8cle (Pr\u00e9cision) (561 kB)<\/p>\n<\/div>","protected":false},"author":9,"featured_media":0,"parent":0,"menu_order":0,"comment_status":"open","ping_status":"closed","template":"","meta":{"footnotes":""},"class_list":["post-162","page","type-page","status-publish","hentry","nodate","item-wrap"],"_links":{"self":[{"href":"https:\/\/se.csbe.qc.ca\/universsocial\/wp-json\/wp\/v2\/pages\/162","targetHints":{"allow":["GET"]}}],"collection":[{"href":"https:\/\/se.csbe.qc.ca\/universsocial\/wp-json\/wp\/v2\/pages"}],"about":[{"href":"https:\/\/se.csbe.qc.ca\/universsocial\/wp-json\/wp\/v2\/types\/page"}],"author":[{"embeddable":true,"href":"https:\/\/se.csbe.qc.ca\/universsocial\/wp-json\/wp\/v2\/users\/9"}],"replies":[{"embeddable":true,"href":"https:\/\/se.csbe.qc.ca\/universsocial\/wp-json\/wp\/v2\/comments?post=162"}],"version-history":[{"count":10,"href":"https:\/\/se.csbe.qc.ca\/universsocial\/wp-json\/wp\/v2\/pages\/162\/revisions"}],"predecessor-version":[{"id":2987,"href":"https:\/\/se.csbe.qc.ca\/universsocial\/wp-json\/wp\/v2\/pages\/162\/revisions\/2987"}],"wp:attachment":[{"href":"https:\/\/se.csbe.qc.ca\/universsocial\/wp-json\/wp\/v2\/media?parent=162"}],"curies":[{"name":"wp","href":"https:\/\/api.w.org\/{rel}","templated":true}]}}