{"id":158,"date":"2012-10-26T18:39:27","date_gmt":"2012-10-26T17:39:27","guid":{"rendered":"https:\/\/se.csbe.qc.ca\/universsocial\/?page_id=158"},"modified":"2014-10-21T14:48:10","modified_gmt":"2014-10-21T18:48:10","slug":"precision-des-apprentissages-geographie-culturelle","status":"publish","type":"page","link":"https:\/\/se.csbe.qc.ca\/universsocial\/precision-des-apprentissages-geographie-culturelle\/","title":{"rendered":"Pr\u00e9cision des apprentissages (PDA) &#8211; G\u00e9ographie culturelle"},"content":{"rendered":"<div class=\"page-restrict-output\"><h2><span style=\"color: #000000;\"><strong>Voici le document de la pr\u00e9cision des apprentissages en g\u00e9ographie culturelle.<\/strong><\/span><\/h2>\n<h2><\/h2>\n<h2><span style=\"color: #000000;\"><strong><span style=\"text-decoration: underline;\">Pour y acc\u00e9der, cliquer sur le lien ci-dessous:<\/span><\/strong><\/span><\/h2>\n<h2><span style=\"color: #0000ff;\"><strong><em><a href=\"https:\/\/se.csbe.qc.ca\/universsocial\/files\/2012\/10\/PDA-G\u00e9ographie-Culturelle-Pr\u00e9cision1.pdf\" target=\"_blank\"><span style=\"color: #0000ff;\">PDA &#8211; G\u00e9ographie Culturelle (Pr\u00e9cision)<\/span><\/a><\/em><\/strong><\/span><\/h2>\n<!-- WP Attachments -->\r\n        <div style=\"width:100%;margin:10px 0 10px 0;\">\r\n            <h3>Attachments<\/h3>\r\n        <ul class=\"post-attachments\"><li class=\"post-attachment mime-application-pdf\"><a href=\"https:\/\/se.csbe.qc.ca\/universsocial\/files\/2012\/10\/PDA-G\u00e9ographie-Culturelle-Pr\u00e9cision.pdf\">PDA - G\u00e9ographie Culturelle (Pr\u00e9cision)<\/a> <small>(2 MB)<\/small><\/li><li class=\"post-attachment mime-application-pdf\"><a href=\"https:\/\/se.csbe.qc.ca\/universsocial\/files\/2012\/10\/PDA-G\u00e9ographie-Culturelle-Pr\u00e9cision1.pdf\">PDA - G\u00e9ographie Culturelle (Pr\u00e9cision)<\/a> <small>(441 kB)<\/small><\/li><\/ul><\/div><\/div>","protected":false},"excerpt":{"rendered":"<div class=\"page-restrict-output\"><p>Voici le document de la pr\u00e9cision des apprentissages en g\u00e9ographie culturelle. Pour y acc\u00e9der, cliquer sur le lien ci-dessous: PDA &#8211; G\u00e9ographie Culturelle (Pr\u00e9cision) Attachments PDA &#8211; G\u00e9ographie Culturelle (Pr\u00e9cision) (2 MB)PDA &#8211; G\u00e9ographie Culturelle (Pr\u00e9cision) (441 kB)<\/p>\n<\/div>","protected":false},"author":9,"featured_media":0,"parent":0,"menu_order":0,"comment_status":"open","ping_status":"closed","template":"","meta":{"footnotes":""},"class_list":["post-158","page","type-page","status-publish","hentry","nodate","item-wrap"],"_links":{"self":[{"href":"https:\/\/se.csbe.qc.ca\/universsocial\/wp-json\/wp\/v2\/pages\/158","targetHints":{"allow":["GET"]}}],"collection":[{"href":"https:\/\/se.csbe.qc.ca\/universsocial\/wp-json\/wp\/v2\/pages"}],"about":[{"href":"https:\/\/se.csbe.qc.ca\/universsocial\/wp-json\/wp\/v2\/types\/page"}],"author":[{"embeddable":true,"href":"https:\/\/se.csbe.qc.ca\/universsocial\/wp-json\/wp\/v2\/users\/9"}],"replies":[{"embeddable":true,"href":"https:\/\/se.csbe.qc.ca\/universsocial\/wp-json\/wp\/v2\/comments?post=158"}],"version-history":[{"count":10,"href":"https:\/\/se.csbe.qc.ca\/universsocial\/wp-json\/wp\/v2\/pages\/158\/revisions"}],"predecessor-version":[{"id":2981,"href":"https:\/\/se.csbe.qc.ca\/universsocial\/wp-json\/wp\/v2\/pages\/158\/revisions\/2981"}],"wp:attachment":[{"href":"https:\/\/se.csbe.qc.ca\/universsocial\/wp-json\/wp\/v2\/media?parent=158"}],"curies":[{"name":"wp","href":"https:\/\/api.w.org\/{rel}","templated":true}]}}