{"id":1530,"date":"2013-04-08T09:52:09","date_gmt":"2013-04-08T13:52:09","guid":{"rendered":"https:\/\/se.csbe.qc.ca\/universsocial\/?page_id=1530"},"modified":"2013-12-19T10:11:18","modified_gmt":"2013-12-19T15:11:18","slug":"richesse-apprentissage-autonome","status":"publish","type":"page","link":"https:\/\/se.csbe.qc.ca\/universsocial\/richesse-apprentissage-autonome\/","title":{"rendered":"Richesse &#8211; Projet d&rsquo;apprentissage autonome"},"content":{"rendered":"<div class=\"page-restrict-output\"><h2><span style=\"color: #000000;\">Mme Sophie Cliche a mis sur pied un projet d&rsquo;apprentissage autonome\/enseignement invers\u00e9 pour la majeure partie du module \u00ab\u00a0Richesse\u00a0\u00bb, en lien aussi avec des \u00e9l\u00e9ments du module \u00ab\u00a0Pouvoir\u00a0\u00bb.<\/span><\/h2>\n<h2><span style=\"color: #000000;\">\u00a0<\/span><\/h2>\n<h2><span style=\"color: #000000;\">Aucun enseignement n&rsquo;est n\u00e9cessaire. Les \u00e9l\u00e8ves apprennent de mani\u00e8re autonome gr\u00e2ce \u00e0 des capsules th\u00e9oriques en vid\u00e9o!<\/span><\/h2>\n<h2><\/h2>\n<h2><span style=\"color: #000000;\">Il est recommand\u00e9 d&rsquo;utiliser l&rsquo;enseignement invers\u00e9 d&rsquo;abord, donc de demander aux \u00e9l\u00e8ves d&rsquo;avoir visionn\u00e9 les capsules \u00e0 la maison AVANT de d\u00e9buter le projet. Cependant, ils peuvent \u00e9galement les visionner en tout temps durant la r\u00e9alisation du projet&#8230;<\/span><\/h2>\n<h2><\/h2>\n<h2><span style=\"color: #000000;\"><strong><span style=\"text-decoration: underline;\">Les sujets de recherche du projet sont les suivants:<\/span><\/strong><\/span><\/h2>\n<ul>\n<li>\n<h3><span style=\"line-height: 12px; color: #800000;\"><em>D&rsquo;o\u00f9 vient la nourriture que nous mangeons?<\/em><br \/>\n<\/span><\/h3>\n<\/li>\n<li>\n<h3><span style=\"color: #800000;\"><em>D&rsquo;o\u00f9 viennent les v\u00eatements que nous portons?<\/em><\/span><\/h3>\n<\/li>\n<li>\n<h3><span style=\"color: #800000;\"><em>D&rsquo;o\u00f9 vient l&rsquo;essence dans ma voiture?<\/em><\/span><\/h3>\n<\/li>\n<\/ul>\n<h2><\/h2>\n<h2><span style=\"text-decoration: underline;\"><strong><span style=\"color: #000000; text-decoration: underline;\">Pour acc\u00e9der aux documents, cliquer sur l&rsquo;un des liens ci-dessous:<\/span><\/strong><\/span><\/h2>\n<h2><span style=\"color: #0000ff;\"><strong><em><a href=\"https:\/\/se.csbe.qc.ca\/universsocial\/files\/2013\/04\/Qui-fabrique-mes-vetements.docx\"><span style=\"color: #0000ff;\">Qui fabrique mes vetements<\/span><\/a><\/em><\/strong><\/span><\/h2>\n<h2><span style=\"color: #0000ff;\"><strong><em><a href=\"https:\/\/se.csbe.qc.ca\/universsocial\/files\/2013\/04\/Dou-vient-lessence-dans-mon-auto1.docx\"><span style=\"color: #0000ff;\">D&rsquo;ou vient l&rsquo;essence dans mon auto<\/span><\/a><\/em><\/strong><\/span><\/h2>\n<h2><span style=\"color: #0000ff;\"><strong><em><a href=\"https:\/\/se.csbe.qc.ca\/universsocial\/files\/2013\/04\/Dou-vient-ce-que-nous-mangeons.docx\"><span style=\"color: #0000ff;\">D&rsquo;ou vient ce que nous mangeons<\/span><\/a><\/em><\/strong><\/span><\/h2>\n<h2><span style=\"color: #0000ff;\"><strong><em><a href=\"https:\/\/se.csbe.qc.ca\/universsocial\/files\/2013\/04\/Notes-de-cours.docx\"><span style=\"color: #0000ff;\">Notes de cours<\/span><\/a><\/em><\/strong><\/span><\/h2>\n<!-- WP Attachments -->\r\n        <div style=\"width:100%;margin:10px 0 10px 0;\">\r\n            <h3>Attachments<\/h3>\r\n        <ul class=\"post-attachments\"><li class=\"post-attachment mime-application-vnd-openxmlformats-officedocument-wordprocessingml-document\"><a href=\"https:\/\/se.csbe.qc.ca\/universsocial\/files\/2013\/04\/Dou-vient-ce-que-nous-mangeons.docx\">D'ou vient ce que nous mangeons<\/a> <small>(21 kB)<\/small><\/li><li class=\"post-attachment mime-application-vnd-openxmlformats-officedocument-wordprocessingml-document\"><a href=\"https:\/\/se.csbe.qc.ca\/universsocial\/files\/2013\/04\/Dou-vient-lessence-dans-mon-auto.docx\">D'ou vient l'essence dans mon auto<\/a> <small>(21 kB)<\/small><\/li><li class=\"post-attachment mime-application-vnd-openxmlformats-officedocument-wordprocessingml-document\"><a href=\"https:\/\/se.csbe.qc.ca\/universsocial\/files\/2013\/04\/Qui-fabrique-mes-vetements.docx\">Qui fabrique mes vetements<\/a> <small>(21 kB)<\/small><\/li><li class=\"post-attachment mime-application-vnd-openxmlformats-officedocument-wordprocessingml-document\"><a href=\"https:\/\/se.csbe.qc.ca\/universsocial\/files\/2013\/04\/Dou-vient-lessence-dans-mon-auto1.docx\">D'ou vient l'essence dans mon auto<\/a> <small>(21 kB)<\/small><\/li><li class=\"post-attachment mime-application-vnd-openxmlformats-officedocument-wordprocessingml-document\"><a href=\"https:\/\/se.csbe.qc.ca\/universsocial\/files\/2013\/04\/Notes-de-cours.docx\">Notes de cours<\/a> <small>(87 kB)<\/small><\/li><\/ul><\/div><\/div>","protected":false},"excerpt":{"rendered":"<div class=\"page-restrict-output\"><p>Mme Sophie Cliche a mis sur pied un projet d&rsquo;apprentissage autonome\/enseignement invers\u00e9 pour la majeure partie du module \u00ab\u00a0Richesse\u00a0\u00bb, en lien aussi avec des \u00e9l\u00e9ments du module \u00ab\u00a0Pouvoir\u00a0\u00bb. \u00a0 Aucun enseignement n&rsquo;est n\u00e9cessaire. Les \u00e9l\u00e8ves apprennent de mani\u00e8re autonome gr\u00e2ce \u00e0 des capsules th\u00e9oriques en vid\u00e9o! Il est recommand\u00e9 d&rsquo;utiliser l&rsquo;enseignement invers\u00e9 d&rsquo;abord, donc de &hellip; <\/p>\n<p><a class=\"more-link btn\" href=\"https:\/\/se.csbe.qc.ca\/universsocial\/richesse-apprentissage-autonome\/\">Lire la suite<\/a><\/p>\n<\/div>","protected":false},"author":9,"featured_media":0,"parent":0,"menu_order":0,"comment_status":"open","ping_status":"open","template":"","meta":{"footnotes":""},"class_list":["post-1530","page","type-page","status-publish","hentry","nodate","item-wrap"],"_links":{"self":[{"href":"https:\/\/se.csbe.qc.ca\/universsocial\/wp-json\/wp\/v2\/pages\/1530","targetHints":{"allow":["GET"]}}],"collection":[{"href":"https:\/\/se.csbe.qc.ca\/universsocial\/wp-json\/wp\/v2\/pages"}],"about":[{"href":"https:\/\/se.csbe.qc.ca\/universsocial\/wp-json\/wp\/v2\/types\/page"}],"author":[{"embeddable":true,"href":"https:\/\/se.csbe.qc.ca\/universsocial\/wp-json\/wp\/v2\/users\/9"}],"replies":[{"embeddable":true,"href":"https:\/\/se.csbe.qc.ca\/universsocial\/wp-json\/wp\/v2\/comments?post=1530"}],"version-history":[{"count":7,"href":"https:\/\/se.csbe.qc.ca\/universsocial\/wp-json\/wp\/v2\/pages\/1530\/revisions"}],"predecessor-version":[{"id":2327,"href":"https:\/\/se.csbe.qc.ca\/universsocial\/wp-json\/wp\/v2\/pages\/1530\/revisions\/2327"}],"wp:attachment":[{"href":"https:\/\/se.csbe.qc.ca\/universsocial\/wp-json\/wp\/v2\/media?parent=1530"}],"curies":[{"name":"wp","href":"https:\/\/api.w.org\/{rel}","templated":true}]}}