{"id":1431,"date":"2013-02-19T14:40:59","date_gmt":"2013-02-19T19:40:59","guid":{"rendered":"https:\/\/se.csbe.qc.ca\/universsocial\/?page_id=1431"},"modified":"2013-08-27T12:44:18","modified_gmt":"2013-08-27T16:44:18","slug":"operations-intellectuelles-banque-de-questions","status":"publish","type":"page","link":"https:\/\/se.csbe.qc.ca\/universsocial\/operations-intellectuelles-banque-de-questions\/","title":{"rendered":"Banques d&rsquo;exercices sur les op\u00e9rations intellectuelles (Sec.4)"},"content":{"rendered":"<div class=\"page-restrict-output\"><h2><strong><span style=\"color: #000000;\">Voici les 4 banques de questions bas\u00e9es sur les op\u00e9rations intellectuelles. Au total, elles constituent un corpus de pr\u00e8s de 350 exercices de tous genres, conformes \u00e0 la progression des apprentissages et aux op\u00e9rations intellectuelles.\u00a0<\/span><\/strong><\/h2>\n<h2><\/h2>\n<p>&nbsp;<\/p>\n<blockquote>\n<h2><strong><em><span style=\"color: #000080;\">Il y a une quantit\u00e9 \u00e9norme de travail dans ces documents&#8230; de recherche, d&rsquo;\u00e9laboration, de r\u00e9vision, de mise en page&#8230; merci \u00e0 tous ceux qui s&rsquo;y sont impliqu\u00e9s! Pour ceux qui en b\u00e9n\u00e9ficient, soyez conscients des efforts d\u00e9ploy\u00e9s et profitez bien de cet outil!<\/span><\/em><\/strong><\/h2>\n<h2 style=\"text-align: right;\"><strong><em><span style=\"color: #000080;\">Vincent Lemieux<\/span><\/em><\/strong><\/h2>\n<\/blockquote>\n<h2><\/h2>\n<p>&nbsp;<\/p>\n<h2><strong><span style=\"text-decoration: underline;\"><span style=\"color: #000000; text-decoration: underline;\">Dans ces banques, vous retrouverez les 4 r\u00e9alit\u00e9s suivantes:<\/span><\/span><\/strong><\/h2>\n<ul>\n<li>\n<h3><strong><span style=\"color: #800000;\"><em><span style=\"line-height: 12px;\">Population et peuplement<\/span><\/em><span style=\"line-height: 12px;\"><br \/>\n<\/span><\/span><\/strong><\/h3>\n<\/li>\n<li>\n<h3><strong><span style=\"color: #800000;\"><em>\u00c9conomie et d\u00e9veloppement<\/em><\/span><\/strong><\/h3>\n<\/li>\n<li>\n<h3><strong><span style=\"color: #800000;\"><em>Culture et mouvements de pens\u00e9e\u00a0<\/em><\/span><\/strong><\/h3>\n<\/li>\n<li>\n<h3><strong><span style=\"color: #800000;\"><em>Pouvoir et pouvoirs<\/em><\/span><\/strong><\/h3>\n<\/li>\n<\/ul>\n<h2><\/h2>\n<h2><\/h2>\n<p>&nbsp;<\/p>\n<h2><strong><span style=\"color: #000000;\">Pour <span style=\"text-decoration: underline;\">CHAQUE<\/span> r\u00e9alit\u00e9, vous retrouverez en moyenne une dizaine d&rsquo;exercices pour <span style=\"text-decoration: underline;\">CHACUNE<\/span> des op\u00e9rations suivantes:<\/span><\/strong><\/h2>\n<ul>\n<li>\n<h3><strong><em><span style=\"line-height: 12px; color: #800000;\">\u00c9tablir des faits<\/span><\/em><\/strong><\/h3>\n<\/li>\n<li>\n<h3><strong><em><span style=\"color: #800000;\">Situer dans le temps et dans l&rsquo;espace<\/span><\/em><\/strong><\/h3>\n<\/li>\n<li>\n<h3><strong><em><span style=\"color: #800000;\">Caract\u00e9riser une r\u00e9alit\u00e9 historique<\/span><\/em><\/strong><\/h3>\n<\/li>\n<li>\n<h3><strong><em><span style=\"color: #800000;\">\u00c9tablir des comparaisons<\/span><\/em><\/strong><\/h3>\n<\/li>\n<li>\n<h3><strong><em><span style=\"color: #800000;\">D\u00e9terminer des facteurs explicatifs et des cons\u00e9quences<\/span><\/em><\/strong><\/h3>\n<\/li>\n<li>\n<h3><strong><em><span style=\"color: #800000;\">D\u00e9terminer des \u00e9l\u00e9ments de continuit\u00e9 et des changements<\/span><\/em><\/strong><\/h3>\n<\/li>\n<li>\n<h3><strong><em><span style=\"color: #800000;\">Mettre en relation des faits<\/span><\/em><\/strong><\/h3>\n<\/li>\n<li>\n<h3><strong><em><span style=\"color: #800000;\">\u00c9tablir des liens de causalit\u00e9<\/span><\/em><\/strong><\/h3>\n<\/li>\n<\/ul>\n<p>&nbsp;<\/p>\n<p>&nbsp;<\/p>\n<h2><span style=\"text-decoration: underline; color: #000000;\"><strong>Pour t\u00e9l\u00e9charger chacune des banques, cliquez sur les liens ci-dessous:<\/strong><\/span><\/h2>\n<h2><span style=\"color: #0000ff;\"><em><strong><a href=\"https:\/\/se.csbe.qc.ca\/universsocial\/files\/2013\/02\/Banque-de-questions-Population-et-peuplement1.docx\" target=\"_blank\"><span style=\"color: #0000ff;\">Banque de questions &#8211; Population et peuplement<\/span><\/a><\/strong><\/em><\/span><\/h2>\n<h2><span style=\"color: #0000ff;\"><em><strong><a href=\"https:\/\/se.csbe.qc.ca\/universsocial\/files\/2013\/02\/Banque-de-questions-\u00c9conomie-et-d\u00e9veloppement1.docx\" target=\"_blank\"><span style=\"color: #0000ff;\">Banque de questions &#8211; \u00c9conomie et d\u00e9veloppement<\/span><\/a><\/strong><\/em><\/span><\/h2>\n<h2><span style=\"color: #0000ff;\"><em><strong><a href=\"https:\/\/se.csbe.qc.ca\/universsocial\/files\/2013\/02\/Banque-de-questions-Culture-et-mouvements-de-pens\u00e9e1.docx\" target=\"_blank\"><span style=\"color: #0000ff;\">Banque de questions &#8211; Culture et mouvements de pens\u00e9e<\/span><\/a><\/strong><\/em><\/span><\/h2>\n<h2><span style=\"color: #0000ff;\"><em><strong><a href=\"https:\/\/se.csbe.qc.ca\/universsocial\/files\/2013\/02\/Banque-de-questions-Pouvoir-et-pouvoirs2.docx\" target=\"_blank\"><span style=\"color: #0000ff;\">Banque de questions &#8211; Pouvoir et pouvoirs<\/span><\/a><\/strong><\/em><\/span><\/h2>\n<p>&nbsp;<\/p>\n<h2><\/h2>\n<p>&nbsp;<\/p>\n<!-- WP Attachments -->\r\n        <div style=\"width:100%;margin:10px 0 10px 0;\">\r\n            <h3>Attachments<\/h3>\r\n        <ul class=\"post-attachments\"><li class=\"post-attachment mime-application-vnd-openxmlformats-officedocument-wordprocessingml-document\"><a href=\"https:\/\/se.csbe.qc.ca\/universsocial\/files\/2013\/02\/Banque-de-questions-Population-et-peuplement.docx\">Banque de questions - Population et peuplement<\/a> <small>(11 MB)<\/small><\/li><li class=\"post-attachment mime-application-vnd-openxmlformats-officedocument-wordprocessingml-document\"><a href=\"https:\/\/se.csbe.qc.ca\/universsocial\/files\/2013\/02\/Banque-de-questions-\u00c9conomie-et-d\u00e9veloppement.docx\">Banque de questions - \u00c9conomie et d\u00e9veloppement<\/a> <small>(15 MB)<\/small><\/li><li class=\"post-attachment mime-application-vnd-openxmlformats-officedocument-wordprocessingml-document\"><a href=\"https:\/\/se.csbe.qc.ca\/universsocial\/files\/2013\/02\/Banque-de-questions-Culture-et-mouvements-de-pens\u00e9e.docx\">Banque de questions - Culture et mouvements de pens\u00e9e<\/a> <small>(5 MB)<\/small><\/li><li class=\"post-attachment mime-application-vnd-openxmlformats-officedocument-wordprocessingml-document\"><a href=\"https:\/\/se.csbe.qc.ca\/universsocial\/files\/2013\/02\/Banque-de-questions-Pouvoir-et-pouvoirs.docx\">Banque de questions - Pouvoir et pouvoirs<\/a> <small>(6 MB)<\/small><\/li><li class=\"post-attachment mime-application-vnd-openxmlformats-officedocument-wordprocessingml-document\"><a href=\"https:\/\/se.csbe.qc.ca\/universsocial\/files\/2013\/02\/Banque-de-questions-Pouvoir-et-pouvoirs1.docx\">Banque de questions - Pouvoir et pouvoirs<\/a> <small>(6 MB)<\/small><\/li><li class=\"post-attachment mime-application-vnd-openxmlformats-officedocument-wordprocessingml-document\"><a href=\"https:\/\/se.csbe.qc.ca\/universsocial\/files\/2013\/02\/Banque-de-questions-Population-et-peuplement1.docx\">Banque de questions - Population et peuplement<\/a> <small>(11 MB)<\/small><\/li><li class=\"post-attachment mime-application-vnd-openxmlformats-officedocument-wordprocessingml-document\"><a href=\"https:\/\/se.csbe.qc.ca\/universsocial\/files\/2013\/02\/Banque-de-questions-\u00c9conomie-et-d\u00e9veloppement1.docx\">Banque de questions - \u00c9conomie et d\u00e9veloppement<\/a> <small>(15 MB)<\/small><\/li><li class=\"post-attachment mime-application-vnd-openxmlformats-officedocument-wordprocessingml-document\"><a href=\"https:\/\/se.csbe.qc.ca\/universsocial\/files\/2013\/02\/Banque-de-questions-Culture-et-mouvements-de-pens\u00e9e1.docx\">Banque de questions - Culture et mouvements de pens\u00e9e<\/a> <small>(5 MB)<\/small><\/li><li class=\"post-attachment mime-application-vnd-openxmlformats-officedocument-wordprocessingml-document\"><a href=\"https:\/\/se.csbe.qc.ca\/universsocial\/files\/2013\/02\/Banque-de-questions-Pouvoir-et-pouvoirs2.docx\">Banque de questions - Pouvoir et pouvoirs<\/a> <small>(6 MB)<\/small><\/li><\/ul><\/div><\/div>","protected":false},"excerpt":{"rendered":"<div class=\"page-restrict-output\"><p>Voici les 4 banques de questions bas\u00e9es sur les op\u00e9rations intellectuelles. Au total, elles constituent un corpus de pr\u00e8s de 350 exercices de tous genres, conformes \u00e0 la progression des apprentissages et aux op\u00e9rations intellectuelles.\u00a0 &nbsp; Il y a une quantit\u00e9 \u00e9norme de travail dans ces documents&#8230; de recherche, d&rsquo;\u00e9laboration, de r\u00e9vision, de mise en &hellip; <\/p>\n<p><a class=\"more-link btn\" href=\"https:\/\/se.csbe.qc.ca\/universsocial\/operations-intellectuelles-banque-de-questions\/\">Lire la suite<\/a><\/p>\n<\/div>","protected":false},"author":9,"featured_media":0,"parent":0,"menu_order":0,"comment_status":"open","ping_status":"open","template":"","meta":{"footnotes":""},"class_list":["post-1431","page","type-page","status-publish","hentry","nodate","item-wrap"],"_links":{"self":[{"href":"https:\/\/se.csbe.qc.ca\/universsocial\/wp-json\/wp\/v2\/pages\/1431","targetHints":{"allow":["GET"]}}],"collection":[{"href":"https:\/\/se.csbe.qc.ca\/universsocial\/wp-json\/wp\/v2\/pages"}],"about":[{"href":"https:\/\/se.csbe.qc.ca\/universsocial\/wp-json\/wp\/v2\/types\/page"}],"author":[{"embeddable":true,"href":"https:\/\/se.csbe.qc.ca\/universsocial\/wp-json\/wp\/v2\/users\/9"}],"replies":[{"embeddable":true,"href":"https:\/\/se.csbe.qc.ca\/universsocial\/wp-json\/wp\/v2\/comments?post=1431"}],"version-history":[{"count":10,"href":"https:\/\/se.csbe.qc.ca\/universsocial\/wp-json\/wp\/v2\/pages\/1431\/revisions"}],"predecessor-version":[{"id":1437,"href":"https:\/\/se.csbe.qc.ca\/universsocial\/wp-json\/wp\/v2\/pages\/1431\/revisions\/1437"}],"wp:attachment":[{"href":"https:\/\/se.csbe.qc.ca\/universsocial\/wp-json\/wp\/v2\/media?parent=1431"}],"curies":[{"name":"wp","href":"https:\/\/api.w.org\/{rel}","templated":true}]}}