{"id":1421,"date":"2013-02-18T11:05:39","date_gmt":"2013-02-18T16:05:39","guid":{"rendered":"https:\/\/se.csbe.qc.ca\/universsocial\/?page_id=1421"},"modified":"2016-10-14T10:21:15","modified_gmt":"2016-10-14T14:21:15","slug":"operations-intellectuelles-tutoriels-video-csbe","status":"publish","type":"page","link":"https:\/\/se.csbe.qc.ca\/universsocial\/operations-intellectuelles-tutoriels-video-csbe\/","title":{"rendered":"Op\u00e9rations intellectuelles &#8211; Tutoriels vid\u00e9o CSBE"},"content":{"rendered":"<div class=\"page-restrict-output\"><h2><span style=\"color: #000000;\">Voici le lien direct vers la section des capsules vid\u00e9o en univers social de la CSBE.<\/span><\/h2>\n<h2><\/h2>\n<h2><span style=\"color: #000000;\">C&rsquo;est l\u00e0 que vous trouverez les tutoriels vid\u00e9o sur chacune des op\u00e9rations intellectuelles&#8230;<\/span><\/h2>\n<h2><\/h2>\n<h2><a href=\"http:\/\/csbe.tv\/videos\/univers-social\/\">http:\/\/csbe.tv\/videos\/univers-social\/<\/a><\/h2>\n<\/div>","protected":false},"excerpt":{"rendered":"<div class=\"page-restrict-output\"><p>Voici le lien direct vers la section des capsules vid\u00e9o en univers social de la CSBE. C&rsquo;est l\u00e0 que vous trouverez les tutoriels vid\u00e9o sur chacune des op\u00e9rations intellectuelles&#8230; http:\/\/csbe.tv\/videos\/univers-social\/<\/p>\n<\/div>","protected":false},"author":9,"featured_media":0,"parent":0,"menu_order":0,"comment_status":"open","ping_status":"open","template":"","meta":{"footnotes":""},"class_list":["post-1421","page","type-page","status-publish","hentry","nodate","item-wrap"],"_links":{"self":[{"href":"https:\/\/se.csbe.qc.ca\/universsocial\/wp-json\/wp\/v2\/pages\/1421","targetHints":{"allow":["GET"]}}],"collection":[{"href":"https:\/\/se.csbe.qc.ca\/universsocial\/wp-json\/wp\/v2\/pages"}],"about":[{"href":"https:\/\/se.csbe.qc.ca\/universsocial\/wp-json\/wp\/v2\/types\/page"}],"author":[{"embeddable":true,"href":"https:\/\/se.csbe.qc.ca\/universsocial\/wp-json\/wp\/v2\/users\/9"}],"replies":[{"embeddable":true,"href":"https:\/\/se.csbe.qc.ca\/universsocial\/wp-json\/wp\/v2\/comments?post=1421"}],"version-history":[{"count":3,"href":"https:\/\/se.csbe.qc.ca\/universsocial\/wp-json\/wp\/v2\/pages\/1421\/revisions"}],"predecessor-version":[{"id":5013,"href":"https:\/\/se.csbe.qc.ca\/universsocial\/wp-json\/wp\/v2\/pages\/1421\/revisions\/5013"}],"wp:attachment":[{"href":"https:\/\/se.csbe.qc.ca\/universsocial\/wp-json\/wp\/v2\/media?parent=1421"}],"curies":[{"name":"wp","href":"https:\/\/api.w.org\/{rel}","templated":true}]}}