{"id":1402,"date":"2013-02-13T10:01:24","date_gmt":"2013-02-13T15:01:24","guid":{"rendered":"https:\/\/se.csbe.qc.ca\/universsocial\/?page_id=1402"},"modified":"2013-02-13T10:03:57","modified_gmt":"2013-02-13T15:03:57","slug":"les-ressources-en-ligne-en-univers-social-15022013","status":"publish","type":"page","link":"https:\/\/se.csbe.qc.ca\/universsocial\/les-ressources-en-ligne-en-univers-social-15022013\/","title":{"rendered":"Les ressources en ligne en univers social (15\/02\/2013)"},"content":{"rendered":"<div class=\"page-restrict-output\"><h2><span style=\"color: #000000;\">Voici tous les documents accompagnant le perfectionnement sur \u00a0les ressources en ligne que j&rsquo;ai donn\u00e9e le 15 f\u00e9vrier 2013 en apr\u00e8s-midi.<\/span><\/h2>\n<h2><span style=\"color: #000000;\">\u00a0<\/span><\/h2>\n<h2><span style=\"text-decoration: underline; color: #000000;\">Pour les t\u00e9l\u00e9charger, cliquer sur le lien ci-dessous:<\/span><\/h2>\n<h2><em><strong><a href=\"https:\/\/se.csbe.qc.ca\/universsocial\/files\/2013\/02\/Formation-Ressources-en-ligne-en-univers-social.notebook\"><a href=\"https:\/\/se.csbe.qc.ca\/universsocial\/files\/2013\/02\/Les-ressources-en-ligne-en-univers-social.notebook\" target=\"_blank\">Les ressources en ligne en univers social<\/a><\/a><\/strong><\/em><\/h2>\n<!-- WP Attachments -->\r\n        <div style=\"width:100%;margin:10px 0 10px 0;\">\r\n            <h3>Attachments<\/h3>\r\n        <ul class=\"post-attachments\"><li class=\"post-attachment mime-application-x-smarttech-notebook\"><a href=\"https:\/\/se.csbe.qc.ca\/universsocial\/files\/2013\/02\/Formation-Ressources-en-ligne-en-univers-social.notebook\">Formation - Ressources en ligne en univers social<\/a> <small>(15 MB)<\/small><\/li><li class=\"post-attachment mime-application-x-smarttech-notebook\"><a href=\"https:\/\/se.csbe.qc.ca\/universsocial\/files\/2013\/02\/Les-ressources-en-ligne-en-univers-social.notebook\">Les ressources en ligne en univers social<\/a> <small>(15 MB)<\/small><\/li><\/ul><\/div><\/div>","protected":false},"excerpt":{"rendered":"<div class=\"page-restrict-output\"><p>Voici tous les documents accompagnant le perfectionnement sur \u00a0les ressources en ligne que j&rsquo;ai donn\u00e9e le 15 f\u00e9vrier 2013 en apr\u00e8s-midi. \u00a0 Pour les t\u00e9l\u00e9charger, cliquer sur le lien ci-dessous: Les ressources en ligne en univers social Attachments Formation &#8211; Ressources en ligne en univers social (15 MB)Les ressources en ligne en univers social (15 &hellip; <\/p>\n<p><a class=\"more-link btn\" href=\"https:\/\/se.csbe.qc.ca\/universsocial\/les-ressources-en-ligne-en-univers-social-15022013\/\">Lire la suite<\/a><\/p>\n<\/div>","protected":false},"author":9,"featured_media":0,"parent":0,"menu_order":0,"comment_status":"open","ping_status":"open","template":"","meta":{"footnotes":""},"class_list":["post-1402","page","type-page","status-publish","hentry","nodate","item-wrap"],"_links":{"self":[{"href":"https:\/\/se.csbe.qc.ca\/universsocial\/wp-json\/wp\/v2\/pages\/1402","targetHints":{"allow":["GET"]}}],"collection":[{"href":"https:\/\/se.csbe.qc.ca\/universsocial\/wp-json\/wp\/v2\/pages"}],"about":[{"href":"https:\/\/se.csbe.qc.ca\/universsocial\/wp-json\/wp\/v2\/types\/page"}],"author":[{"embeddable":true,"href":"https:\/\/se.csbe.qc.ca\/universsocial\/wp-json\/wp\/v2\/users\/9"}],"replies":[{"embeddable":true,"href":"https:\/\/se.csbe.qc.ca\/universsocial\/wp-json\/wp\/v2\/comments?post=1402"}],"version-history":[{"count":3,"href":"https:\/\/se.csbe.qc.ca\/universsocial\/wp-json\/wp\/v2\/pages\/1402\/revisions"}],"predecessor-version":[{"id":1409,"href":"https:\/\/se.csbe.qc.ca\/universsocial\/wp-json\/wp\/v2\/pages\/1402\/revisions\/1409"}],"wp:attachment":[{"href":"https:\/\/se.csbe.qc.ca\/universsocial\/wp-json\/wp\/v2\/media?parent=1402"}],"curies":[{"name":"wp","href":"https:\/\/api.w.org\/{rel}","templated":true}]}}