{"id":1398,"date":"2013-02-13T09:58:45","date_gmt":"2013-02-13T14:58:45","guid":{"rendered":"https:\/\/se.csbe.qc.ca\/universsocial\/?page_id=1398"},"modified":"2013-02-15T14:31:21","modified_gmt":"2013-02-15T19:31:21","slug":"les-operations-intellectuelles-laffaire-de-tous-15022013","status":"publish","type":"page","link":"https:\/\/se.csbe.qc.ca\/universsocial\/les-operations-intellectuelles-laffaire-de-tous-15022013\/","title":{"rendered":"Les op\u00e9rations intellectuelles &#8211; L&rsquo;affaire de tous! (15\/02\/2013)"},"content":{"rendered":"<div class=\"page-restrict-output\"><h2><span style=\"color: #000000;\">Voici tous les documents accompagnant le perfectionnement sur \u00a0les op\u00e9rations intellectuelles que j&rsquo;ai donn\u00e9e le 15 f\u00e9vrier 2013 en avant-midi.<\/span><\/h2>\n<h2><\/h2>\n<h2><span style=\"text-decoration: underline;\"><span style=\"color: #000000; text-decoration: underline;\">Pour les t\u00e9l\u00e9charger, cliquer sur le lien ci-dessous:<\/span><\/span><\/h2>\n<h2><strong><em><a href=\"https:\/\/se.csbe.qc.ca\/universsocial\/files\/2013\/02\/Les-operations-intellectuelles-Laffaire-de-tous.zip\" target=\"_blank\"><a href=\"https:\/\/se.csbe.qc.ca\/universsocial\/files\/2013\/02\/Les-operations-intellectuelles-Laffaire-de-tous1.zip\" target=\"_blank\">Les operations intellectuelles &#8211; Laffaire de tous<\/a><\/a><\/em><\/strong><\/h2>\n<!-- WP Attachments -->\r\n        <div style=\"width:100%;margin:10px 0 10px 0;\">\r\n            <h3>Attachments<\/h3>\r\n        <ul class=\"post-attachments\"><li class=\"post-attachment mime-application-zip\"><a href=\"https:\/\/se.csbe.qc.ca\/universsocial\/files\/2013\/02\/Les-operations-intellectuelles-Laffaire-de-tous.zip\">Les operations intellectuelles - Laffaire de tous<\/a> <small>(12 MB)<\/small><\/li><li class=\"post-attachment mime-application-zip\"><a href=\"https:\/\/se.csbe.qc.ca\/universsocial\/files\/2013\/02\/Les-operations-intellectuelles-Laffaire-de-tous1.zip\">Les operations intellectuelles - Laffaire de tous<\/a> <small>(12 MB)<\/small><\/li><\/ul><\/div><\/div>","protected":false},"excerpt":{"rendered":"<div class=\"page-restrict-output\"><p>Voici tous les documents accompagnant le perfectionnement sur \u00a0les op\u00e9rations intellectuelles que j&rsquo;ai donn\u00e9e le 15 f\u00e9vrier 2013 en avant-midi. Pour les t\u00e9l\u00e9charger, cliquer sur le lien ci-dessous: Les operations intellectuelles &#8211; Laffaire de tous Attachments Les operations intellectuelles &#8211; Laffaire de tous (12 MB)Les operations intellectuelles &#8211; Laffaire de tous (12 MB)<\/p>\n<\/div>","protected":false},"author":9,"featured_media":0,"parent":0,"menu_order":0,"comment_status":"open","ping_status":"open","template":"","meta":{"footnotes":""},"class_list":["post-1398","page","type-page","status-publish","hentry","nodate","item-wrap"],"_links":{"self":[{"href":"https:\/\/se.csbe.qc.ca\/universsocial\/wp-json\/wp\/v2\/pages\/1398","targetHints":{"allow":["GET"]}}],"collection":[{"href":"https:\/\/se.csbe.qc.ca\/universsocial\/wp-json\/wp\/v2\/pages"}],"about":[{"href":"https:\/\/se.csbe.qc.ca\/universsocial\/wp-json\/wp\/v2\/types\/page"}],"author":[{"embeddable":true,"href":"https:\/\/se.csbe.qc.ca\/universsocial\/wp-json\/wp\/v2\/users\/9"}],"replies":[{"embeddable":true,"href":"https:\/\/se.csbe.qc.ca\/universsocial\/wp-json\/wp\/v2\/comments?post=1398"}],"version-history":[{"count":6,"href":"https:\/\/se.csbe.qc.ca\/universsocial\/wp-json\/wp\/v2\/pages\/1398\/revisions"}],"predecessor-version":[{"id":1412,"href":"https:\/\/se.csbe.qc.ca\/universsocial\/wp-json\/wp\/v2\/pages\/1398\/revisions\/1412"}],"wp:attachment":[{"href":"https:\/\/se.csbe.qc.ca\/universsocial\/wp-json\/wp\/v2\/media?parent=1398"}],"curies":[{"name":"wp","href":"https:\/\/api.w.org\/{rel}","templated":true}]}}