{"id":1369,"date":"2013-02-12T14:42:02","date_gmt":"2013-02-12T19:42:02","guid":{"rendered":"https:\/\/se.csbe.qc.ca\/universsocial\/?page_id=1369"},"modified":"2020-01-10T08:25:40","modified_gmt":"2020-01-10T13:25:40","slug":"affiche-caracteriser-une-realite-historique","status":"publish","type":"page","link":"https:\/\/se.csbe.qc.ca\/universsocial\/affiche-caracteriser-une-realite-historique\/","title":{"rendered":"Affiche &#8211; Caract\u00e9riser une r\u00e9alit\u00e9 historique"},"content":{"rendered":"<div class=\"page-restrict-output\"><h2><span style=\"color: #000000\">Voici une affiche produite par la table LLL.<\/span><\/h2>\n<h2><span style=\"color: #000000\">\u00a0<\/span><\/h2>\n<h2><span style=\"color: #000000\">Elle pr\u00e9sente les diff\u00e9rents aspects sous lesquels on peut caract\u00e9riser une r\u00e9alit\u00e9 historique.<\/span><\/h2>\n<h2><span style=\"color: #000000\">\u00a0<\/span><\/h2>\n<h2><span style=\"color: #000000\">Int\u00e9ressant \u00e0 faire reproduire en grand format et afficher en classe!<\/span><\/h2>\n<p><span style=\"color: #000000\">\u00a0<\/span><\/p>\n<h2><span style=\"text-decoration: underline;color: #000000\"><strong>Cliquer sur le lien ci-dessous pour t\u00e9l\u00e9charger:<\/strong><\/span><\/h2>\n<h2><strong><em><a href=\"https:\/\/se.csbe.qc.ca\/universsocial\/files\/2013\/02\/Poster-ASPECT.pdf\" target=\"_blank\" rel=\"noopener noreferrer\">Poster &#8211; ASPECT<\/a><\/em><\/strong><\/h2>\n<!-- WP Attachments -->\r\n        <div style=\"width:100%;margin:10px 0 10px 0;\">\r\n            <h3>Attachments<\/h3>\r\n        <ul class=\"post-attachments\"><li class=\"post-attachment mime-application-pdf\"><a href=\"https:\/\/se.csbe.qc.ca\/universsocial\/files\/2013\/02\/Poster-ASPECT.pdf\">Poster - ASPECT<\/a> <small>(95 kB)<\/small><\/li><\/ul><\/div><\/div>","protected":false},"excerpt":{"rendered":"<div class=\"page-restrict-output\"><p>Voici une affiche produite par la table LLL. \u00a0 Elle pr\u00e9sente les diff\u00e9rents aspects sous lesquels on peut caract\u00e9riser une r\u00e9alit\u00e9 historique. \u00a0 Int\u00e9ressant \u00e0 faire reproduire en grand format et afficher en classe! \u00a0 Cliquer sur le lien ci-dessous pour t\u00e9l\u00e9charger: Poster &#8211; ASPECT Attachments Poster &#8211; ASPECT (95 kB)<\/p>\n<\/div>","protected":false},"author":9,"featured_media":0,"parent":0,"menu_order":0,"comment_status":"closed","ping_status":"open","template":"","meta":{"footnotes":""},"class_list":["post-1369","page","type-page","status-publish","hentry","nodate","item-wrap"],"_links":{"self":[{"href":"https:\/\/se.csbe.qc.ca\/universsocial\/wp-json\/wp\/v2\/pages\/1369","targetHints":{"allow":["GET"]}}],"collection":[{"href":"https:\/\/se.csbe.qc.ca\/universsocial\/wp-json\/wp\/v2\/pages"}],"about":[{"href":"https:\/\/se.csbe.qc.ca\/universsocial\/wp-json\/wp\/v2\/types\/page"}],"author":[{"embeddable":true,"href":"https:\/\/se.csbe.qc.ca\/universsocial\/wp-json\/wp\/v2\/users\/9"}],"replies":[{"embeddable":true,"href":"https:\/\/se.csbe.qc.ca\/universsocial\/wp-json\/wp\/v2\/comments?post=1369"}],"version-history":[{"count":5,"href":"https:\/\/se.csbe.qc.ca\/universsocial\/wp-json\/wp\/v2\/pages\/1369\/revisions"}],"predecessor-version":[{"id":6920,"href":"https:\/\/se.csbe.qc.ca\/universsocial\/wp-json\/wp\/v2\/pages\/1369\/revisions\/6920"}],"wp:attachment":[{"href":"https:\/\/se.csbe.qc.ca\/universsocial\/wp-json\/wp\/v2\/media?parent=1369"}],"curies":[{"name":"wp","href":"https:\/\/api.w.org\/{rel}","templated":true}]}}