{"id":1363,"date":"2013-02-12T14:38:13","date_gmt":"2013-02-12T19:38:13","guid":{"rendered":"https:\/\/se.csbe.qc.ca\/universsocial\/?page_id=1363"},"modified":"2013-02-12T15:04:06","modified_gmt":"2013-02-12T20:04:06","slug":"affiche-les-echelles-geographiques","status":"publish","type":"page","link":"https:\/\/se.csbe.qc.ca\/universsocial\/affiche-les-echelles-geographiques\/","title":{"rendered":"Affiche &#8211; Les \u00e9chelles g\u00e9ographiques"},"content":{"rendered":"<div class=\"page-restrict-output\"><h2><span style=\"color: #000000;\">Voici une affiche produite par la table LLL.<\/span><\/h2>\n<h2><\/h2>\n<h2><span style=\"color: #000000;\">Elle pr\u00e9sente les diff\u00e9rentes \u00e9chelles g\u00e9ographiques.<\/span><\/h2>\n<h2><\/h2>\n<h2><span style=\"color: #000000;\">Int\u00e9ressant \u00e0 faire reproduire en grand format et afficher en classe!<\/span><\/h2>\n<p>&nbsp;<\/p>\n<h2><span style=\"text-decoration: underline;\"><strong><span style=\"color: #000000; text-decoration: underline;\">Cliquer sur le lien ci-dessous pour t\u00e9l\u00e9charger:<\/span><\/strong><\/span><\/h2>\n<p>&nbsp;<\/p>\n<h2><em><strong><a href=\"https:\/\/se.csbe.qc.ca\/universsocial\/files\/2013\/02\/Poster-Echelles.pdf\" target=\"_blank\">Poster &#8211; Echelles<\/a><\/strong><\/em><\/h2>\n<!-- WP Attachments -->\r\n        <div style=\"width:100%;margin:10px 0 10px 0;\">\r\n            <h3>Attachments<\/h3>\r\n        <ul class=\"post-attachments\"><li class=\"post-attachment mime-application-pdf\"><a href=\"https:\/\/se.csbe.qc.ca\/universsocial\/files\/2013\/02\/Poster-Echelles.pdf\">Poster - Echelles<\/a> <small>(105 kB)<\/small><\/li><\/ul><\/div><\/div>","protected":false},"excerpt":{"rendered":"<div class=\"page-restrict-output\"><p>Voici une affiche produite par la table LLL. Elle pr\u00e9sente les diff\u00e9rentes \u00e9chelles g\u00e9ographiques. Int\u00e9ressant \u00e0 faire reproduire en grand format et afficher en classe! &nbsp; Cliquer sur le lien ci-dessous pour t\u00e9l\u00e9charger: &nbsp; Poster &#8211; Echelles Attachments Poster &#8211; Echelles (105 kB)<\/p>\n<\/div>","protected":false},"author":9,"featured_media":0,"parent":0,"menu_order":0,"comment_status":"open","ping_status":"open","template":"","meta":{"footnotes":""},"class_list":["post-1363","page","type-page","status-publish","hentry","nodate","item-wrap"],"_links":{"self":[{"href":"https:\/\/se.csbe.qc.ca\/universsocial\/wp-json\/wp\/v2\/pages\/1363","targetHints":{"allow":["GET"]}}],"collection":[{"href":"https:\/\/se.csbe.qc.ca\/universsocial\/wp-json\/wp\/v2\/pages"}],"about":[{"href":"https:\/\/se.csbe.qc.ca\/universsocial\/wp-json\/wp\/v2\/types\/page"}],"author":[{"embeddable":true,"href":"https:\/\/se.csbe.qc.ca\/universsocial\/wp-json\/wp\/v2\/users\/9"}],"replies":[{"embeddable":true,"href":"https:\/\/se.csbe.qc.ca\/universsocial\/wp-json\/wp\/v2\/comments?post=1363"}],"version-history":[{"count":2,"href":"https:\/\/se.csbe.qc.ca\/universsocial\/wp-json\/wp\/v2\/pages\/1363\/revisions"}],"predecessor-version":[{"id":1394,"href":"https:\/\/se.csbe.qc.ca\/universsocial\/wp-json\/wp\/v2\/pages\/1363\/revisions\/1394"}],"wp:attachment":[{"href":"https:\/\/se.csbe.qc.ca\/universsocial\/wp-json\/wp\/v2\/media?parent=1363"}],"curies":[{"name":"wp","href":"https:\/\/api.w.org\/{rel}","templated":true}]}}