{"id":1318,"date":"2013-01-16T15:58:26","date_gmt":"2013-01-16T20:58:26","guid":{"rendered":"https:\/\/se.csbe.qc.ca\/universsocial\/?page_id=1318"},"modified":"2017-05-18T10:57:12","modified_gmt":"2017-05-18T14:57:12","slug":"activites-sur-le-patrimoine-geographie-1er-cycle","status":"publish","type":"page","link":"https:\/\/se.csbe.qc.ca\/universsocial\/activites-sur-le-patrimoine-geographie-1er-cycle\/","title":{"rendered":"Activit\u00e9s sur le patrimoine (G\u00e9ographie)"},"content":{"rendered":"<div class=\"page-restrict-output\"><h2><span style=\"color: #000000\">Voici un ensemble de plusieurs activit\u00e9s en lien avec le patrimoine familial, r\u00e9gional, provincial et mondial cr\u00e9\u00e9es par M. Ren\u00e9-Claude Grenon, enseignant \u00e0 la CSBE dans le cadre d&rsquo;un projet des Services \u00e9ducatifs en 2011 et sur son temps personnel.<\/span><\/h2>\n<h2><\/h2>\n<h2><span style=\"text-decoration: underline\"><span style=\"color: #000000;text-decoration: underline\">Cliquer sur chacun des liens ci-dessous pour t\u00e9l\u00e9charger<\/span><\/span><\/h2>\n<h2><em><a href=\"https:\/\/se.csbe.qc.ca\/universsocial\/files\/2013\/01\/Ath\u00e8nes.zip\" target=\"_blank\">Ath\u00e8nes<\/a> <\/em><\/h2>\n<h2><em><a href=\"https:\/\/se.csbe.qc.ca\/universsocial\/files\/2013\/01\/circuit-patrimonial-St-Joseph.pdf\" target=\"_blank\">circuit patrimonial St-Joseph<\/a> <\/em><\/h2>\n<h2><em><a href=\"https:\/\/se.csbe.qc.ca\/universsocial\/files\/2013\/01\/Patrimoine-familial-et-r\u00e9gional.zip\">Patrimoine familial et r\u00e9gional<\/a> <\/em><\/h2>\n<h2><em><a href=\"https:\/\/se.csbe.qc.ca\/universsocial\/files\/2013\/01\/Patrimoine-familial.zip\">Patrimoine familial<\/a> <\/em><\/h2>\n<h2><em><a href=\"https:\/\/se.csbe.qc.ca\/universsocial\/files\/2013\/01\/Proc\u00e9dures-dutilisation.notebook\">Proc\u00e9dures d&rsquo;utilisation<\/a> <\/em><\/h2>\n<h2><em><a href=\"https:\/\/se.csbe.qc.ca\/universsocial\/files\/2013\/01\/Territoire-patrimonial-Notes-de-cours.zip\" target=\"_blank\">Territoire patrimonial-Notes de cours<\/a> <\/em><\/h2>\n<h2><em><a href=\"https:\/\/se.csbe.qc.ca\/universsocial\/files\/2013\/01\/Vieux-Qu\u00e9bec.zip\">Vieux-Qu\u00e9bec<\/a><\/em><\/h2>\n<p>&nbsp;<\/p>\n<p>&nbsp;<\/p>\n<p>&nbsp;<\/p>\n<!-- WP Attachments -->\r\n        <div style=\"width:100%;margin:10px 0 10px 0;\">\r\n            <h3>Attachments<\/h3>\r\n        <ul class=\"post-attachments\"><li class=\"post-attachment mime-application-zip\"><a href=\"https:\/\/se.csbe.qc.ca\/universsocial\/files\/2013\/01\/Ath\u00e8nes.zip\">Ath\u00e8nes<\/a> <small>(102 MB)<\/small><\/li><li class=\"post-attachment mime-application-pdf\"><a href=\"https:\/\/se.csbe.qc.ca\/universsocial\/files\/2013\/01\/circuit-patrimonial-St-Joseph.pdf\">circuit patrimonial St-Joseph<\/a> <small>(3 MB)<\/small><\/li><li class=\"post-attachment mime-application-zip\"><a href=\"https:\/\/se.csbe.qc.ca\/universsocial\/files\/2013\/01\/Patrimoine-familial-et-r\u00e9gional.zip\">Patrimoine familial et r\u00e9gional<\/a> <small>(61 MB)<\/small><\/li><li class=\"post-attachment mime-application-zip\"><a href=\"https:\/\/se.csbe.qc.ca\/universsocial\/files\/2013\/01\/Patrimoine-familial.zip\">Patrimoine familial<\/a> <small>(4 MB)<\/small><\/li><li class=\"post-attachment mime-application-x-smarttech-notebook\"><a href=\"https:\/\/se.csbe.qc.ca\/universsocial\/files\/2013\/01\/Proc\u00e9dures-dutilisation.notebook\">Proc\u00e9dures d'utilisation<\/a> <small>(2 MB)<\/small><\/li><li class=\"post-attachment mime-application-zip\"><a href=\"https:\/\/se.csbe.qc.ca\/universsocial\/files\/2013\/01\/Territoire-patrimonial-Notes-de-cours.zip\">Territoire patrimonial-Notes de cours<\/a> <small>(61 MB)<\/small><\/li><li class=\"post-attachment mime-application-zip\"><a href=\"https:\/\/se.csbe.qc.ca\/universsocial\/files\/2013\/01\/Vieux-Qu\u00e9bec.zip\">Vieux-Qu\u00e9bec<\/a> <small>(193 MB)<\/small><\/li><\/ul><\/div><\/div>","protected":false},"excerpt":{"rendered":"<div class=\"page-restrict-output\"><p>Voici un ensemble de plusieurs activit\u00e9s en lien avec le patrimoine familial, r\u00e9gional, provincial et mondial cr\u00e9\u00e9es par M. Ren\u00e9-Claude Grenon, enseignant \u00e0 la CSBE dans le cadre d&rsquo;un projet des Services \u00e9ducatifs en 2011 et sur son temps personnel. Cliquer sur chacun des liens ci-dessous pour t\u00e9l\u00e9charger Ath\u00e8nes circuit patrimonial St-Joseph Patrimoine familial et &hellip; <\/p>\n<p><a class=\"more-link btn\" href=\"https:\/\/se.csbe.qc.ca\/universsocial\/activites-sur-le-patrimoine-geographie-1er-cycle\/\">Lire la suite<\/a><\/p>\n<\/div>","protected":false},"author":9,"featured_media":0,"parent":0,"menu_order":0,"comment_status":"open","ping_status":"open","template":"","meta":{"footnotes":""},"class_list":["post-1318","page","type-page","status-publish","hentry","nodate","item-wrap"],"_links":{"self":[{"href":"https:\/\/se.csbe.qc.ca\/universsocial\/wp-json\/wp\/v2\/pages\/1318","targetHints":{"allow":["GET"]}}],"collection":[{"href":"https:\/\/se.csbe.qc.ca\/universsocial\/wp-json\/wp\/v2\/pages"}],"about":[{"href":"https:\/\/se.csbe.qc.ca\/universsocial\/wp-json\/wp\/v2\/types\/page"}],"author":[{"embeddable":true,"href":"https:\/\/se.csbe.qc.ca\/universsocial\/wp-json\/wp\/v2\/users\/9"}],"replies":[{"embeddable":true,"href":"https:\/\/se.csbe.qc.ca\/universsocial\/wp-json\/wp\/v2\/comments?post=1318"}],"version-history":[{"count":3,"href":"https:\/\/se.csbe.qc.ca\/universsocial\/wp-json\/wp\/v2\/pages\/1318\/revisions"}],"predecessor-version":[{"id":5751,"href":"https:\/\/se.csbe.qc.ca\/universsocial\/wp-json\/wp\/v2\/pages\/1318\/revisions\/5751"}],"wp:attachment":[{"href":"https:\/\/se.csbe.qc.ca\/universsocial\/wp-json\/wp\/v2\/media?parent=1318"}],"curies":[{"name":"wp","href":"https:\/\/api.w.org\/{rel}","templated":true}]}}