{"id":1314,"date":"2013-01-16T14:24:22","date_gmt":"2013-01-16T19:24:22","guid":{"rendered":"https:\/\/se.csbe.qc.ca\/universsocial\/?page_id=1314"},"modified":"2013-01-16T14:24:22","modified_gmt":"2013-01-16T19:24:22","slug":"documents-notebook-monde-contemporain","status":"publish","type":"page","link":"https:\/\/se.csbe.qc.ca\/universsocial\/documents-notebook-monde-contemporain\/","title":{"rendered":"Documents Notebook (monde contemporain)"},"content":{"rendered":"<div class=\"page-restrict-output\"><h2><span style=\"color: #000000;\">Voici une activit\u00e9 Notebook sur les diff\u00e9rents types de r\u00e9gimes politiques dans le monde con\u00e7ue lors d&rsquo;un projet des Services \u00e9ducatifs en 2011<\/span><\/h2>\n<h2><\/h2>\n<h2><span style=\"text-decoration: underline;\"><span style=\"color: #000000; text-decoration: underline;\">Cliquer sur le lien ci-dessous pour t\u00e9l\u00e9charger<\/span><\/span><\/h2>\n<h2><em><a href=\"https:\/\/se.csbe.qc.ca\/universsocial\/files\/2013\/01\/Histoire-sec.5-Les-r\u00e9gimes-politiques-dans-le-monde-final.notebook\">Histoire sec.5 &#8211; Les r\u00e9gimes politiques dans le monde (final)<\/a><\/em><\/h2>\n<!-- WP Attachments -->\r\n        <div style=\"width:100%;margin:10px 0 10px 0;\">\r\n            <h3>Attachments<\/h3>\r\n        <ul class=\"post-attachments\"><li class=\"post-attachment mime-application-x-smarttech-notebook\"><a href=\"https:\/\/se.csbe.qc.ca\/universsocial\/files\/2013\/01\/Histoire-sec.5-Les-r\u00e9gimes-politiques-dans-le-monde-final.notebook\">Histoire sec.5 - Les r\u00e9gimes politiques dans le monde (final)<\/a> <small>(3 MB)<\/small><\/li><\/ul><\/div><\/div>","protected":false},"excerpt":{"rendered":"<div class=\"page-restrict-output\"><p>Voici une activit\u00e9 Notebook sur les diff\u00e9rents types de r\u00e9gimes politiques dans le monde con\u00e7ue lors d&rsquo;un projet des Services \u00e9ducatifs en 2011 Cliquer sur le lien ci-dessous pour t\u00e9l\u00e9charger Histoire sec.5 &#8211; Les r\u00e9gimes politiques dans le monde (final) Attachments Histoire sec.5 &#8211; Les r\u00e9gimes politiques dans le monde (final) (3 MB)<\/p>\n<\/div>","protected":false},"author":9,"featured_media":0,"parent":0,"menu_order":0,"comment_status":"open","ping_status":"open","template":"","meta":{"footnotes":""},"class_list":["post-1314","page","type-page","status-publish","hentry","nodate","item-wrap"],"_links":{"self":[{"href":"https:\/\/se.csbe.qc.ca\/universsocial\/wp-json\/wp\/v2\/pages\/1314","targetHints":{"allow":["GET"]}}],"collection":[{"href":"https:\/\/se.csbe.qc.ca\/universsocial\/wp-json\/wp\/v2\/pages"}],"about":[{"href":"https:\/\/se.csbe.qc.ca\/universsocial\/wp-json\/wp\/v2\/types\/page"}],"author":[{"embeddable":true,"href":"https:\/\/se.csbe.qc.ca\/universsocial\/wp-json\/wp\/v2\/users\/9"}],"replies":[{"embeddable":true,"href":"https:\/\/se.csbe.qc.ca\/universsocial\/wp-json\/wp\/v2\/comments?post=1314"}],"version-history":[{"count":1,"href":"https:\/\/se.csbe.qc.ca\/universsocial\/wp-json\/wp\/v2\/pages\/1314\/revisions"}],"predecessor-version":[{"id":1316,"href":"https:\/\/se.csbe.qc.ca\/universsocial\/wp-json\/wp\/v2\/pages\/1314\/revisions\/1316"}],"wp:attachment":[{"href":"https:\/\/se.csbe.qc.ca\/universsocial\/wp-json\/wp\/v2\/media?parent=1314"}],"curies":[{"name":"wp","href":"https:\/\/api.w.org\/{rel}","templated":true}]}}