{"id":1299,"date":"2013-01-16T13:41:58","date_gmt":"2013-01-16T18:41:58","guid":{"rendered":"https:\/\/se.csbe.qc.ca\/universsocial\/?page_id=1299"},"modified":"2013-01-16T14:22:09","modified_gmt":"2013-01-16T19:22:09","slug":"documents-notebook-1er-cycle","status":"publish","type":"page","link":"https:\/\/se.csbe.qc.ca\/universsocial\/documents-notebook-1er-cycle\/","title":{"rendered":"Documents Notebook (1er cycle)"},"content":{"rendered":"<div class=\"page-restrict-output\"><h2><span style=\"color: #000000;\">Voici un atelier de r\u00e9vision et un document sur les premi\u00e8res grandes civilisations con\u00e7us lors d&rsquo;un projet des Services \u00e9ducatifs en 2011<\/span><\/h2>\n<h2><\/h2>\n<h2><span style=\"text-decoration: underline;\"><span style=\"color: #000000; text-decoration: underline;\">Cliquer sur le lien ci-dessous pour t\u00e9l\u00e9charger<\/span><\/span><\/h2>\n<h2><em><a href=\"https:\/\/se.csbe.qc.ca\/universsocial\/files\/2013\/01\/Cranium-historique.notebook\" target=\"_blank\">Cranium historique<\/a><\/em><\/h2>\n<h2><em><a href=\"https:\/\/se.csbe.qc.ca\/universsocial\/files\/2013\/01\/Histoire-sec.1-Les-premi\u00e8res-grandes-civilisations-final.notebook\" target=\"_blank\">Histoire sec.1 &#8211; Les premi\u00e8res grandes civilisations (final)<\/a><\/em><\/h2>\n<!-- WP Attachments -->\r\n        <div style=\"width:100%;margin:10px 0 10px 0;\">\r\n            <h3>Attachments<\/h3>\r\n        <ul class=\"post-attachments\"><li class=\"post-attachment mime-application-x-smarttech-notebook\"><a href=\"https:\/\/se.csbe.qc.ca\/universsocial\/files\/2013\/01\/Cranium-historique.notebook\">Cranium historique<\/a> <small>(3 MB)<\/small><\/li><li class=\"post-attachment mime-application-x-smarttech-notebook\"><a href=\"https:\/\/se.csbe.qc.ca\/universsocial\/files\/2013\/01\/Histoire-sec.1-Les-premi\u00e8res-grandes-civilisations-final.notebook\">Histoire sec.1 - Les premi\u00e8res grandes civilisations (final)<\/a> <small>(313 kB)<\/small><\/li><\/ul><\/div><\/div>","protected":false},"excerpt":{"rendered":"<div class=\"page-restrict-output\"><p>Voici un atelier de r\u00e9vision et un document sur les premi\u00e8res grandes civilisations con\u00e7us lors d&rsquo;un projet des Services \u00e9ducatifs en 2011 Cliquer sur le lien ci-dessous pour t\u00e9l\u00e9charger Cranium historique Histoire sec.1 &#8211; Les premi\u00e8res grandes civilisations (final) Attachments Cranium historique (3 MB)Histoire sec.1 &#8211; Les premi\u00e8res grandes civilisations (final) (313 kB)<\/p>\n<\/div>","protected":false},"author":9,"featured_media":0,"parent":0,"menu_order":0,"comment_status":"open","ping_status":"open","template":"","meta":{"footnotes":""},"class_list":["post-1299","page","type-page","status-publish","hentry","nodate","item-wrap"],"_links":{"self":[{"href":"https:\/\/se.csbe.qc.ca\/universsocial\/wp-json\/wp\/v2\/pages\/1299","targetHints":{"allow":["GET"]}}],"collection":[{"href":"https:\/\/se.csbe.qc.ca\/universsocial\/wp-json\/wp\/v2\/pages"}],"about":[{"href":"https:\/\/se.csbe.qc.ca\/universsocial\/wp-json\/wp\/v2\/types\/page"}],"author":[{"embeddable":true,"href":"https:\/\/se.csbe.qc.ca\/universsocial\/wp-json\/wp\/v2\/users\/9"}],"replies":[{"embeddable":true,"href":"https:\/\/se.csbe.qc.ca\/universsocial\/wp-json\/wp\/v2\/comments?post=1299"}],"version-history":[{"count":3,"href":"https:\/\/se.csbe.qc.ca\/universsocial\/wp-json\/wp\/v2\/pages\/1299\/revisions"}],"predecessor-version":[{"id":1312,"href":"https:\/\/se.csbe.qc.ca\/universsocial\/wp-json\/wp\/v2\/pages\/1299\/revisions\/1312"}],"wp:attachment":[{"href":"https:\/\/se.csbe.qc.ca\/universsocial\/wp-json\/wp\/v2\/media?parent=1299"}],"curies":[{"name":"wp","href":"https:\/\/api.w.org\/{rel}","templated":true}]}}