{"id":1295,"date":"2013-01-16T13:39:03","date_gmt":"2013-01-16T18:39:03","guid":{"rendered":"https:\/\/se.csbe.qc.ca\/universsocial\/?page_id=1295"},"modified":"2013-01-16T14:22:49","modified_gmt":"2013-01-16T19:22:49","slug":"documents-notebook-sec-4","status":"publish","type":"page","link":"https:\/\/se.csbe.qc.ca\/universsocial\/documents-notebook-sec-4\/","title":{"rendered":"Documents Notebook (Sec.4)"},"content":{"rendered":"<div class=\"page-restrict-output\"><h2><span style=\"color: #000000;\">Voici un document de r\u00e9vision pour la r\u00e9alit\u00e9 \u00ab\u00a0\u00c9conomie et d\u00e9veloppement\u00a0\u00bb, ainsi que des cartes et tableaux interactifs con\u00e7us lors d&rsquo;un projet des Services \u00e9ducatifs en 2011.<\/span><\/h2>\n<h2><\/h2>\n<h2><span style=\"text-decoration: underline;\"><span style=\"color: #000000; text-decoration: underline;\">Cliquer sur le lien ci-dessous pour t\u00e9l\u00e9charger<\/span><\/span><\/h2>\n<h2><em><a href=\"https:\/\/se.csbe.qc.ca\/universsocial\/files\/2013\/01\/Histoire-sec.4-\u00c9conomie-et-d\u00e9veloppement.notebook\" target=\"_blank\">Histoire sec.4 &#8211; \u00c9conomie et d\u00e9veloppement<\/a><\/em><\/h2>\n<h2><em><a href=\"https:\/\/se.csbe.qc.ca\/universsocial\/files\/2013\/01\/Histoire-sec.4-Cartes-interactives-final.notebook\" target=\"_blank\">Histoire sec.4 &#8211; Cartes interactives (final)<\/a><\/em><\/h2>\n<h2><em><a href=\"https:\/\/se.csbe.qc.ca\/universsocial\/files\/2013\/01\/Histoire-sec.4-Organisation-politique-final.notebook\" target=\"_blank\">Histoire sec.4 &#8211; Organisation politique (final)<\/a><\/em><\/h2>\n<!-- WP Attachments -->\r\n        <div style=\"width:100%;margin:10px 0 10px 0;\">\r\n            <h3>Attachments<\/h3>\r\n        <ul class=\"post-attachments\"><li class=\"post-attachment mime-application-x-smarttech-notebook\"><a href=\"https:\/\/se.csbe.qc.ca\/universsocial\/files\/2013\/01\/Histoire-sec.4-\u00c9conomie-et-d\u00e9veloppement.notebook\">Histoire sec.4 - \u00c9conomie et d\u00e9veloppement<\/a> <small>(10 MB)<\/small><\/li><\/ul><\/div><\/div>","protected":false},"excerpt":{"rendered":"<div class=\"page-restrict-output\"><p>Voici un document de r\u00e9vision pour la r\u00e9alit\u00e9 \u00ab\u00a0\u00c9conomie et d\u00e9veloppement\u00a0\u00bb, ainsi que des cartes et tableaux interactifs con\u00e7us lors d&rsquo;un projet des Services \u00e9ducatifs en 2011. Cliquer sur le lien ci-dessous pour t\u00e9l\u00e9charger Histoire sec.4 &#8211; \u00c9conomie et d\u00e9veloppement Histoire sec.4 &#8211; Cartes interactives (final) Histoire sec.4 &#8211; Organisation politique (final) Attachments Histoire sec.4 &hellip; <\/p>\n<p><a class=\"more-link btn\" href=\"https:\/\/se.csbe.qc.ca\/universsocial\/documents-notebook-sec-4\/\">Lire la suite<\/a><\/p>\n<\/div>","protected":false},"author":9,"featured_media":0,"parent":0,"menu_order":0,"comment_status":"open","ping_status":"open","template":"","meta":{"footnotes":""},"class_list":["post-1295","page","type-page","status-publish","hentry","nodate","item-wrap"],"_links":{"self":[{"href":"https:\/\/se.csbe.qc.ca\/universsocial\/wp-json\/wp\/v2\/pages\/1295","targetHints":{"allow":["GET"]}}],"collection":[{"href":"https:\/\/se.csbe.qc.ca\/universsocial\/wp-json\/wp\/v2\/pages"}],"about":[{"href":"https:\/\/se.csbe.qc.ca\/universsocial\/wp-json\/wp\/v2\/types\/page"}],"author":[{"embeddable":true,"href":"https:\/\/se.csbe.qc.ca\/universsocial\/wp-json\/wp\/v2\/users\/9"}],"replies":[{"embeddable":true,"href":"https:\/\/se.csbe.qc.ca\/universsocial\/wp-json\/wp\/v2\/comments?post=1295"}],"version-history":[{"count":3,"href":"https:\/\/se.csbe.qc.ca\/universsocial\/wp-json\/wp\/v2\/pages\/1295\/revisions"}],"predecessor-version":[{"id":1313,"href":"https:\/\/se.csbe.qc.ca\/universsocial\/wp-json\/wp\/v2\/pages\/1295\/revisions\/1313"}],"wp:attachment":[{"href":"https:\/\/se.csbe.qc.ca\/universsocial\/wp-json\/wp\/v2\/media?parent=1295"}],"curies":[{"name":"wp","href":"https:\/\/api.w.org\/{rel}","templated":true}]}}