{"id":123,"date":"2012-10-26T18:05:27","date_gmt":"2012-10-26T17:05:27","guid":{"rendered":"https:\/\/se.csbe.qc.ca\/universsocial\/?page_id=123"},"modified":"2014-10-21T15:14:39","modified_gmt":"2014-10-21T19:14:39","slug":"programme-de-formation-de-lecole-quebecoise-pfeq-histoire-du-20e-siecle","status":"publish","type":"page","link":"https:\/\/se.csbe.qc.ca\/universsocial\/programme-de-formation-de-lecole-quebecoise-pfeq-histoire-du-20e-siecle\/","title":{"rendered":"Programme de formation de l&rsquo;\u00e9cole qu\u00e9b\u00e9coise (PFEQ) &#8211; Histoire du 20e si\u00e8cle"},"content":{"rendered":"<div class=\"page-restrict-output\"><h2><span style=\"color: #000000;\"><strong>Voici le PFEQ pour le cours d&rsquo;histoire du 20e si\u00e8cle<\/strong><\/span><\/h2>\n<p><span style=\"color: #000000;\"><strong>\u00a0<\/strong><\/span><\/p>\n<h2><span style=\"color: #000000;\"><strong><span style=\"text-decoration: underline;\">Pour y acc\u00e9der, cliquer sur le lien ci-dessous:<\/span><\/strong><\/span><\/h2>\n<h2><span style=\"color: #0000ff;\"><em><strong><a href=\"https:\/\/se.csbe.qc.ca\/universsocial\/files\/2012\/10\/PFEQ-Histoire-20e-si\u00e8cle1.pdf\" target=\"_blank\"><span style=\"color: #0000ff;\">PFEQ &#8211; Histoire 20e si\u00e8cle<\/span><\/a><\/strong><\/em><\/span><\/h2>\n<!-- WP Attachments -->\r\n        <div style=\"width:100%;margin:10px 0 10px 0;\">\r\n            <h3>Attachments<\/h3>\r\n        <ul class=\"post-attachments\"><li class=\"post-attachment mime-application-pdf\"><a href=\"https:\/\/se.csbe.qc.ca\/universsocial\/files\/2012\/10\/PFEQ-Histoire-20e-si\u00e8cle.pdf\">PFEQ - Histoire 20e si\u00e8cle<\/a> <small>(2 MB)<\/small><\/li><li class=\"post-attachment mime-application-pdf\"><a href=\"https:\/\/se.csbe.qc.ca\/universsocial\/files\/2012\/10\/PFEQ-Histoire-20e-si\u00e8cle1.pdf\">PFEQ - Histoire 20e si\u00e8cle<\/a> <small>(5 MB)<\/small><\/li><\/ul><\/div><\/div>","protected":false},"excerpt":{"rendered":"<div class=\"page-restrict-output\"><p>Voici le PFEQ pour le cours d&rsquo;histoire du 20e si\u00e8cle \u00a0 Pour y acc\u00e9der, cliquer sur le lien ci-dessous: PFEQ &#8211; Histoire 20e si\u00e8cle Attachments PFEQ &#8211; Histoire 20e si\u00e8cle (2 MB)PFEQ &#8211; Histoire 20e si\u00e8cle (5 MB)<\/p>\n<\/div>","protected":false},"author":9,"featured_media":0,"parent":0,"menu_order":0,"comment_status":"open","ping_status":"closed","template":"","meta":{"footnotes":""},"class_list":["post-123","page","type-page","status-publish","hentry","nodate","item-wrap"],"_links":{"self":[{"href":"https:\/\/se.csbe.qc.ca\/universsocial\/wp-json\/wp\/v2\/pages\/123","targetHints":{"allow":["GET"]}}],"collection":[{"href":"https:\/\/se.csbe.qc.ca\/universsocial\/wp-json\/wp\/v2\/pages"}],"about":[{"href":"https:\/\/se.csbe.qc.ca\/universsocial\/wp-json\/wp\/v2\/types\/page"}],"author":[{"embeddable":true,"href":"https:\/\/se.csbe.qc.ca\/universsocial\/wp-json\/wp\/v2\/users\/9"}],"replies":[{"embeddable":true,"href":"https:\/\/se.csbe.qc.ca\/universsocial\/wp-json\/wp\/v2\/comments?post=123"}],"version-history":[{"count":8,"href":"https:\/\/se.csbe.qc.ca\/universsocial\/wp-json\/wp\/v2\/pages\/123\/revisions"}],"predecessor-version":[{"id":2994,"href":"https:\/\/se.csbe.qc.ca\/universsocial\/wp-json\/wp\/v2\/pages\/123\/revisions\/2994"}],"wp:attachment":[{"href":"https:\/\/se.csbe.qc.ca\/universsocial\/wp-json\/wp\/v2\/media?parent=123"}],"curies":[{"name":"wp","href":"https:\/\/api.w.org\/{rel}","templated":true}]}}