{"id":119,"date":"2012-10-26T18:04:26","date_gmt":"2012-10-26T17:04:26","guid":{"rendered":"https:\/\/se.csbe.qc.ca\/universsocial\/?page_id=119"},"modified":"2014-10-21T14:48:54","modified_gmt":"2014-10-21T18:48:54","slug":"programme-de-formation-de-lecole-quebecoise-pfeq-geographie-culturelle","status":"publish","type":"page","link":"https:\/\/se.csbe.qc.ca\/universsocial\/programme-de-formation-de-lecole-quebecoise-pfeq-geographie-culturelle\/","title":{"rendered":"Programme de formation de l&rsquo;\u00e9cole qu\u00e9b\u00e9coise (PFEQ) &#8211; G\u00e9ographie culturelle"},"content":{"rendered":"<div class=\"page-restrict-output\"><h2><span style=\"color: #000000;\"><strong>Voici le PFEQ pour le cours de g\u00e9ographie culturelle<\/strong><\/span><\/h2>\n<p><span style=\"color: #000000;\"><strong>\u00a0<\/strong><\/span><\/p>\n<h2><span style=\"color: #000000;\"><strong><span style=\"text-decoration: underline;\">Pour y acc\u00e9der, cliquer sur le lien ci-dessous:<\/span><\/strong><\/span><\/h2>\n<h2><strong><span style=\"color: #0000ff;\"><em><a href=\"https:\/\/se.csbe.qc.ca\/universsocial\/files\/2012\/10\/PFEQ-G\u00e9ographie-culturelle1.pdf\" target=\"_blank\"><span style=\"color: #0000ff;\">PFEQ &#8211; G\u00e9ographie culturelle<\/span><\/a><\/em><\/span><\/strong><\/h2>\n<!-- WP Attachments -->\r\n        <div style=\"width:100%;margin:10px 0 10px 0;\">\r\n            <h3>Attachments<\/h3>\r\n        <ul class=\"post-attachments\"><li class=\"post-attachment mime-application-pdf\"><a href=\"https:\/\/se.csbe.qc.ca\/universsocial\/files\/2012\/10\/PFEQ-G\u00e9ographie-culturelle.pdf\">PFEQ - G\u00e9ographie culturelle<\/a> <small>(2 MB)<\/small><\/li><li class=\"post-attachment mime-application-pdf\"><a href=\"https:\/\/se.csbe.qc.ca\/universsocial\/files\/2012\/10\/PFEQ-G\u00e9ographie-culturelle1.pdf\">PFEQ - G\u00e9ographie culturelle<\/a> <small>(6 MB)<\/small><\/li><\/ul><\/div><\/div>","protected":false},"excerpt":{"rendered":"<div class=\"page-restrict-output\"><p>Voici le PFEQ pour le cours de g\u00e9ographie culturelle \u00a0 Pour y acc\u00e9der, cliquer sur le lien ci-dessous: PFEQ &#8211; G\u00e9ographie culturelle Attachments PFEQ &#8211; G\u00e9ographie culturelle (2 MB)PFEQ &#8211; G\u00e9ographie culturelle (6 MB)<\/p>\n<\/div>","protected":false},"author":9,"featured_media":0,"parent":0,"menu_order":0,"comment_status":"open","ping_status":"closed","template":"","meta":{"footnotes":""},"class_list":["post-119","page","type-page","status-publish","hentry","nodate","item-wrap"],"_links":{"self":[{"href":"https:\/\/se.csbe.qc.ca\/universsocial\/wp-json\/wp\/v2\/pages\/119","targetHints":{"allow":["GET"]}}],"collection":[{"href":"https:\/\/se.csbe.qc.ca\/universsocial\/wp-json\/wp\/v2\/pages"}],"about":[{"href":"https:\/\/se.csbe.qc.ca\/universsocial\/wp-json\/wp\/v2\/types\/page"}],"author":[{"embeddable":true,"href":"https:\/\/se.csbe.qc.ca\/universsocial\/wp-json\/wp\/v2\/users\/9"}],"replies":[{"embeddable":true,"href":"https:\/\/se.csbe.qc.ca\/universsocial\/wp-json\/wp\/v2\/comments?post=119"}],"version-history":[{"count":8,"href":"https:\/\/se.csbe.qc.ca\/universsocial\/wp-json\/wp\/v2\/pages\/119\/revisions"}],"predecessor-version":[{"id":2984,"href":"https:\/\/se.csbe.qc.ca\/universsocial\/wp-json\/wp\/v2\/pages\/119\/revisions\/2984"}],"wp:attachment":[{"href":"https:\/\/se.csbe.qc.ca\/universsocial\/wp-json\/wp\/v2\/media?parent=119"}],"curies":[{"name":"wp","href":"https:\/\/api.w.org\/{rel}","templated":true}]}}