{"id":1162,"date":"2013-01-10T10:49:20","date_gmt":"2013-01-10T15:49:20","guid":{"rendered":"https:\/\/se.csbe.qc.ca\/universsocial\/?page_id=1162"},"modified":"2013-01-10T10:49:20","modified_gmt":"2013-01-10T15:49:20","slug":"elements-cles-du-cours-monde-contemporain","status":"publish","type":"page","link":"https:\/\/se.csbe.qc.ca\/universsocial\/elements-cles-du-cours-monde-contemporain\/","title":{"rendered":"\u00c9l\u00e9ments-cl\u00e9s du cours \u00ab\u00a0monde contemporain\u00a0\u00bb"},"content":{"rendered":"<div class=\"page-restrict-output\"><h2><span style=\"color: #000000;\">Voici un document qui vous r\u00e9sume les points les plus importants des diff\u00e9rents officiels concernant le cours de monde contemporain<\/span><\/h2>\n<h2><\/h2>\n<ul>\n<li>\n<h3><span style=\"color: #000000;\"><em>Programme de formation de l&rsquo;\u00e9cole qu\u00e9b\u00e9coise (PFEQ)<\/em><\/span><\/h3>\n<\/li>\n<li>\n<h3><span style=\"color: #000000;\"><em>Pr\u00e9cision des apprentissages<\/em><\/span><\/h3>\n<\/li>\n<li>\n<h3><span style=\"color: #000000;\"><em>Cadre d&rsquo;\u00e9valuation<\/em><\/span><\/h3>\n<\/li>\n<\/ul>\n<h2><\/h2>\n<h2><span style=\"text-decoration: underline;\"><span style=\"color: #000000; text-decoration: underline;\">Cliquer pour t\u00e9l\u00e9charger<\/span><\/span><\/h2>\n<h2><em><a href=\"https:\/\/se.csbe.qc.ca\/universsocial\/files\/2013\/01\/\u00c9l\u00e9ments-cl\u00e9s-Monde-contemporain.docx\" target=\"_blank\">\u00c9l\u00e9ments-cl\u00e9s &#8211; Monde contemporain<\/a><\/em><\/h2>\n<!-- WP Attachments -->\r\n        <div style=\"width:100%;margin:10px 0 10px 0;\">\r\n            <h3>Attachments<\/h3>\r\n        <ul class=\"post-attachments\"><li class=\"post-attachment mime-application-vnd-openxmlformats-officedocument-wordprocessingml-document\"><a href=\"https:\/\/se.csbe.qc.ca\/universsocial\/files\/2013\/01\/\u00c9l\u00e9ments-cl\u00e9s-Monde-contemporain.docx\">\u00c9l\u00e9ments-cl\u00e9s - Monde contemporain<\/a> <small>(33 kB)<\/small><\/li><\/ul><\/div><\/div>","protected":false},"excerpt":{"rendered":"<div class=\"page-restrict-output\"><p>Voici un document qui vous r\u00e9sume les points les plus importants des diff\u00e9rents officiels concernant le cours de monde contemporain Programme de formation de l&rsquo;\u00e9cole qu\u00e9b\u00e9coise (PFEQ) Pr\u00e9cision des apprentissages Cadre d&rsquo;\u00e9valuation Cliquer pour t\u00e9l\u00e9charger \u00c9l\u00e9ments-cl\u00e9s &#8211; Monde contemporain Attachments \u00c9l\u00e9ments-cl\u00e9s &#8211; Monde contemporain (33 kB)<\/p>\n<\/div>","protected":false},"author":9,"featured_media":0,"parent":0,"menu_order":0,"comment_status":"open","ping_status":"open","template":"","meta":{"footnotes":""},"class_list":["post-1162","page","type-page","status-publish","hentry","nodate","item-wrap"],"_links":{"self":[{"href":"https:\/\/se.csbe.qc.ca\/universsocial\/wp-json\/wp\/v2\/pages\/1162","targetHints":{"allow":["GET"]}}],"collection":[{"href":"https:\/\/se.csbe.qc.ca\/universsocial\/wp-json\/wp\/v2\/pages"}],"about":[{"href":"https:\/\/se.csbe.qc.ca\/universsocial\/wp-json\/wp\/v2\/types\/page"}],"author":[{"embeddable":true,"href":"https:\/\/se.csbe.qc.ca\/universsocial\/wp-json\/wp\/v2\/users\/9"}],"replies":[{"embeddable":true,"href":"https:\/\/se.csbe.qc.ca\/universsocial\/wp-json\/wp\/v2\/comments?post=1162"}],"version-history":[{"count":1,"href":"https:\/\/se.csbe.qc.ca\/universsocial\/wp-json\/wp\/v2\/pages\/1162\/revisions"}],"predecessor-version":[{"id":1164,"href":"https:\/\/se.csbe.qc.ca\/universsocial\/wp-json\/wp\/v2\/pages\/1162\/revisions\/1164"}],"wp:attachment":[{"href":"https:\/\/se.csbe.qc.ca\/universsocial\/wp-json\/wp\/v2\/media?parent=1162"}],"curies":[{"name":"wp","href":"https:\/\/api.w.org\/{rel}","templated":true}]}}