{"id":1150,"date":"2013-01-10T10:43:33","date_gmt":"2013-01-10T15:43:33","guid":{"rendered":"https:\/\/se.csbe.qc.ca\/universsocial\/?page_id=1150"},"modified":"2018-12-04T13:51:50","modified_gmt":"2018-12-04T18:51:50","slug":"operations-intellectuelles-1er-cycle","status":"publish","type":"page","link":"https:\/\/se.csbe.qc.ca\/universsocial\/operations-intellectuelles-1er-cycle\/","title":{"rendered":"Op\u00e9rations intellectuelles (1er cycle)"},"content":{"rendered":"<div class=\"page-restrict-output\"><h2><span style=\"color: #000000\">Voici les op\u00e9rations intellectuelles qui sont au programme en histoire au 1er cycle, avec une explication pour chacune!<\/span><\/h2>\n<p><span style=\"color: #000000\">\u00a0<\/span><\/p>\n<h2><span style=\"text-decoration: underline;color: #000000\">Pour y acc\u00e9der, cliquer sur le lien ci-dessous:<\/span><\/h2>\n<h2><a href=\"https:\/\/se.csbe.qc.ca\/universsocial\/files\/2018\/12\/Op\u00e9rations-intellectuelles-Sec.1-2.docx\">Op\u00e9rations-intellectuelles-Sec.1-2<\/a><\/h2>\n<!-- WP Attachments -->\r\n        <div style=\"width:100%;margin:10px 0 10px 0;\">\r\n            <h3>Attachments<\/h3>\r\n        <ul class=\"post-attachments\"><li class=\"post-attachment mime-application-vnd-openxmlformats-officedocument-wordprocessingml-document\"><a href=\"https:\/\/se.csbe.qc.ca\/universsocial\/files\/2013\/01\/Op\u00e9rations-intellectuelles-Sec.1-2-3.docx\">Op\u00e9rations intellectuelles - Sec.1-2-3<\/a> <small>(443 kB)<\/small><\/li><li class=\"post-attachment mime-application-vnd-openxmlformats-officedocument-wordprocessingml-document\"><a href=\"https:\/\/se.csbe.qc.ca\/universsocial\/files\/2018\/12\/Op\u00e9rations-intellectuelles-Sec.1-2.docx\">Op\u00e9rations-intellectuelles-Sec.1-2<\/a> <small>(427 kB)<\/small><\/li><\/ul><\/div><\/div>","protected":false},"excerpt":{"rendered":"<div class=\"page-restrict-output\"><p>Voici les op\u00e9rations intellectuelles qui sont au programme en histoire au 1er cycle, avec une explication pour chacune! \u00a0 Pour y acc\u00e9der, cliquer sur le lien ci-dessous: Op\u00e9rations-intellectuelles-Sec.1-2 Attachments Op\u00e9rations intellectuelles &#8211; Sec.1-2-3 (443 kB)Op\u00e9rations-intellectuelles-Sec.1-2 (427 kB)<\/p>\n<\/div>","protected":false},"author":9,"featured_media":0,"parent":0,"menu_order":0,"comment_status":"open","ping_status":"open","template":"","meta":{"footnotes":""},"class_list":["post-1150","page","type-page","status-publish","hentry","nodate","item-wrap"],"_links":{"self":[{"href":"https:\/\/se.csbe.qc.ca\/universsocial\/wp-json\/wp\/v2\/pages\/1150","targetHints":{"allow":["GET"]}}],"collection":[{"href":"https:\/\/se.csbe.qc.ca\/universsocial\/wp-json\/wp\/v2\/pages"}],"about":[{"href":"https:\/\/se.csbe.qc.ca\/universsocial\/wp-json\/wp\/v2\/types\/page"}],"author":[{"embeddable":true,"href":"https:\/\/se.csbe.qc.ca\/universsocial\/wp-json\/wp\/v2\/users\/9"}],"replies":[{"embeddable":true,"href":"https:\/\/se.csbe.qc.ca\/universsocial\/wp-json\/wp\/v2\/comments?post=1150"}],"version-history":[{"count":4,"href":"https:\/\/se.csbe.qc.ca\/universsocial\/wp-json\/wp\/v2\/pages\/1150\/revisions"}],"predecessor-version":[{"id":6749,"href":"https:\/\/se.csbe.qc.ca\/universsocial\/wp-json\/wp\/v2\/pages\/1150\/revisions\/6749"}],"wp:attachment":[{"href":"https:\/\/se.csbe.qc.ca\/universsocial\/wp-json\/wp\/v2\/media?parent=1150"}],"curies":[{"name":"wp","href":"https:\/\/api.w.org\/{rel}","templated":true}]}}