{"id":115,"date":"2012-10-26T18:03:31","date_gmt":"2012-10-26T17:03:31","guid":{"rendered":"https:\/\/se.csbe.qc.ca\/universsocial\/?page_id=115"},"modified":"2017-08-22T09:28:27","modified_gmt":"2017-08-22T13:28:27","slug":"programme-de-formation-de-lecole-quebecoise-pfeq-monde-contemporain","status":"publish","type":"page","link":"https:\/\/se.csbe.qc.ca\/universsocial\/programme-de-formation-de-lecole-quebecoise-pfeq-monde-contemporain\/","title":{"rendered":"Programme de formation de l&rsquo;\u00e9cole qu\u00e9b\u00e9coise (PFEQ) &#8211; Monde contemporain"},"content":{"rendered":"<div class=\"page-restrict-output\"><h2>Voici les programmes de formation en Monde contemporain :<\/h2>\n<p>&nbsp;<\/p>\n<h2><a href=\"https:\/\/se.csbe.qc.ca\/universsocial\/files\/2012\/10\/PFEQ-Monde-Contemporain.pdf\" target=\"_blank\" rel=\"noopener\">Monde Contemporain &#8211; 4 unit\u00e9s<\/a><\/h2>\n<h2><a href=\"https:\/\/se.csbe.qc.ca\/universsocial\/files\/2012\/10\/Monde-contemporain_programme_2credits-1.pdf\" target=\"_blank\" rel=\"noopener\">Monde-contemporain &#8211; 2 unit\u00e9s<\/a><\/h2>\n<!-- WP Attachments -->\r\n        <div style=\"width:100%;margin:10px 0 10px 0;\">\r\n            <h3>Attachments<\/h3>\r\n        <ul class=\"post-attachments\"><li class=\"post-attachment mime-application-pdf\"><a href=\"https:\/\/se.csbe.qc.ca\/universsocial\/files\/2012\/10\/PFEQ-Monde-Contemporain.pdf\">PFEQ - Monde Contemporain<\/a> <small>(907 kB)<\/small><\/li><li class=\"post-attachment mime-application-pdf\"><a href=\"https:\/\/se.csbe.qc.ca\/universsocial\/files\/2012\/10\/Monde-contemporain_programme_2credits-1.pdf\">Monde-contemporain_programme_2credits (1)<\/a> <small>(2 MB)<\/small><\/li><\/ul><\/div><\/div>","protected":false},"excerpt":{"rendered":"<div class=\"page-restrict-output\"><p>Voici les programmes de formation en Monde contemporain : &nbsp; Monde Contemporain &#8211; 4 unit\u00e9s Monde-contemporain &#8211; 2 unit\u00e9s Attachments PFEQ &#8211; Monde Contemporain (907 kB)Monde-contemporain_programme_2credits (1) (2 MB)<\/p>\n<\/div>","protected":false},"author":9,"featured_media":0,"parent":0,"menu_order":0,"comment_status":"open","ping_status":"closed","template":"","meta":{"footnotes":""},"class_list":["post-115","page","type-page","status-publish","hentry","nodate","item-wrap"],"_links":{"self":[{"href":"https:\/\/se.csbe.qc.ca\/universsocial\/wp-json\/wp\/v2\/pages\/115","targetHints":{"allow":["GET"]}}],"collection":[{"href":"https:\/\/se.csbe.qc.ca\/universsocial\/wp-json\/wp\/v2\/pages"}],"about":[{"href":"https:\/\/se.csbe.qc.ca\/universsocial\/wp-json\/wp\/v2\/types\/page"}],"author":[{"embeddable":true,"href":"https:\/\/se.csbe.qc.ca\/universsocial\/wp-json\/wp\/v2\/users\/9"}],"replies":[{"embeddable":true,"href":"https:\/\/se.csbe.qc.ca\/universsocial\/wp-json\/wp\/v2\/comments?post=115"}],"version-history":[{"count":9,"href":"https:\/\/se.csbe.qc.ca\/universsocial\/wp-json\/wp\/v2\/pages\/115\/revisions"}],"predecessor-version":[{"id":6013,"href":"https:\/\/se.csbe.qc.ca\/universsocial\/wp-json\/wp\/v2\/pages\/115\/revisions\/6013"}],"wp:attachment":[{"href":"https:\/\/se.csbe.qc.ca\/universsocial\/wp-json\/wp\/v2\/media?parent=115"}],"curies":[{"name":"wp","href":"https:\/\/api.w.org\/{rel}","templated":true}]}}