{"id":1147,"date":"2013-01-10T10:42:13","date_gmt":"2013-01-10T15:42:13","guid":{"rendered":"https:\/\/se.csbe.qc.ca\/universsocial\/?page_id=1147"},"modified":"2013-01-10T10:42:13","modified_gmt":"2013-01-10T15:42:13","slug":"operations-intellectuelles-geographie","status":"publish","type":"page","link":"https:\/\/se.csbe.qc.ca\/universsocial\/operations-intellectuelles-geographie\/","title":{"rendered":"Op\u00e9rations intellectuelles (G\u00e9ographie)"},"content":{"rendered":"<div class=\"page-restrict-output\"><h2><span style=\"color: #000000;\">Voici les op\u00e9rations intellectuelles qui sont au programme en g\u00e9ographie, avec une explication pour chacune!<\/span><\/h2>\n<p>&nbsp;<\/p>\n<h2><span style=\"text-decoration: underline;\"><span style=\"color: #000000; text-decoration: underline;\">Cliquer pour t\u00e9l\u00e9charger<\/span><\/span><\/h2>\n<h2><em><a href=\"https:\/\/se.csbe.qc.ca\/universsocial\/files\/2013\/01\/Op\u00e9rations-intellectuelles-G\u00e9ographie.docx\" target=\"_blank\">Op\u00e9rations intellectuelles &#8211; G\u00e9ographie<\/a><\/em><\/h2>\n<!-- WP Attachments -->\r\n        <div style=\"width:100%;margin:10px 0 10px 0;\">\r\n            <h3>Attachments<\/h3>\r\n        <ul class=\"post-attachments\"><li class=\"post-attachment mime-application-vnd-openxmlformats-officedocument-wordprocessingml-document\"><a href=\"https:\/\/se.csbe.qc.ca\/universsocial\/files\/2013\/01\/Op\u00e9rations-intellectuelles-G\u00e9ographie.docx\">Op\u00e9rations intellectuelles - G\u00e9ographie<\/a> <small>(327 kB)<\/small><\/li><\/ul><\/div><\/div>","protected":false},"excerpt":{"rendered":"<div class=\"page-restrict-output\"><p>Voici les op\u00e9rations intellectuelles qui sont au programme en g\u00e9ographie, avec une explication pour chacune! &nbsp; Cliquer pour t\u00e9l\u00e9charger Op\u00e9rations intellectuelles &#8211; G\u00e9ographie Attachments Op\u00e9rations intellectuelles &#8211; G\u00e9ographie (327 kB)<\/p>\n<\/div>","protected":false},"author":9,"featured_media":0,"parent":0,"menu_order":0,"comment_status":"open","ping_status":"open","template":"","meta":{"footnotes":""},"class_list":["post-1147","page","type-page","status-publish","hentry","nodate","item-wrap"],"_links":{"self":[{"href":"https:\/\/se.csbe.qc.ca\/universsocial\/wp-json\/wp\/v2\/pages\/1147","targetHints":{"allow":["GET"]}}],"collection":[{"href":"https:\/\/se.csbe.qc.ca\/universsocial\/wp-json\/wp\/v2\/pages"}],"about":[{"href":"https:\/\/se.csbe.qc.ca\/universsocial\/wp-json\/wp\/v2\/types\/page"}],"author":[{"embeddable":true,"href":"https:\/\/se.csbe.qc.ca\/universsocial\/wp-json\/wp\/v2\/users\/9"}],"replies":[{"embeddable":true,"href":"https:\/\/se.csbe.qc.ca\/universsocial\/wp-json\/wp\/v2\/comments?post=1147"}],"version-history":[{"count":1,"href":"https:\/\/se.csbe.qc.ca\/universsocial\/wp-json\/wp\/v2\/pages\/1147\/revisions"}],"predecessor-version":[{"id":1149,"href":"https:\/\/se.csbe.qc.ca\/universsocial\/wp-json\/wp\/v2\/pages\/1147\/revisions\/1149"}],"wp:attachment":[{"href":"https:\/\/se.csbe.qc.ca\/universsocial\/wp-json\/wp\/v2\/media?parent=1147"}],"curies":[{"name":"wp","href":"https:\/\/api.w.org\/{rel}","templated":true}]}}