{"id":1075,"date":"2013-01-09T14:56:19","date_gmt":"2013-01-09T19:56:19","guid":{"rendered":"https:\/\/se.csbe.qc.ca\/universsocial\/?page_id=1075"},"modified":"2019-12-02T08:54:20","modified_gmt":"2019-12-02T13:54:20","slug":"document-dinformation-2012-2013-epreuve-unique-sec-4","status":"publish","type":"page","link":"https:\/\/se.csbe.qc.ca\/universsocial\/document-dinformation-2012-2013-epreuve-unique-sec-4\/","title":{"rendered":"Document d&rsquo;information 2013-2014 &#8211; \u00c9preuve unique"},"content":{"rendered":"<div class=\"page-restrict-output\"><h2><span style=\"color: #000000\">Voici le document d&rsquo;information pour la pr\u00e9paration \u00e0 l&rsquo;\u00e9preuve unique de juin 2013.<\/span><\/h2>\n<h2><\/h2>\n<h2><span style=\"text-decoration: underline;color: #000000\">Cliquer pour t\u00e9l\u00e9charger<\/span><\/h2>\n<h2><em><a href=\"https:\/\/se.csbe.qc.ca\/universsocial\/files\/2013\/01\/Info-\u00c9preuve-unique-20131.pdf\" target=\"_blank\" rel=\"noopener noreferrer\">Info &#8211; \u00c9preuve unique 2013<\/a><\/em><\/h2>\n<h2><\/h2>\n<!-- WP Attachments -->\r\n        <div style=\"width:100%;margin:10px 0 10px 0;\">\r\n            <h3>Attachments<\/h3>\r\n        <ul class=\"post-attachments\"><li class=\"post-attachment mime-application-pdf\"><a href=\"https:\/\/se.csbe.qc.ca\/universsocial\/files\/2013\/01\/Info-\u00c9preuve-unique-2013.pdf\">Info - \u00c9preuve unique 2013<\/a> <small>(494 kB)<\/small><\/li><li class=\"post-attachment mime-application-pdf\"><a href=\"https:\/\/se.csbe.qc.ca\/universsocial\/files\/2013\/01\/Info-\u00c9preuve-unique-20131.pdf\">Info - \u00c9preuve unique 2013<\/a> <small>(494 kB)<\/small><\/li><\/ul><\/div><\/div>","protected":false},"excerpt":{"rendered":"<div class=\"page-restrict-output\"><p>Voici le document d&rsquo;information pour la pr\u00e9paration \u00e0 l&rsquo;\u00e9preuve unique de juin 2013. Cliquer pour t\u00e9l\u00e9charger Info &#8211; \u00c9preuve unique 2013 Attachments Info &#8211; \u00c9preuve unique 2013 (494 kB)Info &#8211; \u00c9preuve unique 2013 (494 kB)<\/p>\n<\/div>","protected":false},"author":9,"featured_media":0,"parent":0,"menu_order":0,"comment_status":"closed","ping_status":"closed","template":"","meta":{"footnotes":""},"class_list":["post-1075","page","type-page","status-publish","hentry","nodate","item-wrap"],"_links":{"self":[{"href":"https:\/\/se.csbe.qc.ca\/universsocial\/wp-json\/wp\/v2\/pages\/1075","targetHints":{"allow":["GET"]}}],"collection":[{"href":"https:\/\/se.csbe.qc.ca\/universsocial\/wp-json\/wp\/v2\/pages"}],"about":[{"href":"https:\/\/se.csbe.qc.ca\/universsocial\/wp-json\/wp\/v2\/types\/page"}],"author":[{"embeddable":true,"href":"https:\/\/se.csbe.qc.ca\/universsocial\/wp-json\/wp\/v2\/users\/9"}],"replies":[{"embeddable":true,"href":"https:\/\/se.csbe.qc.ca\/universsocial\/wp-json\/wp\/v2\/comments?post=1075"}],"version-history":[{"count":5,"href":"https:\/\/se.csbe.qc.ca\/universsocial\/wp-json\/wp\/v2\/pages\/1075\/revisions"}],"predecessor-version":[{"id":6912,"href":"https:\/\/se.csbe.qc.ca\/universsocial\/wp-json\/wp\/v2\/pages\/1075\/revisions\/6912"}],"wp:attachment":[{"href":"https:\/\/se.csbe.qc.ca\/universsocial\/wp-json\/wp\/v2\/media?parent=1075"}],"curies":[{"name":"wp","href":"https:\/\/api.w.org\/{rel}","templated":true}]}}