{"id":1042,"date":"2013-01-09T18:31:41","date_gmt":"2013-01-09T17:31:41","guid":{"rendered":"https:\/\/se.csbe.qc.ca\/universsocial\/?page_id=1042"},"modified":"2013-01-09T18:31:41","modified_gmt":"2013-01-09T17:31:41","slug":"resume-de-la-progression-des-apprentissages-sec-4","status":"publish","type":"page","link":"https:\/\/se.csbe.qc.ca\/universsocial\/resume-de-la-progression-des-apprentissages-sec-4\/","title":{"rendered":"R\u00e9sum\u00e9 de la Progression des apprentissages (Sec.4)"},"content":{"rendered":"<div class=\"page-restrict-output\"><h2><span style=\"color: #000000;\">Une version condens\u00e9e des grandes lignes de la Progression des apprentissages (PDA).<\/span><\/h2>\n<h2><span style=\"color: #000000;\">\u00a0<\/span><\/h2>\n<h2><span style=\"color: #000000;\">Merci \u00e0 Mme Julie Stewart de la C.S. des Hautes Rivi\u00e8res de bien avoir voulu participer \u00e0 un \u00e9change de mat\u00e9riel avec moi! Par le partage et l&rsquo;\u00e9change, on sort tous largement gagnants!<\/span><\/h2>\n<h2><span style=\"color: #000000;\">\u00a0<\/span><\/h2>\n<h2><span style=\"text-decoration: underline;\"><span style=\"color: #000000; text-decoration: underline;\">Cliquer pour t\u00e9l\u00e9charger<\/span><\/span><\/h2>\n<h2><em><a href=\"https:\/\/se.csbe.qc.ca\/universsocial\/files\/2013\/01\/R\u00e9sum\u00e9-de-la-PDA-sec.4.docx\" target=\"_blank\">R\u00e9sum\u00e9 de la PDA (sec.4)<\/a><\/em><\/h2>\n<!-- WP Attachments -->\r\n        <div style=\"width:100%;margin:10px 0 10px 0;\">\r\n            <h3>Attachments<\/h3>\r\n        <ul class=\"post-attachments\"><li class=\"post-attachment mime-application-vnd-openxmlformats-officedocument-wordprocessingml-document\"><a href=\"https:\/\/se.csbe.qc.ca\/universsocial\/files\/2013\/01\/R\u00e9sum\u00e9-de-la-PDA-sec.4.docx\">R\u00e9sum\u00e9 de la PDA (sec.4)<\/a> <small>(21 kB)<\/small><\/li><\/ul><\/div><\/div>","protected":false},"excerpt":{"rendered":"<div class=\"page-restrict-output\"><p>Une version condens\u00e9e des grandes lignes de la Progression des apprentissages (PDA). \u00a0 Merci \u00e0 Mme Julie Stewart de la C.S. des Hautes Rivi\u00e8res de bien avoir voulu participer \u00e0 un \u00e9change de mat\u00e9riel avec moi! Par le partage et l&rsquo;\u00e9change, on sort tous largement gagnants! \u00a0 Cliquer pour t\u00e9l\u00e9charger R\u00e9sum\u00e9 de la PDA (sec.4) &hellip; <\/p>\n<p><a class=\"more-link btn\" href=\"https:\/\/se.csbe.qc.ca\/universsocial\/resume-de-la-progression-des-apprentissages-sec-4\/\">Lire la suite<\/a><\/p>\n<\/div>","protected":false},"author":9,"featured_media":0,"parent":0,"menu_order":0,"comment_status":"open","ping_status":"open","template":"","meta":{"footnotes":""},"class_list":["post-1042","page","type-page","status-publish","hentry","nodate","item-wrap"],"_links":{"self":[{"href":"https:\/\/se.csbe.qc.ca\/universsocial\/wp-json\/wp\/v2\/pages\/1042","targetHints":{"allow":["GET"]}}],"collection":[{"href":"https:\/\/se.csbe.qc.ca\/universsocial\/wp-json\/wp\/v2\/pages"}],"about":[{"href":"https:\/\/se.csbe.qc.ca\/universsocial\/wp-json\/wp\/v2\/types\/page"}],"author":[{"embeddable":true,"href":"https:\/\/se.csbe.qc.ca\/universsocial\/wp-json\/wp\/v2\/users\/9"}],"replies":[{"embeddable":true,"href":"https:\/\/se.csbe.qc.ca\/universsocial\/wp-json\/wp\/v2\/comments?post=1042"}],"version-history":[{"count":1,"href":"https:\/\/se.csbe.qc.ca\/universsocial\/wp-json\/wp\/v2\/pages\/1042\/revisions"}],"predecessor-version":[{"id":1044,"href":"https:\/\/se.csbe.qc.ca\/universsocial\/wp-json\/wp\/v2\/pages\/1042\/revisions\/1044"}],"wp:attachment":[{"href":"https:\/\/se.csbe.qc.ca\/universsocial\/wp-json\/wp\/v2\/media?parent=1042"}],"curies":[{"name":"wp","href":"https:\/\/api.w.org\/{rel}","templated":true}]}}