{"id":1032,"date":"2013-01-09T18:26:26","date_gmt":"2013-01-09T17:26:26","guid":{"rendered":"https:\/\/se.csbe.qc.ca\/universsocial\/?page_id=1032"},"modified":"2013-01-09T18:26:26","modified_gmt":"2013-01-09T17:26:26","slug":"questions-a-reponse-elaboree-idees-sec-4","status":"publish","type":"page","link":"https:\/\/se.csbe.qc.ca\/universsocial\/questions-a-reponse-elaboree-idees-sec-4\/","title":{"rendered":"Questions \u00e0 r\u00e9ponse \u00e9labor\u00e9e &#8211; Id\u00e9es! (Sec.4)"},"content":{"rendered":"<div class=\"page-restrict-output\"><h2><span style=\"color: #000000;\">Une liste de sujets de questions \u00e0 r\u00e9ponse \u00e9labor\u00e9e \u00e0 poser \u00e0 nos \u00e9l\u00e8ves!<\/span><\/h2>\n<h2><span style=\"color: #000000;\">\u00a0<\/span><\/h2>\n<h2><span style=\"color: #000000;\">Merci \u00e0 Mme Julie Stewart de la C.S. des Hautes Rivi\u00e8res de bien avoir voulu participer \u00e0 un \u00e9change de mat\u00e9riel avec moi! Par le partage et l&rsquo;\u00e9change, on sort tous largement gagnants!<\/span><\/h2>\n<h2><span style=\"color: #000000;\">\u00a0<\/span><\/h2>\n<h2><span style=\"text-decoration: underline;\"><span style=\"color: #000000; text-decoration: underline;\">Cliquer pour t\u00e9l\u00e9charger<\/span><\/span><\/h2>\n<h2><em><a href=\"https:\/\/se.csbe.qc.ca\/universsocial\/files\/2013\/01\/Questions-\u00e0-r\u00e9ponse-\u00e9labor\u00e9e-Id\u00e9es.docx\" target=\"_blank\">Questions \u00e0 r\u00e9ponse \u00e9labor\u00e9e &#8211; Id\u00e9es<\/a><\/em><\/h2>\n<!-- WP Attachments -->\r\n        <div style=\"width:100%;margin:10px 0 10px 0;\">\r\n            <h3>Attachments<\/h3>\r\n        <ul class=\"post-attachments\"><li class=\"post-attachment mime-application-vnd-openxmlformats-officedocument-wordprocessingml-document\"><a href=\"https:\/\/se.csbe.qc.ca\/universsocial\/files\/2013\/01\/Questions-\u00e0-r\u00e9ponse-\u00e9labor\u00e9e-Id\u00e9es.docx\">Questions \u00e0 r\u00e9ponse \u00e9labor\u00e9e - Id\u00e9es<\/a> <small>(16 kB)<\/small><\/li><\/ul><\/div><\/div>","protected":false},"excerpt":{"rendered":"<div class=\"page-restrict-output\"><p>Une liste de sujets de questions \u00e0 r\u00e9ponse \u00e9labor\u00e9e \u00e0 poser \u00e0 nos \u00e9l\u00e8ves! \u00a0 Merci \u00e0 Mme Julie Stewart de la C.S. des Hautes Rivi\u00e8res de bien avoir voulu participer \u00e0 un \u00e9change de mat\u00e9riel avec moi! Par le partage et l&rsquo;\u00e9change, on sort tous largement gagnants! \u00a0 Cliquer pour t\u00e9l\u00e9charger Questions \u00e0 r\u00e9ponse &hellip; <\/p>\n<p><a class=\"more-link btn\" href=\"https:\/\/se.csbe.qc.ca\/universsocial\/questions-a-reponse-elaboree-idees-sec-4\/\">Lire la suite<\/a><\/p>\n<\/div>","protected":false},"author":9,"featured_media":0,"parent":0,"menu_order":0,"comment_status":"open","ping_status":"open","template":"","meta":{"footnotes":""},"class_list":["post-1032","page","type-page","status-publish","hentry","nodate","item-wrap"],"_links":{"self":[{"href":"https:\/\/se.csbe.qc.ca\/universsocial\/wp-json\/wp\/v2\/pages\/1032","targetHints":{"allow":["GET"]}}],"collection":[{"href":"https:\/\/se.csbe.qc.ca\/universsocial\/wp-json\/wp\/v2\/pages"}],"about":[{"href":"https:\/\/se.csbe.qc.ca\/universsocial\/wp-json\/wp\/v2\/types\/page"}],"author":[{"embeddable":true,"href":"https:\/\/se.csbe.qc.ca\/universsocial\/wp-json\/wp\/v2\/users\/9"}],"replies":[{"embeddable":true,"href":"https:\/\/se.csbe.qc.ca\/universsocial\/wp-json\/wp\/v2\/comments?post=1032"}],"version-history":[{"count":1,"href":"https:\/\/se.csbe.qc.ca\/universsocial\/wp-json\/wp\/v2\/pages\/1032\/revisions"}],"predecessor-version":[{"id":1034,"href":"https:\/\/se.csbe.qc.ca\/universsocial\/wp-json\/wp\/v2\/pages\/1032\/revisions\/1034"}],"wp:attachment":[{"href":"https:\/\/se.csbe.qc.ca\/universsocial\/wp-json\/wp\/v2\/media?parent=1032"}],"curies":[{"name":"wp","href":"https:\/\/api.w.org\/{rel}","templated":true}]}}