{"id":103,"date":"2012-10-26T18:00:01","date_gmt":"2012-10-26T17:00:01","guid":{"rendered":"https:\/\/se.csbe.qc.ca\/universsocial\/?page_id=103"},"modified":"2013-01-11T12:44:07","modified_gmt":"2013-01-11T17:44:07","slug":"programme-de-formation-de-lecole-quebecoise-pfeq-1er-cycle","status":"publish","type":"page","link":"https:\/\/se.csbe.qc.ca\/universsocial\/programme-de-formation-de-lecole-quebecoise-pfeq-1er-cycle\/","title":{"rendered":"Programme de formation de l&rsquo;\u00e9cole qu\u00e9b\u00e9coise (PFEQ) &#8211; Histoire (1er cycle)"},"content":{"rendered":"<div class=\"page-restrict-output\"><h2>Voici le PFEQ pour le 1er cycle en Histoire et \u00e9ducation \u00e0 la citoyennet\u00e9<\/h2>\n<p>&nbsp;<\/p>\n<h2><span style=\"text-decoration: underline; color: #000000;\">Pour y acc\u00e9der, cliquer sur le lien ci-dessous:<\/span><\/h2>\n<h2><em><a href=\"https:\/\/se.csbe.qc.ca\/universsocial\/files\/2012\/10\/PFEQ-Histoire-1er-cycle.pdf\" target=\"_blank\">PFEQ &#8211; Histoire (1er cycle)<\/a><\/em><\/h2>\n<!-- WP Attachments -->\r\n        <div style=\"width:100%;margin:10px 0 10px 0;\">\r\n            <h3>Attachments<\/h3>\r\n        <ul class=\"post-attachments\"><li class=\"post-attachment mime-application-pdf\"><a href=\"https:\/\/se.csbe.qc.ca\/universsocial\/files\/2012\/10\/PFEQ-Histoire-1er-cycle.pdf\">PFEQ - Histoire (1er cycle)<\/a> <small>(2 MB)<\/small><\/li><\/ul><\/div><\/div>","protected":false},"excerpt":{"rendered":"<div class=\"page-restrict-output\"><p>Voici le PFEQ pour le 1er cycle en Histoire et \u00e9ducation \u00e0 la citoyennet\u00e9 &nbsp; Pour y acc\u00e9der, cliquer sur le lien ci-dessous: PFEQ &#8211; Histoire (1er cycle) Attachments PFEQ &#8211; Histoire (1er cycle) (2 MB)<\/p>\n<\/div>","protected":false},"author":9,"featured_media":0,"parent":0,"menu_order":0,"comment_status":"open","ping_status":"closed","template":"","meta":{"footnotes":""},"class_list":["post-103","page","type-page","status-publish","hentry","nodate","item-wrap"],"_links":{"self":[{"href":"https:\/\/se.csbe.qc.ca\/universsocial\/wp-json\/wp\/v2\/pages\/103","targetHints":{"allow":["GET"]}}],"collection":[{"href":"https:\/\/se.csbe.qc.ca\/universsocial\/wp-json\/wp\/v2\/pages"}],"about":[{"href":"https:\/\/se.csbe.qc.ca\/universsocial\/wp-json\/wp\/v2\/types\/page"}],"author":[{"embeddable":true,"href":"https:\/\/se.csbe.qc.ca\/universsocial\/wp-json\/wp\/v2\/users\/9"}],"replies":[{"embeddable":true,"href":"https:\/\/se.csbe.qc.ca\/universsocial\/wp-json\/wp\/v2\/comments?post=103"}],"version-history":[{"count":8,"href":"https:\/\/se.csbe.qc.ca\/universsocial\/wp-json\/wp\/v2\/pages\/103\/revisions"}],"predecessor-version":[{"id":1217,"href":"https:\/\/se.csbe.qc.ca\/universsocial\/wp-json\/wp\/v2\/pages\/103\/revisions\/1217"}],"wp:attachment":[{"href":"https:\/\/se.csbe.qc.ca\/universsocial\/wp-json\/wp\/v2\/media?parent=103"}],"curies":[{"name":"wp","href":"https:\/\/api.w.org\/{rel}","templated":true}]}}