{"id":1015,"date":"2013-01-09T18:15:48","date_gmt":"2013-01-09T17:15:48","guid":{"rendered":"https:\/\/se.csbe.qc.ca\/universsocial\/?page_id=1015"},"modified":"2014-12-08T14:55:10","modified_gmt":"2014-12-08T19:55:10","slug":"exercice-sur-3-operations-intellectuelles-pouvoir-et-pouvoirs-sec-4","status":"publish","type":"page","link":"https:\/\/se.csbe.qc.ca\/universsocial\/exercice-sur-3-operations-intellectuelles-pouvoir-et-pouvoirs-sec-4\/","title":{"rendered":"Pouvoir et pouvoirs &#8211; Exercice sur 3 op\u00e9rations intellectuelles (Sec.4)"},"content":{"rendered":"<div class=\"page-restrict-output\"><h2><span style=\"color: #000000;\">Un exercice pour la r\u00e9alit\u00e9 \u00ab\u00a0Pouvoir et pouvoirs\u00a0\u00bb sur les op\u00e9rations intellectuelles suivantes:<\/span><\/h2>\n<h3><span style=\"color: #000000;\"><em>&#8211; \u00c9tablir des faits<\/em><\/span><\/h3>\n<h3><span style=\"color: #000000;\"><em>&#8211; Mettre en relation des faits<\/em><\/span><\/h3>\n<h3><span style=\"color: #000000;\"><em>&#8211; \u00c9tablir des comparaisons<\/em><\/span><\/h3>\n<h2><span style=\"color: #000000;\">\u00a0<\/span><\/h2>\n<h2><span style=\"color: #000000;\">Merci \u00e0 Mme Julie Stewart de la C.S. des Hautes Rivi\u00e8res de bien avoir voulu participer \u00e0 un \u00e9change de mat\u00e9riel avec moi! Par le partage et l&rsquo;\u00e9change, on sort tous largement gagnants!<\/span><\/h2>\n<h2><span style=\"color: #000000;\">\u00a0<\/span><\/h2>\n<h2><span style=\"text-decoration: underline; color: #000000;\">Cliquer pour t\u00e9l\u00e9charger<\/span><\/h2>\n<h2><em><a href=\"https:\/\/se.csbe.qc.ca\/universsocial\/files\/2013\/01\/Exercice_pour_Pouvoir_et_pouvoirs_Etablir-des-faits_Mettre_en_relation_Etablir_des_comparaisons.docx\" target=\"_blank\">Exercice_pour_Pouvoir_et_pouvoirs_Etablir des faits_Mettre_en_relation_Etablir_des_comparaisons<\/a><\/em><\/h2>\n<!-- WP Attachments -->\r\n        <div style=\"width:100%;margin:10px 0 10px 0;\">\r\n            <h3>Attachments<\/h3>\r\n        <ul class=\"post-attachments\"><li class=\"post-attachment mime-application-vnd-openxmlformats-officedocument-wordprocessingml-document\"><a href=\"https:\/\/se.csbe.qc.ca\/universsocial\/files\/2013\/01\/Pouvoir-et-pouvoirs-\u00c9tablir-des-faits+Mettre-en-relation+\u00c9tablir-des-comparaisons.docx\">Pouvoir et pouvoirs - \u00c9tablir des faits+Mettre en relation+\u00c9tablir des comparaisons<\/a> <small>(810 kB)<\/small><\/li><li class=\"post-attachment mime-application-vnd-openxmlformats-officedocument-wordprocessingml-document\"><a href=\"https:\/\/se.csbe.qc.ca\/universsocial\/files\/2013\/01\/\u00c9tablir-des-faits+Mettre-en-relation+Comparaisons-Pouvoir.docx\">\u00c9tablir des faits+Mettre en relation+Comparaisons - Pouvoir<\/a> <small>(810 kB)<\/small><\/li><li class=\"post-attachment mime-application-vnd-openxmlformats-officedocument-wordprocessingml-document\"><a href=\"https:\/\/se.csbe.qc.ca\/universsocial\/files\/2013\/01\/Exercice-pour-Pouvoir-et-pouvoirs-\u00c9tablir-des-faits+Mettre-en-relation+\u00c9tablir-des-comparaisons.docx\">Exercice pour Pouvoir et pouvoirs - \u00c9tablir des faits+Mettre en relation+\u00c9tablir des comparaisons<\/a> <small>(810 kB)<\/small><\/li><li class=\"post-attachment mime-application-vnd-openxmlformats-officedocument-wordprocessingml-document\"><a href=\"https:\/\/se.csbe.qc.ca\/universsocial\/files\/2013\/01\/Exercice-pour-Pouvoir-et-pouvoirs-\u00c9tablir-des-faits+Mettre-en-relation+\u00c9tablir-des-comparaisons1.docx\">Exercice pour Pouvoir et pouvoirs - \u00c9tablir des faits+Mettre en relation+\u00c9tablir des comparaisons<\/a> <small>(810 kB)<\/small><\/li><li class=\"post-attachment mime-application-vnd-openxmlformats-officedocument-wordprocessingml-document\"><a href=\"https:\/\/se.csbe.qc.ca\/universsocial\/files\/2013\/01\/Exercice_pour_Pouvoir_et_pouvoirs_Etablir-des-faits_Mettre_en_relation_Etablir_des_comparaisons.docx\">Exercice_pour_Pouvoir_et_pouvoirs_Etablir des faits_Mettre_en_relation_Etablir_des_comparaisons<\/a> <small>(810 kB)<\/small><\/li><\/ul><\/div><\/div>","protected":false},"excerpt":{"rendered":"<div class=\"page-restrict-output\"><p>Un exercice pour la r\u00e9alit\u00e9 \u00ab\u00a0Pouvoir et pouvoirs\u00a0\u00bb sur les op\u00e9rations intellectuelles suivantes: &#8211; \u00c9tablir des faits &#8211; Mettre en relation des faits &#8211; \u00c9tablir des comparaisons \u00a0 Merci \u00e0 Mme Julie Stewart de la C.S. des Hautes Rivi\u00e8res de bien avoir voulu participer \u00e0 un \u00e9change de mat\u00e9riel avec moi! Par le partage et &hellip; <\/p>\n<p><a class=\"more-link btn\" href=\"https:\/\/se.csbe.qc.ca\/universsocial\/exercice-sur-3-operations-intellectuelles-pouvoir-et-pouvoirs-sec-4\/\">Lire la suite<\/a><\/p>\n<\/div>","protected":false},"author":9,"featured_media":0,"parent":0,"menu_order":0,"comment_status":"open","ping_status":"open","template":"","meta":{"footnotes":""},"class_list":["post-1015","page","type-page","status-publish","hentry","nodate","item-wrap"],"_links":{"self":[{"href":"https:\/\/se.csbe.qc.ca\/universsocial\/wp-json\/wp\/v2\/pages\/1015","targetHints":{"allow":["GET"]}}],"collection":[{"href":"https:\/\/se.csbe.qc.ca\/universsocial\/wp-json\/wp\/v2\/pages"}],"about":[{"href":"https:\/\/se.csbe.qc.ca\/universsocial\/wp-json\/wp\/v2\/types\/page"}],"author":[{"embeddable":true,"href":"https:\/\/se.csbe.qc.ca\/universsocial\/wp-json\/wp\/v2\/users\/9"}],"replies":[{"embeddable":true,"href":"https:\/\/se.csbe.qc.ca\/universsocial\/wp-json\/wp\/v2\/comments?post=1015"}],"version-history":[{"count":8,"href":"https:\/\/se.csbe.qc.ca\/universsocial\/wp-json\/wp\/v2\/pages\/1015\/revisions"}],"predecessor-version":[{"id":3499,"href":"https:\/\/se.csbe.qc.ca\/universsocial\/wp-json\/wp\/v2\/pages\/1015\/revisions\/3499"}],"wp:attachment":[{"href":"https:\/\/se.csbe.qc.ca\/universsocial\/wp-json\/wp\/v2\/media?parent=1015"}],"curies":[{"name":"wp","href":"https:\/\/api.w.org\/{rel}","templated":true}]}}