{"id":1006,"date":"2013-01-09T18:11:26","date_gmt":"2013-01-09T17:11:26","guid":{"rendered":"https:\/\/se.csbe.qc.ca\/universsocial\/?page_id=1006"},"modified":"2013-01-09T18:11:34","modified_gmt":"2013-01-09T17:11:34","slug":"exercice-dassociation-termes-operations-intellectuelles-2e-cycle","status":"publish","type":"page","link":"https:\/\/se.csbe.qc.ca\/universsocial\/exercice-dassociation-termes-operations-intellectuelles-2e-cycle\/","title":{"rendered":"Exercice d&rsquo;association &#8211; Termes \/ op\u00e9rations intellectuelles (2e cycle)"},"content":{"rendered":"<div class=\"page-restrict-output\"><h2><span style=\"color: #000000;\">Un exercice sur l&rsquo;association entre des termes et les op\u00e9rations intellectuelles.<\/span><\/h2>\n<h2><span style=\"color: #000000;\">\u00a0<\/span><\/h2>\n<h2><span style=\"color: #000000;\">Merci \u00e0 Mme Julie Stewart de la C.S. des Hautes Rivi\u00e8res de bien avoir voulu participer \u00e0 un \u00e9change de mat\u00e9riel avec moi! Par le partage et l&rsquo;\u00e9change, on sort tous largement gagnants!<\/span><\/h2>\n<h2><span style=\"color: #000000;\">\u00a0<\/span><\/h2>\n<h2><span style=\"text-decoration: underline;\"><span style=\"color: #000000; text-decoration: underline;\">Cliquer pour t\u00e9l\u00e9charger<\/span><\/span><\/h2>\n<h2><em><a href=\"https:\/\/se.csbe.qc.ca\/universsocial\/files\/2013\/01\/Association-Termes-et-op\u00e9rations-intellectuelles.docx\" target=\"_blank\">Association &#8211; Termes et op\u00e9rations intellectuelles<\/a><\/em><\/h2>\n<!-- WP Attachments -->\r\n        <div style=\"width:100%;margin:10px 0 10px 0;\">\r\n            <h3>Attachments<\/h3>\r\n        <ul class=\"post-attachments\"><li class=\"post-attachment mime-application-vnd-openxmlformats-officedocument-wordprocessingml-document\"><a href=\"https:\/\/se.csbe.qc.ca\/universsocial\/files\/2013\/01\/Association-Termes-et-op\u00e9rations-intellectuelles.docx\">Association - Termes et op\u00e9rations intellectuelles<\/a> <small>(26 kB)<\/small><\/li><\/ul><\/div><\/div>","protected":false},"excerpt":{"rendered":"<div class=\"page-restrict-output\"><p>Un exercice sur l&rsquo;association entre des termes et les op\u00e9rations intellectuelles. \u00a0 Merci \u00e0 Mme Julie Stewart de la C.S. des Hautes Rivi\u00e8res de bien avoir voulu participer \u00e0 un \u00e9change de mat\u00e9riel avec moi! Par le partage et l&rsquo;\u00e9change, on sort tous largement gagnants! \u00a0 Cliquer pour t\u00e9l\u00e9charger Association &#8211; Termes et op\u00e9rations intellectuelles &hellip; <\/p>\n<p><a class=\"more-link btn\" href=\"https:\/\/se.csbe.qc.ca\/universsocial\/exercice-dassociation-termes-operations-intellectuelles-2e-cycle\/\">Lire la suite<\/a><\/p>\n<\/div>","protected":false},"author":9,"featured_media":0,"parent":0,"menu_order":0,"comment_status":"open","ping_status":"open","template":"","meta":{"footnotes":""},"class_list":["post-1006","page","type-page","status-publish","hentry","nodate","item-wrap"],"_links":{"self":[{"href":"https:\/\/se.csbe.qc.ca\/universsocial\/wp-json\/wp\/v2\/pages\/1006","targetHints":{"allow":["GET"]}}],"collection":[{"href":"https:\/\/se.csbe.qc.ca\/universsocial\/wp-json\/wp\/v2\/pages"}],"about":[{"href":"https:\/\/se.csbe.qc.ca\/universsocial\/wp-json\/wp\/v2\/types\/page"}],"author":[{"embeddable":true,"href":"https:\/\/se.csbe.qc.ca\/universsocial\/wp-json\/wp\/v2\/users\/9"}],"replies":[{"embeddable":true,"href":"https:\/\/se.csbe.qc.ca\/universsocial\/wp-json\/wp\/v2\/comments?post=1006"}],"version-history":[{"count":2,"href":"https:\/\/se.csbe.qc.ca\/universsocial\/wp-json\/wp\/v2\/pages\/1006\/revisions"}],"predecessor-version":[{"id":1009,"href":"https:\/\/se.csbe.qc.ca\/universsocial\/wp-json\/wp\/v2\/pages\/1006\/revisions\/1009"}],"wp:attachment":[{"href":"https:\/\/se.csbe.qc.ca\/universsocial\/wp-json\/wp\/v2\/media?parent=1006"}],"curies":[{"name":"wp","href":"https:\/\/api.w.org\/{rel}","templated":true}]}}