{"id":1002,"date":"2013-01-09T18:09:44","date_gmt":"2013-01-09T17:09:44","guid":{"rendered":"https:\/\/se.csbe.qc.ca\/universsocial\/?page_id=1002"},"modified":"2013-01-09T18:16:49","modified_gmt":"2013-01-09T17:16:49","slug":"exercice-sur-la-chronologie-sec-4","status":"publish","type":"page","link":"https:\/\/se.csbe.qc.ca\/universsocial\/exercice-sur-la-chronologie-sec-4\/","title":{"rendered":"Exercice sur la chronologie (Sec.4)"},"content":{"rendered":"<div class=\"page-restrict-output\"><h2><span style=\"color: #000000;\">Un exercice sur la chronologie des personnages, des acteurs et des territoires de l&rsquo;histoire du Qu\u00e9bec.<\/span><\/h2>\n<h2><\/h2>\n<h2><span style=\"color: #000000;\">Merci \u00e0 Mme Julie Stewart de la C.S. des Hautes Rivi\u00e8res de bien avoir voulu participer \u00e0 un \u00e9change de mat\u00e9riel avec moi! Par le partage et l&rsquo;\u00e9change, on sort tous largement gagnants!<\/span><\/h2>\n<h2><\/h2>\n<h2><span style=\"text-decoration: underline; color: #000000;\">Cliquer pour t\u00e9l\u00e9charger<\/span><\/h2>\n<h2><em><a href=\"https:\/\/se.csbe.qc.ca\/universsocial\/files\/2013\/01\/Chronologie-Territoires-Acteurs-Termes.docx\" target=\"_blank\">Chronologie &#8211; Territoires-Acteurs-Termes<\/a><\/em><\/h2>\n<p>&nbsp;<\/p>\n<!-- WP Attachments -->\r\n        <div style=\"width:100%;margin:10px 0 10px 0;\">\r\n            <h3>Attachments<\/h3>\r\n        <ul class=\"post-attachments\"><li class=\"post-attachment mime-application-vnd-openxmlformats-officedocument-wordprocessingml-document\"><a href=\"https:\/\/se.csbe.qc.ca\/universsocial\/files\/2013\/01\/Chronologie-Territoires-Acteurs-Termes.docx\">Chronologie - Territoires-Acteurs-Termes<\/a> <small>(424 kB)<\/small><\/li><\/ul><\/div><\/div>","protected":false},"excerpt":{"rendered":"<div class=\"page-restrict-output\"><p>Un exercice sur la chronologie des personnages, des acteurs et des territoires de l&rsquo;histoire du Qu\u00e9bec. Merci \u00e0 Mme Julie Stewart de la C.S. des Hautes Rivi\u00e8res de bien avoir voulu participer \u00e0 un \u00e9change de mat\u00e9riel avec moi! Par le partage et l&rsquo;\u00e9change, on sort tous largement gagnants! Cliquer pour t\u00e9l\u00e9charger Chronologie &#8211; Territoires-Acteurs-Termes &hellip; <\/p>\n<p><a class=\"more-link btn\" href=\"https:\/\/se.csbe.qc.ca\/universsocial\/exercice-sur-la-chronologie-sec-4\/\">Lire la suite<\/a><\/p>\n<\/div>","protected":false},"author":9,"featured_media":0,"parent":0,"menu_order":0,"comment_status":"open","ping_status":"closed","template":"","meta":{"footnotes":""},"class_list":["post-1002","page","type-page","status-publish","hentry","nodate","item-wrap"],"_links":{"self":[{"href":"https:\/\/se.csbe.qc.ca\/universsocial\/wp-json\/wp\/v2\/pages\/1002","targetHints":{"allow":["GET"]}}],"collection":[{"href":"https:\/\/se.csbe.qc.ca\/universsocial\/wp-json\/wp\/v2\/pages"}],"about":[{"href":"https:\/\/se.csbe.qc.ca\/universsocial\/wp-json\/wp\/v2\/types\/page"}],"author":[{"embeddable":true,"href":"https:\/\/se.csbe.qc.ca\/universsocial\/wp-json\/wp\/v2\/users\/9"}],"replies":[{"embeddable":true,"href":"https:\/\/se.csbe.qc.ca\/universsocial\/wp-json\/wp\/v2\/comments?post=1002"}],"version-history":[{"count":4,"href":"https:\/\/se.csbe.qc.ca\/universsocial\/wp-json\/wp\/v2\/pages\/1002\/revisions"}],"predecessor-version":[{"id":1018,"href":"https:\/\/se.csbe.qc.ca\/universsocial\/wp-json\/wp\/v2\/pages\/1002\/revisions\/1018"}],"wp:attachment":[{"href":"https:\/\/se.csbe.qc.ca\/universsocial\/wp-json\/wp\/v2\/media?parent=1002"}],"curies":[{"name":"wp","href":"https:\/\/api.w.org\/{rel}","templated":true}]}}