{"id":83,"date":"2016-06-16T11:06:04","date_gmt":"2016-06-16T15:06:04","guid":{"rendered":"https:\/\/se.csbe.qc.ca\/passepartout\/?page_id=83"},"modified":"2017-06-09T15:39:29","modified_gmt":"2017-06-09T19:39:29","slug":"notre-equipe","status":"publish","type":"page","link":"https:\/\/se.csbe.qc.ca\/passepartout\/notre-equipe\/","title":{"rendered":"Notre \u00e9quipe"},"content":{"rendered":"<div class=\"page-restrict-output\"><h1 style=\"text-align: center\"><span style=\"font-family: 'trebuchet ms', geneva\"><strong>L&rsquo;\u00e9quipe Passe-Partout\u00a0<\/strong><\/span><\/h1>\n<p>&nbsp;<\/p>\n<table width=\"708\">\n<tbody>\n<tr>\n<td width=\"112\"><img loading=\"lazy\" decoding=\"async\" class=\"aligncenter size-full wp-image-1101\" src=\"https:\/\/se.csbe.qc.ca\/passepartout\/files\/2016\/06\/Annie.png\" alt=\"\" width=\"97\" height=\"76\" \/><\/td>\n<td width=\"133\">&nbsp;<\/p>\n<p><a href=\"https:\/\/se.csbe.qc.ca\/passepartout\/annie-aubin\">Annie Aubin<\/a><\/td>\n<td width=\"110\"><img loading=\"lazy\" decoding=\"async\" class=\"aligncenter size-full wp-image-1100\" src=\"https:\/\/se.csbe.qc.ca\/passepartout\/files\/2016\/06\/Julie.png\" alt=\"\" width=\"94\" height=\"75\" \/><\/td>\n<td width=\"117\">&nbsp;<\/p>\n<p><a href=\"https:\/\/se.csbe.qc.ca\/passepartout\/julie-aubin\">Julie Aubin<\/a><\/td>\n<td width=\"112\"><img loading=\"lazy\" decoding=\"async\" class=\"aligncenter size-full wp-image-1102\" src=\"https:\/\/se.csbe.qc.ca\/passepartout\/files\/2016\/06\/Catherine.png\" alt=\"\" width=\"90\" height=\"79\" \/><\/td>\n<td width=\"123\">&nbsp;<\/p>\n<p><a href=\"https:\/\/se.csbe.qc.ca\/passepartout\/catherine-aubry\/\">Catherine Aubry<\/a><\/td>\n<\/tr>\n<tr>\n<td width=\"112\"><\/td>\n<td width=\"133\"><\/td>\n<td width=\"110\"><\/td>\n<td width=\"117\"><\/td>\n<td width=\"112\"><\/td>\n<td width=\"123\"><\/td>\n<\/tr>\n<tr>\n<td width=\"112\"><img loading=\"lazy\" decoding=\"async\" class=\"aligncenter size-full wp-image-1103\" src=\"https:\/\/se.csbe.qc.ca\/passepartout\/files\/2016\/06\/Gloria.png\" alt=\"\" width=\"100\" height=\"86\" \/><\/td>\n<td width=\"133\">&nbsp;<\/p>\n<p><a href=\"https:\/\/se.csbe.qc.ca\/passepartout\/gloria-babineau\">Gloria Babineau<\/a><\/td>\n<td width=\"110\"><img loading=\"lazy\" decoding=\"async\" class=\"aligncenter size-full wp-image-1104\" src=\"https:\/\/se.csbe.qc.ca\/passepartout\/files\/2016\/06\/Nathalie.png\" alt=\"\" width=\"99\" height=\"83\" \/><\/td>\n<td width=\"117\">&nbsp;<\/p>\n<p><a href=\"https:\/\/se.csbe.qc.ca\/passepartout\/nathalie-begin\">Nathalie B\u00e9gin<\/a><\/td>\n<td width=\"112\"><img loading=\"lazy\" decoding=\"async\" class=\"aligncenter size-full wp-image-1105\" src=\"https:\/\/se.csbe.qc.ca\/passepartout\/files\/2016\/06\/Marie-Claude.png\" alt=\"\" width=\"94\" height=\"80\" \/><\/td>\n<td width=\"123\">&nbsp;<\/p>\n<p><a href=\"https:\/\/se.csbe.qc.ca\/passepartout\/marie-claude-blais\">Marie-Claude Blais<\/a><\/td>\n<\/tr>\n<tr>\n<td width=\"112\"><\/td>\n<td width=\"133\"><\/td>\n<td width=\"110\"><\/td>\n<td width=\"117\"><\/td>\n<td width=\"112\"><\/td>\n<td width=\"123\"><\/td>\n<\/tr>\n<tr>\n<td width=\"112\"><img loading=\"lazy\" decoding=\"async\" class=\"aligncenter size-full wp-image-1106\" src=\"https:\/\/se.csbe.qc.ca\/passepartout\/files\/2016\/06\/Marl\u00e8ne.png\" alt=\"\" width=\"107\" height=\"84\" \/><\/td>\n<td width=\"133\">&nbsp;<\/p>\n<p><a href=\"https:\/\/se.csbe.qc.ca\/passepartout\/marlene-boutin\">Marl\u00e8ne Boutin<\/a><\/td>\n<td width=\"110\"><img loading=\"lazy\" decoding=\"async\" class=\"aligncenter size-full wp-image-1107\" src=\"https:\/\/se.csbe.qc.ca\/passepartout\/files\/2016\/06\/Marie-Eve.png\" alt=\"\" width=\"102\" height=\"86\" \/><\/td>\n<td width=\"117\">&nbsp;<\/p>\n<p><a href=\"https:\/\/se.csbe.qc.ca\/passepartout\/marie-eve-champion\">Marie-Eve Champion<\/a><\/td>\n<td width=\"112\"><img loading=\"lazy\" decoding=\"async\" class=\"aligncenter size-full wp-image-1108\" src=\"https:\/\/se.csbe.qc.ca\/passepartout\/files\/2016\/06\/Julie-C.png\" alt=\"\" width=\"91\" height=\"85\" \/><\/td>\n<td width=\"123\">&nbsp;<\/p>\n<p><a href=\"https:\/\/se.csbe.qc.ca\/passepartout\/julie-cloutier\">Julie Cloutier<\/a><\/td>\n<\/tr>\n<tr>\n<td width=\"112\"><\/td>\n<td width=\"133\"><\/td>\n<td width=\"110\"><\/td>\n<td width=\"117\"><\/td>\n<td width=\"112\"><\/td>\n<td width=\"123\"><\/td>\n<\/tr>\n<tr>\n<td width=\"112\"><img loading=\"lazy\" decoding=\"async\" class=\"aligncenter size-full wp-image-1109\" src=\"https:\/\/se.csbe.qc.ca\/passepartout\/files\/2016\/06\/Edith.png\" alt=\"\" width=\"98\" height=\"69\" \/><\/td>\n<td width=\"133\">&nbsp;<\/p>\n<p><a href=\"https:\/\/se.csbe.qc.ca\/passepartout\/edith-leclerc\">Edith Leclerc<\/a><\/td>\n<td width=\"110\"><img loading=\"lazy\" decoding=\"async\" class=\"aligncenter size-full wp-image-1110\" src=\"https:\/\/se.csbe.qc.ca\/passepartout\/files\/2016\/06\/Annie-Claude-1.png\" alt=\"\" width=\"98\" height=\"80\" \/><\/td>\n<td width=\"117\">&nbsp;<\/p>\n<p><a href=\"https:\/\/se.csbe.qc.ca\/passepartout\/annie-claude-c-leclerc\">Annie-Claude C. Leclerc<\/a><\/td>\n<td width=\"112\"><img loading=\"lazy\" decoding=\"async\" class=\"aligncenter size-full wp-image-1111\" src=\"https:\/\/se.csbe.qc.ca\/passepartout\/files\/2016\/06\/Chantal.png\" alt=\"\" width=\"92\" height=\"80\" \/><\/td>\n<td width=\"123\">&nbsp;<\/p>\n<p><a href=\"https:\/\/se.csbe.qc.ca\/passepartout\/chantal-poulin\">Chantal Poulin<\/a><\/td>\n<\/tr>\n<tr>\n<td width=\"112\"><\/td>\n<td width=\"133\"><\/td>\n<td width=\"110\"><\/td>\n<td width=\"117\"><\/td>\n<td width=\"112\"><\/td>\n<td width=\"123\"><\/td>\n<\/tr>\n<tr>\n<td width=\"112\"><img loading=\"lazy\" decoding=\"async\" class=\"aligncenter size-full wp-image-1113\" src=\"https:\/\/se.csbe.qc.ca\/passepartout\/files\/2016\/06\/Eric.png\" alt=\"\" width=\"91\" height=\"83\" \/><\/td>\n<td width=\"133\">&nbsp;<\/p>\n<p><a href=\"https:\/\/se.csbe.qc.ca\/passepartout\/eric-rodrigue\">\u00c9ric Rodrigue<\/a><\/td>\n<td width=\"110\"><\/td>\n<td width=\"117\"><\/td>\n<td width=\"112\"><\/td>\n<td width=\"123\"><\/td>\n<\/tr>\n<tr>\n<td width=\"112\"><\/td>\n<td width=\"133\"><\/td>\n<td width=\"110\"><\/td>\n<td width=\"117\"><\/td>\n<td width=\"112\"><\/td>\n<td width=\"123\"><\/td>\n<\/tr>\n<tr>\n<td width=\"112\"><img loading=\"lazy\" decoding=\"async\" class=\"aligncenter size-full wp-image-1114\" src=\"https:\/\/se.csbe.qc.ca\/passepartout\/files\/2016\/06\/Vincent-2.png\" alt=\"\" width=\"83\" height=\"85\" \/><\/td>\n<td width=\"133\">&nbsp;<\/p>\n<p><strong>Vincent Lemieux,<\/strong><br \/>\n<strong>Coordonnateur aux Services \u00e9ducatifs &#8211;<\/strong> Pr\u00e9scolaire, primaire &amp; secondaire<\/td>\n<td width=\"110\"><img loading=\"lazy\" decoding=\"async\" class=\"aligncenter size-full wp-image-1115\" src=\"https:\/\/se.csbe.qc.ca\/passepartout\/files\/2016\/06\/Gloria-1.png\" alt=\"\" width=\"100\" height=\"86\" \/><\/td>\n<td width=\"117\">&nbsp;<\/p>\n<p><a href=\"https:\/\/se.csbe.qc.ca\/passepartout\/responsable-passe-partout\"><strong>Gloria Babineau<\/strong><\/a>,<br \/>\nResponsable de l\u2019\u00e9quipe Passe-Partout<\/td>\n<td width=\"112\"><img loading=\"lazy\" decoding=\"async\" class=\"aligncenter size-full wp-image-1116\" src=\"https:\/\/se.csbe.qc.ca\/passepartout\/files\/2016\/06\/Audrey.png\" alt=\"\" width=\"84\" height=\"76\" \/><\/td>\n<td width=\"123\">&nbsp;<\/p>\n<p><strong><a href=\"https:\/\/se.csbe.qc.ca\/passepartout\/secretaire-passe-partout\">Audrey Samson<\/a>,<\/strong><br \/>\nSecr\u00e9taire Passe-Partout<\/td>\n<\/tr>\n<\/tbody>\n<\/table>\n<\/div>","protected":false},"excerpt":{"rendered":"<div class=\"page-restrict-output\"><p>L&rsquo;\u00e9quipe Passe-Partout\u00a0 &nbsp; &nbsp; Annie Aubin &nbsp; Julie Aubin &nbsp; Catherine Aubry &nbsp; Gloria Babineau &nbsp; Nathalie B\u00e9gin &nbsp; Marie-Claude Blais &nbsp; Marl\u00e8ne Boutin &nbsp; Marie-Eve Champion &nbsp; Julie Cloutier &nbsp; Edith Leclerc &nbsp; Annie-Claude C. Leclerc &nbsp; Chantal Poulin &nbsp; \u00c9ric Rodrigue &nbsp; Vincent Lemieux, Coordonnateur aux Services \u00e9ducatifs &#8211; Pr\u00e9scolaire, primaire &amp; secondaire [&hellip;]<\/p>\n<\/div>","protected":false},"author":680,"featured_media":0,"parent":0,"menu_order":0,"comment_status":"closed","ping_status":"closed","template":"","meta":{"footnotes":""},"class_list":["post-83","page","type-page","status-publish","hentry"],"_links":{"self":[{"href":"https:\/\/se.csbe.qc.ca\/passepartout\/wp-json\/wp\/v2\/pages\/83","targetHints":{"allow":["GET"]}}],"collection":[{"href":"https:\/\/se.csbe.qc.ca\/passepartout\/wp-json\/wp\/v2\/pages"}],"about":[{"href":"https:\/\/se.csbe.qc.ca\/passepartout\/wp-json\/wp\/v2\/types\/page"}],"author":[{"embeddable":true,"href":"https:\/\/se.csbe.qc.ca\/passepartout\/wp-json\/wp\/v2\/users\/680"}],"replies":[{"embeddable":true,"href":"https:\/\/se.csbe.qc.ca\/passepartout\/wp-json\/wp\/v2\/comments?post=83"}],"version-history":[{"count":195,"href":"https:\/\/se.csbe.qc.ca\/passepartout\/wp-json\/wp\/v2\/pages\/83\/revisions"}],"predecessor-version":[{"id":1174,"href":"https:\/\/se.csbe.qc.ca\/passepartout\/wp-json\/wp\/v2\/pages\/83\/revisions\/1174"}],"wp:attachment":[{"href":"https:\/\/se.csbe.qc.ca\/passepartout\/wp-json\/wp\/v2\/media?parent=83"}],"curies":[{"name":"wp","href":"https:\/\/api.w.org\/{rel}","templated":true}]}}