{"id":237,"date":"2016-07-06T13:48:41","date_gmt":"2016-07-06T17:48:41","guid":{"rendered":"https:\/\/se.csbe.qc.ca\/passepartout\/?page_id=237"},"modified":"2017-01-11T11:23:10","modified_gmt":"2017-01-11T16:23:10","slug":"volet-enfant","status":"publish","type":"page","link":"https:\/\/se.csbe.qc.ca\/passepartout\/volet-enfant\/","title":{"rendered":"Volet enfant"},"content":{"rendered":"<div class=\"page-restrict-output\"><p><span style=\"font-family: 'trebuchet ms', geneva;\"><a href=\"https:\/\/se.csbe.qc.ca\/passepartout\/files\/2016\/07\/kids-978181_1920.jpg\"><img loading=\"lazy\" decoding=\"async\" class=\"aligncenter wp-image-254 \" src=\"https:\/\/se.csbe.qc.ca\/passepartout\/files\/2016\/07\/kids-978181_1920-e1467831348548-300x184.jpg\" alt=\"kids-978181_1920\" width=\"339\" height=\"208\" srcset=\"https:\/\/se.csbe.qc.ca\/passepartout\/files\/2016\/07\/kids-978181_1920-e1467831348548-300x184.jpg 300w, https:\/\/se.csbe.qc.ca\/passepartout\/files\/2016\/07\/kids-978181_1920-e1467831348548-768x471.jpg 768w, https:\/\/se.csbe.qc.ca\/passepartout\/files\/2016\/07\/kids-978181_1920-e1467831348548-1024x628.jpg 1024w, https:\/\/se.csbe.qc.ca\/passepartout\/files\/2016\/07\/kids-978181_1920-e1467831348548.jpg 1377w\" sizes=\"auto, (max-width: 339px) 100vw, 339px\" \/><\/a><\/span><\/p>\n<h3 style=\"text-align: left;\"><span style=\"font-family: 'trebuchet ms', geneva;\">Les enfants participent \u00e0 16 rencontres \u00e0 l\u2019\u00e9cole de votre municipalit\u00e9. Les rencontres sont \u00e9chelonn\u00e9es de septembre \u00e0 juin et sont offertes de jour afin de pouvoir profiter de la vie de l\u2019\u00e9cole.<\/span><\/h3>\n<h3><span style=\"font-family: 'trebuchet ms', geneva;\">Certaines rencontres se tiennent en m\u00eame temps que les rencontres parent-enfant mais dans un local diff\u00e9rent et durant une dur\u00e9e sp\u00e9cifique.<\/span><\/h3>\n<h3><span style=\"font-family: 'trebuchet ms', geneva;\">Lors des autres rencontres l\u2019enfant vient seul et ce, pendant les heures d\u2019\u00e9cole. Une visite de la maternelle est organis\u00e9e avec l\u2019enseignante en fin d\u2019ann\u00e9e. Des activit\u00e9s sp\u00e9ciales (sortie, spectacle) sont aussi pr\u00e9vues au calendrier.<\/span><\/h3>\n<p>&nbsp;<\/p>\n<h1 style=\"text-align: center;\"><span style=\"font-family: 'trebuchet ms', geneva;\"><b>Intentions des activit\u00e9s enfants<br \/>\n<\/b><\/span><\/h1>\n<ul>\n<li>\n<h3><span style=\"font-family: 'trebuchet ms', geneva;\">Soutenir l\u2019enfant dans sa d\u00e9couverte de l\u2019\u00e9cole: les lieux, le fonctionnement et les intervenants.<\/span><\/h3>\n<\/li>\n<li>\n<h3><span style=\"font-family: 'trebuchet ms', geneva;\">Donner \u00e0 l\u2019enfant l\u2019occasion de rencontrer ses futures camarades de classe et de tisser des liens d\u2019amiti\u00e9.<\/span><\/h3>\n<\/li>\n<li>\n<h3><span style=\"font-family: 'trebuchet ms', geneva;\">Intervenir aupr\u00e8s de l\u2019enfant qui pr\u00e9sente certains d\u00e9fis afin de mieux pr\u00e9parer son entr\u00e9e \u00e0 l\u2019\u00e9cole.<\/span><\/h3>\n<\/li>\n<li>\n<h3><span style=\"font-family: 'trebuchet ms', geneva;\">Favoriser l\u2019adaptation de l\u2019enfant par le d\u00e9veloppement de son autonomie, sa s\u00e9curit\u00e9 et sa confiance.<\/span><\/h3>\n<\/li>\n<\/ul>\n<h3 style=\"text-align: center;\"><span style=\"font-family: 'trebuchet ms', geneva;\"><a href=\"https:\/\/se.csbe.qc.ca\/passepartout\/passe-partout\/\"><strong>Retour<\/strong><\/a><\/span><\/h3>\n<\/div>","protected":false},"excerpt":{"rendered":"<div class=\"page-restrict-output\"><p>Les enfants participent \u00e0 16 rencontres \u00e0 l\u2019\u00e9cole de votre municipalit\u00e9. Les rencontres sont \u00e9chelonn\u00e9es de septembre \u00e0 juin et sont offertes de jour afin de pouvoir profiter de la vie de l\u2019\u00e9cole. Certaines rencontres se tiennent en m\u00eame temps que les rencontres parent-enfant mais dans un local diff\u00e9rent et durant une dur\u00e9e sp\u00e9cifique. Lors [&hellip;]<\/p>\n<\/div>","protected":false},"author":680,"featured_media":0,"parent":0,"menu_order":0,"comment_status":"closed","ping_status":"closed","template":"","meta":{"footnotes":""},"class_list":["post-237","page","type-page","status-publish","hentry"],"_links":{"self":[{"href":"https:\/\/se.csbe.qc.ca\/passepartout\/wp-json\/wp\/v2\/pages\/237","targetHints":{"allow":["GET"]}}],"collection":[{"href":"https:\/\/se.csbe.qc.ca\/passepartout\/wp-json\/wp\/v2\/pages"}],"about":[{"href":"https:\/\/se.csbe.qc.ca\/passepartout\/wp-json\/wp\/v2\/types\/page"}],"author":[{"embeddable":true,"href":"https:\/\/se.csbe.qc.ca\/passepartout\/wp-json\/wp\/v2\/users\/680"}],"replies":[{"embeddable":true,"href":"https:\/\/se.csbe.qc.ca\/passepartout\/wp-json\/wp\/v2\/comments?post=237"}],"version-history":[{"count":12,"href":"https:\/\/se.csbe.qc.ca\/passepartout\/wp-json\/wp\/v2\/pages\/237\/revisions"}],"predecessor-version":[{"id":897,"href":"https:\/\/se.csbe.qc.ca\/passepartout\/wp-json\/wp\/v2\/pages\/237\/revisions\/897"}],"wp:attachment":[{"href":"https:\/\/se.csbe.qc.ca\/passepartout\/wp-json\/wp\/v2\/media?parent=237"}],"curies":[{"name":"wp","href":"https:\/\/api.w.org\/{rel}","templated":true}]}}