{"id":223,"date":"2016-07-06T13:42:03","date_gmt":"2016-07-06T17:42:03","guid":{"rendered":"https:\/\/se.csbe.qc.ca\/passepartout\/?page_id=223"},"modified":"2017-01-11T11:50:08","modified_gmt":"2017-01-11T16:50:08","slug":"volet-parent","status":"publish","type":"page","link":"https:\/\/se.csbe.qc.ca\/passepartout\/volet-parent\/","title":{"rendered":"Volet parent"},"content":{"rendered":"<div class=\"page-restrict-output\"><h3><strong><a href=\"https:\/\/se.csbe.qc.ca\/passepartout\/files\/2016\/06\/cropped-dad-1417777.jpg\"><img loading=\"lazy\" decoding=\"async\" class=\" wp-image-112 aligncenter\" src=\"https:\/\/se.csbe.qc.ca\/passepartout\/files\/2016\/06\/cropped-dad-1417777-300x86.jpg\" alt=\"cropped-dad-1417777.jpg\" width=\"530\" height=\"152\" srcset=\"https:\/\/se.csbe.qc.ca\/passepartout\/files\/2016\/06\/cropped-dad-1417777-300x86.jpg 300w, https:\/\/se.csbe.qc.ca\/passepartout\/files\/2016\/06\/cropped-dad-1417777-768x221.jpg 768w, https:\/\/se.csbe.qc.ca\/passepartout\/files\/2016\/06\/cropped-dad-1417777-500x144.jpg 500w, https:\/\/se.csbe.qc.ca\/passepartout\/files\/2016\/06\/cropped-dad-1417777.jpg 1000w\" sizes=\"auto, (max-width: 530px) 100vw, 530px\" \/><\/a><\/strong><br \/>\n<span style=\"font-family: 'trebuchet ms', geneva;\"> Vous participez \u00e0 un minimum de 8 rencontres avec votre enfant. Les rencontres portent sur les relations parents-enfants. Celles-ci ont lieu lors des rencontres parents-enfants et font suite aux activit\u00e9s parents-enfants.<\/span><\/h3>\n<h3><span style=\"font-family: 'trebuchet ms', geneva;\">Lors de chacune des rencontres \u00ab parent-enfant \u00bb, le parent et l\u2019enfant partagent un temps d\u2019activit\u00e9s conjointement. Ces moments privil\u00e9gi\u00e9s vous permettent d\u2019\u00eatre initi\u00e9s ensemble \u00e0 la vie de l\u2019\u00e9cole. Ils vous permettent de voir \u00e9voluer votre enfant au sein d\u2019un groupe, dans un contexte scolaire et de soutenir ce dernier dans son cheminement.<\/span><\/h3>\n<h3 style=\"text-align: left;\"><span style=\"font-family: 'trebuchet ms', geneva;\">Vous pourrez :<\/span><\/h3>\n<ul>\n<li>\n<h3><span style=\"font-family: 'trebuchet ms', geneva;\">Vous familiariser avec le milieu \u00e9cole;<\/span><\/h3>\n<\/li>\n<li>\n<h3><span style=\"font-family: 'trebuchet ms', geneva;\">D\u00e9couvrir les cl\u00e9s menant \u00e0 la r\u00e9ussite scolaire;<\/span><\/h3>\n<\/li>\n<li>\n<h3><span style=\"font-family: 'trebuchet ms', geneva;\">\u00catre inform\u00e9, soutenu, outill\u00e9 pour accompagner votre enfant dans son futur parcours scolaire;<\/span><\/h3>\n<\/li>\n<li>\n<h3><span style=\"font-family: 'trebuchet ms', geneva;\">\u00c9changer avec d\u2019autres parents.<\/span><\/h3>\n<\/li>\n<\/ul>\n<p>&nbsp;<\/p>\n<h1 style=\"text-align: center;\"><span style=\"font-family: 'trebuchet ms', geneva;\"><b>Intentions des activit\u00e9s parents-enfants<\/b><\/span><\/h1>\n<p>&nbsp;<\/p>\n<h2 style=\"text-align: center;\"><span style=\"font-family: 'trebuchet ms', geneva;\"><b>Permettre aux parents d\u2019accompagner et\u00a0 de <\/b><b>s<\/b><b>\u00e9curiser leur enfant<\/b><b>\u00a0<\/b><b>lors de ses premiers pas dans le monde scolaire.<\/b><\/span><\/h2>\n<ul>\n<li>\n<h3><span style=\"font-family: 'trebuchet ms', geneva;\">Permettre au parent de se reconna\u00eetre comme principal\u00a0responsable de l\u2019\u00e9ducation de son enfant et partenaire indispensable de l\u2019\u00e9cole.<\/span><\/h3>\n<\/li>\n<li>\n<h3><span style=\"font-family: 'trebuchet ms', geneva;\">Soutenir les parents dans la transmission\u00a0\u00e0 leur enfant de valeurs positives en lien avec l\u2019\u00e9cole .<\/span><\/h3>\n<\/li>\n<li>\n<h3><span style=\"font-family: 'trebuchet ms', geneva;\">Soutenir les parents dans la cr\u00e9ation et le maintien d\u2019un encadrement\u00a0pour leur enfant.<\/span><\/h3>\n<\/li>\n<li>\n<h3><span style=\"font-family: 'trebuchet ms', geneva;\">Outiller et soutenir les parents pour qu\u2019ils favorisent le d\u00e9veloppement\u00a0psychomoteur, affectif, social, langagier et cognitif de leur enfant.<\/span><\/h3>\n<\/li>\n<li style=\"text-align: left;\">\n<h3><span style=\"font-family: 'trebuchet ms', geneva;\">Soutenir les parents dont l\u2019enfant pr\u00e9sente certains d\u00e9fis\u00a0pour\u00a0 les aider \u00e0 mieux pr\u00e9parer son entr\u00e9e \u00e0 l\u2019\u00e9cole.<\/span><\/h3>\n<\/li>\n<\/ul>\n<p>&nbsp;<\/p>\n<h2 style=\"text-align: center;\"><span style=\"font-family: 'trebuchet ms', geneva;\"><b>Donner l\u2019occasion aux parents de vivre\u00a0<\/b><b>des moments de plaisir avec leur enfant \u00e0 l\u2019\u00e9cole et d\u2019enrichir leur relation.<\/b><\/span><\/h2>\n<h4 style=\"text-align: center;\"><span style=\"font-family: 'trebuchet ms', geneva;\"><a href=\"https:\/\/se.csbe.qc.ca\/passepartout\/passe-partout\/\"><strong>Retour<\/strong><\/a><\/span><\/h4>\n<\/div>","protected":false},"excerpt":{"rendered":"<div class=\"page-restrict-output\"><p>Vous participez \u00e0 un minimum de 8 rencontres avec votre enfant. Les rencontres portent sur les relations parents-enfants. Celles-ci ont lieu lors des rencontres parents-enfants et font suite aux activit\u00e9s parents-enfants. Lors de chacune des rencontres \u00ab parent-enfant \u00bb, le parent et l\u2019enfant partagent un temps d\u2019activit\u00e9s conjointement. Ces moments privil\u00e9gi\u00e9s vous permettent d\u2019\u00eatre initi\u00e9s [&hellip;]<\/p>\n<\/div>","protected":false},"author":680,"featured_media":0,"parent":0,"menu_order":0,"comment_status":"closed","ping_status":"closed","template":"","meta":{"footnotes":""},"class_list":["post-223","page","type-page","status-publish","hentry"],"_links":{"self":[{"href":"https:\/\/se.csbe.qc.ca\/passepartout\/wp-json\/wp\/v2\/pages\/223","targetHints":{"allow":["GET"]}}],"collection":[{"href":"https:\/\/se.csbe.qc.ca\/passepartout\/wp-json\/wp\/v2\/pages"}],"about":[{"href":"https:\/\/se.csbe.qc.ca\/passepartout\/wp-json\/wp\/v2\/types\/page"}],"author":[{"embeddable":true,"href":"https:\/\/se.csbe.qc.ca\/passepartout\/wp-json\/wp\/v2\/users\/680"}],"replies":[{"embeddable":true,"href":"https:\/\/se.csbe.qc.ca\/passepartout\/wp-json\/wp\/v2\/comments?post=223"}],"version-history":[{"count":20,"href":"https:\/\/se.csbe.qc.ca\/passepartout\/wp-json\/wp\/v2\/pages\/223\/revisions"}],"predecessor-version":[{"id":935,"href":"https:\/\/se.csbe.qc.ca\/passepartout\/wp-json\/wp\/v2\/pages\/223\/revisions\/935"}],"wp:attachment":[{"href":"https:\/\/se.csbe.qc.ca\/passepartout\/wp-json\/wp\/v2\/media?parent=223"}],"curies":[{"name":"wp","href":"https:\/\/api.w.org\/{rel}","templated":true}]}}