{"id":1131,"date":"2017-06-08T10:52:37","date_gmt":"2017-06-08T14:52:37","guid":{"rendered":"https:\/\/se.csbe.qc.ca\/passepartout\/?page_id=1131"},"modified":"2017-06-09T15:27:48","modified_gmt":"2017-06-09T19:27:48","slug":"annie-aubin","status":"publish","type":"page","link":"https:\/\/se.csbe.qc.ca\/passepartout\/annie-aubin\/","title":{"rendered":"Annie Aubin"},"content":{"rendered":"<div class=\"page-restrict-output\"><p>&nbsp;<\/p>\n<table width=\"575\">\n<tbody>\n<tr>\n<td width=\"144\">\u00a0<a href=\"https:\/\/se.csbe.qc.ca\/passepartout\/julie-aubin\/home3-icon-300px\/\" rel=\"attachment wp-att-143\"><img loading=\"lazy\" decoding=\"async\" class=\"wp-image-143 alignleft\" src=\"https:\/\/se.csbe.qc.ca\/passepartout\/files\/2016\/06\/home3-icon-300px.png\" alt=\"\" width=\"36\" height=\"36\" srcset=\"https:\/\/se.csbe.qc.ca\/passepartout\/files\/2016\/06\/home3-icon-300px.png 300w, https:\/\/se.csbe.qc.ca\/passepartout\/files\/2016\/06\/home3-icon-300px-150x150.png 150w\" sizes=\"auto, (max-width: 36px) 100vw, 36px\" \/><\/a><\/td>\n<td width=\"144\"><\/td>\n<td width=\"144\">\u00a0<a href=\"https:\/\/se.csbe.qc.ca\/passepartout\/annie-aubin\/2-2\/\" rel=\"attachment wp-att-1148\"><img loading=\"lazy\" decoding=\"async\" class=\"wp-image-1148 alignleft\" src=\"https:\/\/se.csbe.qc.ca\/passepartout\/files\/2017\/06\/2.png\" alt=\"\" width=\"26\" height=\"43\" \/><\/a><\/td>\n<td width=\"144\">\u00a0<a href=\"https:\/\/se.csbe.qc.ca\/passepartout\/annie-aubin\/phone-802177_960_720\/\" rel=\"attachment wp-att-1147\"><img loading=\"lazy\" decoding=\"async\" class=\"wp-image-1147 alignleft\" src=\"https:\/\/se.csbe.qc.ca\/passepartout\/files\/2017\/06\/phone-802177_960_720.png\" alt=\"\" width=\"19\" height=\"36\" srcset=\"https:\/\/se.csbe.qc.ca\/passepartout\/files\/2017\/06\/phone-802177_960_720.png 375w, https:\/\/se.csbe.qc.ca\/passepartout\/files\/2017\/06\/phone-802177_960_720-156x300.png 156w\" sizes=\"auto, (max-width: 19px) 100vw, 19px\" \/><\/a><\/td>\n<\/tr>\n<tr>\n<td width=\"144\">Notre-Dame de Lac-Etchemin<\/td>\n<td width=\"144\">Lac-Etchemin<\/td>\n<td width=\"144\">Linda Henri<\/td>\n<td width=\"144\">07133<\/td>\n<\/tr>\n<tr>\n<td width=\"144\">Fleurs-de-Soleil<\/td>\n<td width=\"144\">Sainte-Justine<\/td>\n<td width=\"144\">Audrey-Ann G. C\u00f4t\u00e9<\/td>\n<td width=\"144\">07138<\/td>\n<\/tr>\n<tr>\n<td width=\"144\">Bois-Francs<\/td>\n<td width=\"144\">Saint-Aur\u00e9lie<\/td>\n<td width=\"144\">Nancy Lapointe<\/td>\n<td width=\"144\">07164<\/td>\n<\/tr>\n<tr>\n<td width=\"144\">\u00c9cole la Tourterelle<\/td>\n<td width=\"144\">Saint-Benjamin<\/td>\n<td width=\"144\">Nathalie Jobin<\/td>\n<td width=\"144\">07141<\/td>\n<\/tr>\n<tr>\n<td width=\"144\">\u00c9cole du Petit Chercheur<\/td>\n<td width=\"144\">Sainte-Rose<\/td>\n<td width=\"144\">Guylaine B\u00e9dard<\/td>\n<td width=\"144\">07140<\/td>\n<\/tr>\n<tr>\n<td width=\"144\">\u00c9cole des Sommets<\/td>\n<td width=\"144\">Saint-Zacharie<\/td>\n<td width=\"144\">Denise J. G. Poulin<\/td>\n<td width=\"144\">07142<\/td>\n<\/tr>\n<tr>\n<td width=\"144\">\u00c9cole Jouvence<\/td>\n<td width=\"144\">Sainte-Aur\u00e9lie<\/td>\n<td width=\"144\">Denise J.G. Poulin<\/td>\n<td width=\"144\">07143<\/td>\n<\/tr>\n<\/tbody>\n<\/table>\n<p>&nbsp;<\/p>\n<p><a href=\"https:\/\/se.csbe.qc.ca\/passepartout\/document-pour-les-parents-annie-aubin\/\" rel=\"attachment wp-att-1151\"><img loading=\"lazy\" decoding=\"async\" class=\"aligncenter size-full wp-image-1151\" src=\"https:\/\/se.csbe.qc.ca\/passepartout\/files\/2017\/06\/Document-pour-les-parents.png\" alt=\"\" width=\"301\" height=\"188\" srcset=\"https:\/\/se.csbe.qc.ca\/passepartout\/files\/2017\/06\/Document-pour-les-parents.png 301w, https:\/\/se.csbe.qc.ca\/passepartout\/files\/2017\/06\/Document-pour-les-parents-300x187.png 300w\" sizes=\"auto, (max-width: 301px) 100vw, 301px\" \/><\/a><\/p>\n<p style=\"text-align: center\"><a href=\"https:\/\/se.csbe.qc.ca\/passepartout\/notre-equipe\/\"><strong>Retour<\/strong><\/a><\/p>\n<\/div>","protected":false},"excerpt":{"rendered":"<div class=\"page-restrict-output\"><p>&nbsp; \u00a0 \u00a0 \u00a0 Notre-Dame de Lac-Etchemin Lac-Etchemin Linda Henri 07133 Fleurs-de-Soleil Sainte-Justine Audrey-Ann G. C\u00f4t\u00e9 07138 Bois-Francs Saint-Aur\u00e9lie Nancy Lapointe 07164 \u00c9cole la Tourterelle Saint-Benjamin Nathalie Jobin 07141 \u00c9cole du Petit Chercheur Sainte-Rose Guylaine B\u00e9dard 07140 \u00c9cole des Sommets Saint-Zacharie Denise J. G. Poulin 07142 \u00c9cole Jouvence Sainte-Aur\u00e9lie Denise J.G. Poulin 07143 &nbsp; Retour<\/p>\n<\/div>","protected":false},"author":680,"featured_media":0,"parent":0,"menu_order":0,"comment_status":"closed","ping_status":"closed","template":"","meta":{"footnotes":""},"class_list":["post-1131","page","type-page","status-publish","hentry"],"_links":{"self":[{"href":"https:\/\/se.csbe.qc.ca\/passepartout\/wp-json\/wp\/v2\/pages\/1131","targetHints":{"allow":["GET"]}}],"collection":[{"href":"https:\/\/se.csbe.qc.ca\/passepartout\/wp-json\/wp\/v2\/pages"}],"about":[{"href":"https:\/\/se.csbe.qc.ca\/passepartout\/wp-json\/wp\/v2\/types\/page"}],"author":[{"embeddable":true,"href":"https:\/\/se.csbe.qc.ca\/passepartout\/wp-json\/wp\/v2\/users\/680"}],"replies":[{"embeddable":true,"href":"https:\/\/se.csbe.qc.ca\/passepartout\/wp-json\/wp\/v2\/comments?post=1131"}],"version-history":[{"count":16,"href":"https:\/\/se.csbe.qc.ca\/passepartout\/wp-json\/wp\/v2\/pages\/1131\/revisions"}],"predecessor-version":[{"id":1165,"href":"https:\/\/se.csbe.qc.ca\/passepartout\/wp-json\/wp\/v2\/pages\/1131\/revisions\/1165"}],"wp:attachment":[{"href":"https:\/\/se.csbe.qc.ca\/passepartout\/wp-json\/wp\/v2\/media?parent=1131"}],"curies":[{"name":"wp","href":"https:\/\/api.w.org\/{rel}","templated":true}]}}