{"id":336,"date":"2018-09-25T13:39:21","date_gmt":"2018-09-25T17:39:21","guid":{"rendered":"https:\/\/se.csbe.qc.ca\/mathematique\/?page_id=336"},"modified":"2019-12-11T12:37:12","modified_gmt":"2019-12-11T17:37:12","slug":"ressources-interessantes","status":"publish","type":"page","link":"https:\/\/se.csbe.qc.ca\/mathematique\/bienvenue\/ressources-interessantes\/","title":{"rendered":"Ressources int\u00e9ressantes en math\u00e9matique"},"content":{"rendered":"<div class=\"page-restrict-output\"><p><em><span style=\"color: #003366;font-size: 14pt;font-family: 'comic sans ms', sans-serif\">Vous \u00eates en panne d&rsquo;inspiration, voici une liste de sites int\u00e9ressants et inspirants. <\/span><\/em><\/p>\n<p><em><span style=\"color: #003366;font-size: 14pt;font-family: 'comic sans ms', sans-serif\">Vous y trouvez des vid\u00e9os en trois temps afin de cr\u00e9er des discussions math\u00e9matiques avec vos \u00e9l\u00e8ves. Allez consulter le r\u00e9pertoire TIC, \u00ab\u00a0101 questions\u00a0\u00bb, \u00ab\u00a03 Act Math\u00a0\u00bb et probl\u00e8mes ouverts en vid\u00e9o. Dans le m\u00eame sens, vous pouvez aussi cr\u00e9er de belles discussions sur l&rsquo;estimation ou quel est le meilleur choix avec \u00ab\u00a0Estimation 180\u00a0\u00bb et \u00ab\u00a0Asking students\u00a0\u00bb. Ces ressources se retrouvent dans la 1re colonne!\u00a0<\/span><\/em><\/p>\n<p><em><span style=\"color: #003366;font-size: 14pt;font-family: 'comic sans ms', sans-serif\">Certains sites vous pr\u00e9sentent des activit\u00e9s en ligne afin de dynamiser vos cours. D&rsquo;autres sites pr\u00e9sentent des activit\u00e9s que des enseignants ont exp\u00e9riment\u00e9es. Bref, vous avez une panoplie d&rsquo;id\u00e9es dans tous ces sites. Certains sont en anglais, mais des maths, \u00e7a reste des maths!\u00a0 Je vous laisse ce lien, je vais l&rsquo;enrichir au besoin! Si vous avez des suggestions, je les ajouterai avec plaisir. Mon but reste toujours le m\u00eame: partager et vous faciliter la t\u00e2che! Voici le lien, si vous avez un compte Symbaloo, vous pouvez l&rsquo;ajouter \u00e0 votre compte!<\/span><\/em><\/p>\n<p><a href=\"https:\/\/www.symbaloo.com\/mix\/mathressources\"><em><span style=\"color: #33cccc;font-size: 14pt;font-family: 'comic sans ms', sans-serif\">https:\/\/www.symbaloo.com\/mix\/mathressources<\/span><\/em><\/a><\/p>\n<p><em><span style=\"color: #003366;font-size: 14pt;font-family: 'comic sans ms', sans-serif\">Vous voulez faire de la programmation, je vous partage quelques sites int\u00e9ressants sur cette page.\u00a0<\/span><\/em><\/p>\n<p><em><span style=\"color: #33cccc;font-size: 14pt;font-family: 'comic sans ms', sans-serif\"><a style=\"color: #33cccc\" href=\"https:\/\/www.symbaloo.com\/mix\/codageetprog\">https:\/\/www.symbaloo.com\/mix\/codageetprog<\/a><\/span><\/em><\/p>\n<p><em><span style=\"color: #003366;font-size: 14pt;font-family: 'comic sans ms', sans-serif\">Je prendrai le temps d&rsquo;ajouter des ressources et des sites pertinents sur chacune de ces pages web.\u00a0<\/span><\/em><\/p>\n<!-- WP Attachments -->\r\n        <div style=\"width:100%;margin:10px 0 10px 0;\">\r\n            <h3>Attachments<\/h3>\r\n        <ul class=\"post-attachments\"><li class=\"post-attachment mime-application-pdf\"><a href=\"https:\/\/se.csbe.qc.ca\/mathematique\/files\/2018\/09\/Grilles-C1-et-C2.pdf\">Grilles C1 et C2<\/a> <small>(134 kB)<\/small><\/li><\/ul><\/div><\/div>","protected":false},"excerpt":{"rendered":"<div class=\"page-restrict-output\"><p>Vous \u00eates en panne d&rsquo;inspiration, voici une liste de sites int\u00e9ressants et inspirants. Vous y trouvez des vid\u00e9os en trois temps afin de cr\u00e9er des discussions math\u00e9matiques avec vos \u00e9l\u00e8ves. Allez consulter le r\u00e9pertoire TIC, \u00ab\u00a0101 questions\u00a0\u00bb, \u00ab\u00a03 Act Math\u00a0\u00bb et probl\u00e8mes ouverts en vid\u00e9o. Dans le m\u00eame sens, vous pouvez aussi cr\u00e9er de belles &hellip; <\/p>\n<p><a class=\"more-link btn\" href=\"https:\/\/se.csbe.qc.ca\/mathematique\/bienvenue\/ressources-interessantes\/\">Lire la suite<\/a><\/p>\n<\/div>","protected":false},"author":920,"featured_media":0,"parent":401,"menu_order":0,"comment_status":"closed","ping_status":"closed","template":"","meta":{"footnotes":""},"class_list":["post-336","page","type-page","status-publish","hentry","nodate","item-wrap"],"_links":{"self":[{"href":"https:\/\/se.csbe.qc.ca\/mathematique\/wp-json\/wp\/v2\/pages\/336","targetHints":{"allow":["GET"]}}],"collection":[{"href":"https:\/\/se.csbe.qc.ca\/mathematique\/wp-json\/wp\/v2\/pages"}],"about":[{"href":"https:\/\/se.csbe.qc.ca\/mathematique\/wp-json\/wp\/v2\/types\/page"}],"author":[{"embeddable":true,"href":"https:\/\/se.csbe.qc.ca\/mathematique\/wp-json\/wp\/v2\/users\/920"}],"replies":[{"embeddable":true,"href":"https:\/\/se.csbe.qc.ca\/mathematique\/wp-json\/wp\/v2\/comments?post=336"}],"version-history":[{"count":13,"href":"https:\/\/se.csbe.qc.ca\/mathematique\/wp-json\/wp\/v2\/pages\/336\/revisions"}],"predecessor-version":[{"id":459,"href":"https:\/\/se.csbe.qc.ca\/mathematique\/wp-json\/wp\/v2\/pages\/336\/revisions\/459"}],"up":[{"embeddable":true,"href":"https:\/\/se.csbe.qc.ca\/mathematique\/wp-json\/wp\/v2\/pages\/401"}],"wp:attachment":[{"href":"https:\/\/se.csbe.qc.ca\/mathematique\/wp-json\/wp\/v2\/media?parent=336"}],"curies":[{"name":"wp","href":"https:\/\/api.w.org\/{rel}","templated":true}]}}