{"id":8,"date":"2017-11-19T14:25:20","date_gmt":"2017-11-19T13:25:20","guid":{"rendered":"https:\/\/se.csbe.qc.ca\/kreolab\/?page_id=8"},"modified":"2023-10-24T19:04:37","modified_gmt":"2023-10-24T23:04:37","slug":"les-machines","status":"publish","type":"page","link":"https:\/\/se.csbe.qc.ca\/kreolab\/les-machines\/","title":{"rendered":"Les proc\u00e9dures"},"content":{"rendered":"<div class=\"page-restrict-output\"><p>Voici les 3 grandes \u00e9tapes de l&rsquo;impression 3D<\/p>\n<a href=\"https:\/\/se.csbe.qc.ca\/kreolab\/files\/2018\/02\/Impression-3D_1_1.pdf\" class=\"pdfemb-viewer\" style=\"\" data-width=\"max\" data-height=\"max\" data-toolbar=\"bottom\" data-toolbar-fixed=\"off\">Grandes \u00c9tapes<\/a>\n<!-- WP Attachments -->\r\n        <div style=\"width:100%;margin:10px 0 10px 0;\">\r\n            <h3><div style=\"float:right;\">\r\n                <form>\r\n                <select name=\"orderby\" onchange=\"if (this.value) window.location.replace(this.value);\">\r\n                  <option selected value=\"\/kreolab\/wp-json\/wp\/v2\/pages\/8\">Order by<\/option>\r\n                  <option value=\"\/kreolab\/wp-json\/wp\/v2\/pages\/8?orderby=date\">Date<\/option>\r\n                  <option value=\"\/kreolab\/wp-json\/wp\/v2\/pages\/8?orderby=title\">Nom<\/option>\r\n                <\/select>\r\n                <\/form>\r\n            <\/div>Pi\u00e8ces jointes<\/h3>\r\n        <ul class=\"post-attachments\"><li class=\"post-attachment mime-application-pdf\"><a href=\"https:\/\/se.csbe.qc.ca\/kreolab\/files\/2018\/02\/Introduction-\u00e0-la-conception-3D-avec-TinkerCAD1.pdf\">Introduction \u00e0 la conception 3D avec TinkerCAD1<\/a> <small>(799 kB)<\/small><\/li><li class=\"post-attachment mime-application-pdf\"><a href=\"https:\/\/se.csbe.qc.ca\/kreolab\/files\/2023\/10\/Tuto-FlashPrint-5-sans-bordure-mise-a-jour-14-fevrier-2023.pdf\">Tuto FlashPrint 5 sans bordure mise \u00e0 jour 14 f\u00e9vrier 2023<\/a> <small>(2 MB)<\/small><\/li><li class=\"post-attachment mime-application-pdf\"><a href=\"https:\/\/se.csbe.qc.ca\/kreolab\/files\/2023\/10\/Tuto-FlashPrint-5-avec-bordure.pdf\">Tuto FlashPrint 5 avec bordure<\/a> <small>(2 MB)<\/small><\/li><li class=\"post-attachment mime-application-pdf\"><a href=\"https:\/\/se.csbe.qc.ca\/kreolab\/files\/2018\/02\/Procedure_impression.pdf\">changer Filament - ajuster Plateau<\/a> <small>(177 kB)<\/small><\/li><li class=\"post-attachment mime-application-pdf\"><a href=\"https:\/\/se.csbe.qc.ca\/kreolab\/files\/2018\/09\/Introduction-\u00e0-la-conception-3D-avec-TinkerCAD1roger.pdf\">Introduction \u00e0 la conception 3D avec TinkerCAD1roger<\/a> <small>(1015 kB)<\/small><\/li><li class=\"post-attachment mime-application-pdf\"><a href=\"https:\/\/se.csbe.qc.ca\/kreolab\/files\/2018\/02\/Impression-3D_1_1.pdf\">Impression-3D_1_1<\/a> <small>(307 kB)<\/small><\/li><\/ul><\/div><\/div>","protected":false},"excerpt":{"rendered":"<div class=\"page-restrict-output\"><p>Voici les 3 grandes \u00e9tapes de l&rsquo;impression 3D Order by Date Nom Pi\u00e8ces jointes Introduction \u00e0 la conception 3D avec TinkerCAD1 (799 kB)Tuto FlashPrint 5 sans bordure mise \u00e0 jour 14 f\u00e9vrier 2023 (2 MB)Tuto FlashPrint 5 avec bordure (2 MB)changer Filament &#8211; ajuster Plateau (177 kB)Introduction \u00e0 la conception 3D avec TinkerCAD1roger (1015 kB)Impression-3D_1_1 [&hellip;]<\/p>\n<\/div>","protected":false},"author":3,"featured_media":0,"parent":0,"menu_order":0,"comment_status":"closed","ping_status":"closed","template":"","meta":{"footnotes":""},"coauthors":[9],"class_list":["post-8","page","type-page","status-publish","czr-hentry"],"_links":{"self":[{"href":"https:\/\/se.csbe.qc.ca\/kreolab\/wp-json\/wp\/v2\/pages\/8","targetHints":{"allow":["GET"]}}],"collection":[{"href":"https:\/\/se.csbe.qc.ca\/kreolab\/wp-json\/wp\/v2\/pages"}],"about":[{"href":"https:\/\/se.csbe.qc.ca\/kreolab\/wp-json\/wp\/v2\/types\/page"}],"author":[{"embeddable":true,"href":"https:\/\/se.csbe.qc.ca\/kreolab\/wp-json\/wp\/v2\/users\/3"}],"replies":[{"embeddable":true,"href":"https:\/\/se.csbe.qc.ca\/kreolab\/wp-json\/wp\/v2\/comments?post=8"}],"version-history":[{"count":8,"href":"https:\/\/se.csbe.qc.ca\/kreolab\/wp-json\/wp\/v2\/pages\/8\/revisions"}],"predecessor-version":[{"id":760,"href":"https:\/\/se.csbe.qc.ca\/kreolab\/wp-json\/wp\/v2\/pages\/8\/revisions\/760"}],"wp:attachment":[{"href":"https:\/\/se.csbe.qc.ca\/kreolab\/wp-json\/wp\/v2\/media?parent=8"}],"wp:term":[{"taxonomy":"author","embeddable":true,"href":"https:\/\/se.csbe.qc.ca\/kreolab\/wp-json\/wp\/v2\/coauthors?post=8"}],"curies":[{"name":"wp","href":"https:\/\/api.w.org\/{rel}","templated":true}]}}