{"id":303,"date":"2018-02-22T11:12:23","date_gmt":"2018-02-22T16:12:23","guid":{"rendered":"https:\/\/se.csbe.qc.ca\/kreolab\/?page_id=303"},"modified":"2018-11-30T15:05:07","modified_gmt":"2018-11-30T20:05:07","slug":"automatisation-et-robotique","status":"publish","type":"page","link":"https:\/\/se.csbe.qc.ca\/kreolab\/automatisation-et-robotique\/","title":{"rendered":"Automatisation et robotique"},"content":{"rendered":"<div class=\"page-restrict-output\"><p>Vous trouverez ci-joint un document donnant un bref aper\u00e7u du domaine de l&rsquo;automatisation et de la robotisation ainsi qu&rsquo;une situation mettant les \u00e9l\u00e8ves au d\u00e9fi de faire une main articul\u00e9e.<\/p>\n<p><a href=\"https:\/\/se.csbe.qc.ca\/kreolab\/files\/2018\/11\/SA\u00c9-automatisation-MAIN-ARTICUL\u00c9E.docx\">SA\u00c9 automatisation MAIN ARTICUL\u00c9E<\/a><\/p>\n<!-- WP Attachments -->\r\n        <div style=\"width:100%;margin:10px 0 10px 0;\">\r\n            <h3>Pi\u00e8ces jointes<\/h3>\r\n        <ul class=\"post-attachments\"><li class=\"post-attachment mime-application-vnd-openxmlformats-officedocument-wordprocessingml-document\"><a href=\"https:\/\/se.csbe.qc.ca\/kreolab\/files\/2018\/11\/SA\u00c9-automatisation-MAIN-ARTICUL\u00c9E.docx\">SA\u00c9 automatisation MAIN ARTICUL\u00c9E<\/a> <small>(57 kB)<\/small><\/li><\/ul><\/div><\/div>","protected":false},"excerpt":{"rendered":"<div class=\"page-restrict-output\"><p>Vous trouverez ci-joint un document donnant un bref aper\u00e7u du domaine de l&rsquo;automatisation et de la robotisation ainsi qu&rsquo;une situation mettant les \u00e9l\u00e8ves au d\u00e9fi de faire une main articul\u00e9e. SA\u00c9 automatisation MAIN ARTICUL\u00c9E Pi\u00e8ces jointes SA\u00c9 automatisation MAIN ARTICUL\u00c9E (57 kB)<\/p>\n<\/div>","protected":false},"author":3,"featured_media":0,"parent":0,"menu_order":0,"comment_status":"closed","ping_status":"closed","template":"","meta":{"footnotes":""},"coauthors":[9],"class_list":["post-303","page","type-page","status-publish","czr-hentry"],"_links":{"self":[{"href":"https:\/\/se.csbe.qc.ca\/kreolab\/wp-json\/wp\/v2\/pages\/303","targetHints":{"allow":["GET"]}}],"collection":[{"href":"https:\/\/se.csbe.qc.ca\/kreolab\/wp-json\/wp\/v2\/pages"}],"about":[{"href":"https:\/\/se.csbe.qc.ca\/kreolab\/wp-json\/wp\/v2\/types\/page"}],"author":[{"embeddable":true,"href":"https:\/\/se.csbe.qc.ca\/kreolab\/wp-json\/wp\/v2\/users\/3"}],"replies":[{"embeddable":true,"href":"https:\/\/se.csbe.qc.ca\/kreolab\/wp-json\/wp\/v2\/comments?post=303"}],"version-history":[{"count":2,"href":"https:\/\/se.csbe.qc.ca\/kreolab\/wp-json\/wp\/v2\/pages\/303\/revisions"}],"predecessor-version":[{"id":624,"href":"https:\/\/se.csbe.qc.ca\/kreolab\/wp-json\/wp\/v2\/pages\/303\/revisions\/624"}],"wp:attachment":[{"href":"https:\/\/se.csbe.qc.ca\/kreolab\/wp-json\/wp\/v2\/media?parent=303"}],"wp:term":[{"taxonomy":"author","embeddable":true,"href":"https:\/\/se.csbe.qc.ca\/kreolab\/wp-json\/wp\/v2\/coauthors?post=303"}],"curies":[{"name":"wp","href":"https:\/\/api.w.org\/{rel}","templated":true}]}}