{"id":301,"date":"2018-02-22T11:11:56","date_gmt":"2018-02-22T16:11:56","guid":{"rendered":"https:\/\/se.csbe.qc.ca\/kreolab\/?page_id=301"},"modified":"2018-11-30T11:54:51","modified_gmt":"2018-11-30T16:54:51","slug":"genie-informatique","status":"publish","type":"page","link":"https:\/\/se.csbe.qc.ca\/kreolab\/genie-informatique\/","title":{"rendered":"G\u00e9nie informatique"},"content":{"rendered":"<div class=\"page-restrict-output\"><p>Vous trouverez ci-joint un document expliquant bri\u00e8vement le domaine du g\u00e9nie informatique et une activit\u00e9 d&rsquo;exploration propos\u00e9e.\u00a0 Des documents plus complets suivront sous peu.<\/p>\n<p><a href=\"https:\/\/se.csbe.qc.ca\/kreolab\/files\/2018\/11\/SA\u00c9-g\u00e9nie-informatique-SCRATCH.docx\">SA\u00c9 g\u00e9nie informatique SCRATCH<\/a><\/p>\n<!-- WP Attachments -->\r\n        <div style=\"width:100%;margin:10px 0 10px 0;\">\r\n            <h3>Pi\u00e8ces jointes<\/h3>\r\n        <ul class=\"post-attachments\"><li class=\"post-attachment mime-application-vnd-openxmlformats-officedocument-wordprocessingml-document\"><a href=\"https:\/\/se.csbe.qc.ca\/kreolab\/files\/2018\/11\/SA\u00c9-g\u00e9nie-informatique-SCRATCH.docx\">SA\u00c9 g\u00e9nie informatique SCRATCH<\/a> <small>(57 kB)<\/small><\/li><\/ul><\/div><\/div>","protected":false},"excerpt":{"rendered":"<div class=\"page-restrict-output\"><p>Vous trouverez ci-joint un document expliquant bri\u00e8vement le domaine du g\u00e9nie informatique et une activit\u00e9 d&rsquo;exploration propos\u00e9e.\u00a0 Des documents plus complets suivront sous peu. SA\u00c9 g\u00e9nie informatique SCRATCH Pi\u00e8ces jointes SA\u00c9 g\u00e9nie informatique SCRATCH (57 kB)<\/p>\n<\/div>","protected":false},"author":3,"featured_media":0,"parent":0,"menu_order":0,"comment_status":"closed","ping_status":"closed","template":"","meta":{"footnotes":""},"coauthors":[9],"class_list":["post-301","page","type-page","status-publish","czr-hentry"],"_links":{"self":[{"href":"https:\/\/se.csbe.qc.ca\/kreolab\/wp-json\/wp\/v2\/pages\/301","targetHints":{"allow":["GET"]}}],"collection":[{"href":"https:\/\/se.csbe.qc.ca\/kreolab\/wp-json\/wp\/v2\/pages"}],"about":[{"href":"https:\/\/se.csbe.qc.ca\/kreolab\/wp-json\/wp\/v2\/types\/page"}],"author":[{"embeddable":true,"href":"https:\/\/se.csbe.qc.ca\/kreolab\/wp-json\/wp\/v2\/users\/3"}],"replies":[{"embeddable":true,"href":"https:\/\/se.csbe.qc.ca\/kreolab\/wp-json\/wp\/v2\/comments?post=301"}],"version-history":[{"count":3,"href":"https:\/\/se.csbe.qc.ca\/kreolab\/wp-json\/wp\/v2\/pages\/301\/revisions"}],"predecessor-version":[{"id":620,"href":"https:\/\/se.csbe.qc.ca\/kreolab\/wp-json\/wp\/v2\/pages\/301\/revisions\/620"}],"wp:attachment":[{"href":"https:\/\/se.csbe.qc.ca\/kreolab\/wp-json\/wp\/v2\/media?parent=301"}],"wp:term":[{"taxonomy":"author","embeddable":true,"href":"https:\/\/se.csbe.qc.ca\/kreolab\/wp-json\/wp\/v2\/coauthors?post=301"}],"curies":[{"name":"wp","href":"https:\/\/api.w.org\/{rel}","templated":true}]}}