{"id":297,"date":"2018-02-22T11:09:44","date_gmt":"2018-02-22T16:09:44","guid":{"rendered":"https:\/\/se.csbe.qc.ca\/kreolab\/?page_id=297"},"modified":"2018-11-27T15:46:37","modified_gmt":"2018-11-27T20:46:37","slug":"genie-mecanique","status":"publish","type":"page","link":"https:\/\/se.csbe.qc.ca\/kreolab\/genie-mecanique\/","title":{"rendered":"G\u00e9nie m\u00e9canique"},"content":{"rendered":"<div class=\"page-restrict-output\"><p>Vous trouverez un document d&rsquo;amorce pr\u00e9sentant bri\u00e8vement le domaine du g\u00e9nie m\u00e9canique.<\/p>\n<p><strong>Pouvez-vous construire un bolide pouvant avancer en ligne droite sur 4 m\u00e8tres ?<\/strong><\/p>\n<p><a href=\"https:\/\/se.csbe.qc.ca\/kreolab\/files\/2018\/11\/SA\u00c9-g\u00e9nie-m\u00e9canique-BOLIDE.docx\">SA\u00c9 g\u00e9nie m\u00e9canique BOLIDE<\/a><\/p>\n<p>J&rsquo;ai aussi mis le document utilis\u00e9 par une enseignante avec ses \u00e9l\u00e8ves : vous pouvez le modifier \u00e0 votre guise.<\/p>\n<p><a href=\"https:\/\/se.csbe.qc.ca\/kreolab\/files\/2018\/11\/cahier-des-\u00e9l\u00e8ves-bolide.doc\">cahier des \u00e9l\u00e8ves bolide<\/a><\/p>\n<p>&nbsp;<\/p>\n<!-- WP Attachments -->\r\n        <div style=\"width:100%;margin:10px 0 10px 0;\">\r\n            <h3><div style=\"float:right;\">\r\n                <form>\r\n                <select name=\"orderby\" onchange=\"if (this.value) window.location.replace(this.value);\">\r\n                  <option selected value=\"\/kreolab\/wp-json\/wp\/v2\/pages\/297\">Order by<\/option>\r\n                  <option value=\"\/kreolab\/wp-json\/wp\/v2\/pages\/297?orderby=date\">Date<\/option>\r\n                  <option value=\"\/kreolab\/wp-json\/wp\/v2\/pages\/297?orderby=title\">Nom<\/option>\r\n                <\/select>\r\n                <\/form>\r\n            <\/div>Pi\u00e8ces jointes<\/h3>\r\n        <ul class=\"post-attachments\"><li class=\"post-attachment mime-application-msword\"><a href=\"https:\/\/se.csbe.qc.ca\/kreolab\/files\/2018\/11\/cahier-des-\u00e9l\u00e8ves-bolide.doc\">cahier des \u00e9l\u00e8ves bolide<\/a> <small>(427 kB)<\/small><\/li><li class=\"post-attachment mime-application-vnd-openxmlformats-officedocument-wordprocessingml-document\"><a href=\"https:\/\/se.csbe.qc.ca\/kreolab\/files\/2018\/11\/SA\u00c9-g\u00e9nie-m\u00e9canique-BOLIDE.docx\">SA\u00c9 g\u00e9nie m\u00e9canique BOLIDE<\/a> <small>(57 kB)<\/small><\/li><\/ul><\/div><\/div>","protected":false},"excerpt":{"rendered":"<div class=\"page-restrict-output\"><p>Vous trouverez un document d&rsquo;amorce pr\u00e9sentant bri\u00e8vement le domaine du g\u00e9nie m\u00e9canique. Pouvez-vous construire un bolide pouvant avancer en ligne droite sur 4 m\u00e8tres ? SA\u00c9 g\u00e9nie m\u00e9canique BOLIDE J&rsquo;ai aussi mis le document utilis\u00e9 par une enseignante avec ses \u00e9l\u00e8ves : vous pouvez le modifier \u00e0 votre guise. cahier des \u00e9l\u00e8ves bolide &nbsp; Order [&hellip;]<\/p>\n<\/div>","protected":false},"author":3,"featured_media":0,"parent":0,"menu_order":0,"comment_status":"closed","ping_status":"closed","template":"","meta":{"footnotes":""},"coauthors":[9],"class_list":["post-297","page","type-page","status-publish","czr-hentry"],"_links":{"self":[{"href":"https:\/\/se.csbe.qc.ca\/kreolab\/wp-json\/wp\/v2\/pages\/297","targetHints":{"allow":["GET"]}}],"collection":[{"href":"https:\/\/se.csbe.qc.ca\/kreolab\/wp-json\/wp\/v2\/pages"}],"about":[{"href":"https:\/\/se.csbe.qc.ca\/kreolab\/wp-json\/wp\/v2\/types\/page"}],"author":[{"embeddable":true,"href":"https:\/\/se.csbe.qc.ca\/kreolab\/wp-json\/wp\/v2\/users\/3"}],"replies":[{"embeddable":true,"href":"https:\/\/se.csbe.qc.ca\/kreolab\/wp-json\/wp\/v2\/comments?post=297"}],"version-history":[{"count":5,"href":"https:\/\/se.csbe.qc.ca\/kreolab\/wp-json\/wp\/v2\/pages\/297\/revisions"}],"predecessor-version":[{"id":603,"href":"https:\/\/se.csbe.qc.ca\/kreolab\/wp-json\/wp\/v2\/pages\/297\/revisions\/603"}],"wp:attachment":[{"href":"https:\/\/se.csbe.qc.ca\/kreolab\/wp-json\/wp\/v2\/media?parent=297"}],"wp:term":[{"taxonomy":"author","embeddable":true,"href":"https:\/\/se.csbe.qc.ca\/kreolab\/wp-json\/wp\/v2\/coauthors?post=297"}],"curies":[{"name":"wp","href":"https:\/\/api.w.org\/{rel}","templated":true}]}}