{"id":295,"date":"2018-02-22T11:08:40","date_gmt":"2018-02-22T16:08:40","guid":{"rendered":"https:\/\/se.csbe.qc.ca\/kreolab\/?page_id=295"},"modified":"2018-11-27T15:53:59","modified_gmt":"2018-11-27T20:53:59","slug":"genie-electrique","status":"publish","type":"page","link":"https:\/\/se.csbe.qc.ca\/kreolab\/genie-electrique\/","title":{"rendered":"G\u00e9nie \u00e9lectrique"},"content":{"rendered":"<div class=\"page-restrict-output\"><p>Voici un document pr\u00e9sentant ce domaine scientifique ainsi que le d\u00e9fi \u00e0 relever.<\/p>\n<p><strong>Pouvez-vous cr\u00e9er un syst\u00e8me d&rsquo;alarme se d\u00e9clenchant si le faisceau d&rsquo;un laser est coup\u00e9 ?\u00a0<\/strong><\/p>\n<p><a href=\"https:\/\/se.csbe.qc.ca\/kreolab\/files\/2018\/11\/SA\u00c9-Le-g\u00e9nie-\u00e9lectrique-ARDUINO.docx\">SA\u00c9 Le g\u00e9nie \u00e9lectrique ARDUINO<\/a><\/p>\n<p>Je joins aussi des documents utilis\u00e9s par une enseignante avec ses \u00e9l\u00e8ves de STE 4e sec.\u00a0 Vous pouvez les modifier selon vos besoins.<\/p>\n<p><a href=\"https:\/\/se.csbe.qc.ca\/kreolab\/files\/2018\/11\/document-couleur-ARDUINO.docx\">document couleur ARDUINO<\/a><\/p>\n<p><a href=\"https:\/\/se.csbe.qc.ca\/kreolab\/files\/2018\/11\/document-\u00e9l\u00e8ve-ARDUINO.docx\">document \u00e9l\u00e8ve ARDUINO<\/a><\/p>\n<!-- WP Attachments -->\r\n        <div style=\"width:100%;margin:10px 0 10px 0;\">\r\n            <h3><div style=\"float:right;\">\r\n                <form>\r\n                <select name=\"orderby\" onchange=\"if (this.value) window.location.replace(this.value);\">\r\n                  <option selected value=\"\/kreolab\/wp-json\/wp\/v2\/pages\/295\">Order by<\/option>\r\n                  <option value=\"\/kreolab\/wp-json\/wp\/v2\/pages\/295?orderby=date\">Date<\/option>\r\n                  <option value=\"\/kreolab\/wp-json\/wp\/v2\/pages\/295?orderby=title\">Nom<\/option>\r\n                <\/select>\r\n                <\/form>\r\n            <\/div>Pi\u00e8ces jointes<\/h3>\r\n        <ul class=\"post-attachments\"><li class=\"post-attachment mime-application-vnd-openxmlformats-officedocument-wordprocessingml-document\"><a href=\"https:\/\/se.csbe.qc.ca\/kreolab\/files\/2018\/11\/document-\u00e9l\u00e8ve-ARDUINO.docx\">document \u00e9l\u00e8ve ARDUINO<\/a> <small>(377 kB)<\/small><\/li><li class=\"post-attachment mime-application-vnd-openxmlformats-officedocument-wordprocessingml-document\"><a href=\"https:\/\/se.csbe.qc.ca\/kreolab\/files\/2018\/11\/document-couleur-ARDUINO.docx\">document couleur ARDUINO<\/a> <small>(2 MB)<\/small><\/li><li class=\"post-attachment mime-application-vnd-openxmlformats-officedocument-wordprocessingml-document\"><a href=\"https:\/\/se.csbe.qc.ca\/kreolab\/files\/2018\/11\/SA\u00c9-Le-g\u00e9nie-\u00e9lectrique-ARDUINO.docx\">SA\u00c9 Le g\u00e9nie \u00e9lectrique ARDUINO<\/a> <small>(57 kB)<\/small><\/li><\/ul><\/div><\/div>","protected":false},"excerpt":{"rendered":"<div class=\"page-restrict-output\"><p>Voici un document pr\u00e9sentant ce domaine scientifique ainsi que le d\u00e9fi \u00e0 relever. Pouvez-vous cr\u00e9er un syst\u00e8me d&rsquo;alarme se d\u00e9clenchant si le faisceau d&rsquo;un laser est coup\u00e9 ?\u00a0 SA\u00c9 Le g\u00e9nie \u00e9lectrique ARDUINO Je joins aussi des documents utilis\u00e9s par une enseignante avec ses \u00e9l\u00e8ves de STE 4e sec.\u00a0 Vous pouvez les modifier selon vos [&hellip;]<\/p>\n<\/div>","protected":false},"author":3,"featured_media":0,"parent":0,"menu_order":0,"comment_status":"closed","ping_status":"closed","template":"","meta":{"footnotes":""},"coauthors":[9],"class_list":["post-295","page","type-page","status-publish","czr-hentry"],"_links":{"self":[{"href":"https:\/\/se.csbe.qc.ca\/kreolab\/wp-json\/wp\/v2\/pages\/295","targetHints":{"allow":["GET"]}}],"collection":[{"href":"https:\/\/se.csbe.qc.ca\/kreolab\/wp-json\/wp\/v2\/pages"}],"about":[{"href":"https:\/\/se.csbe.qc.ca\/kreolab\/wp-json\/wp\/v2\/types\/page"}],"author":[{"embeddable":true,"href":"https:\/\/se.csbe.qc.ca\/kreolab\/wp-json\/wp\/v2\/users\/3"}],"replies":[{"embeddable":true,"href":"https:\/\/se.csbe.qc.ca\/kreolab\/wp-json\/wp\/v2\/comments?post=295"}],"version-history":[{"count":3,"href":"https:\/\/se.csbe.qc.ca\/kreolab\/wp-json\/wp\/v2\/pages\/295\/revisions"}],"predecessor-version":[{"id":611,"href":"https:\/\/se.csbe.qc.ca\/kreolab\/wp-json\/wp\/v2\/pages\/295\/revisions\/611"}],"wp:attachment":[{"href":"https:\/\/se.csbe.qc.ca\/kreolab\/wp-json\/wp\/v2\/media?parent=295"}],"wp:term":[{"taxonomy":"author","embeddable":true,"href":"https:\/\/se.csbe.qc.ca\/kreolab\/wp-json\/wp\/v2\/coauthors?post=295"}],"curies":[{"name":"wp","href":"https:\/\/api.w.org\/{rel}","templated":true}]}}