{"id":54,"date":"2019-03-27T19:46:06","date_gmt":"2019-03-27T18:46:06","guid":{"rendered":"https:\/\/se.csbe.qc.ca\/insertion-professionnelle-et-suppleance\/?page_id=54"},"modified":"2019-04-01T19:46:16","modified_gmt":"2019-04-01T17:46:16","slug":"1re-journee","status":"publish","type":"page","link":"https:\/\/se.csbe.qc.ca\/insertion-professionnelle-et-suppleance\/1re-journee\/","title":{"rendered":"1re journ\u00e9e"},"content":{"rendered":"<div class=\"page-restrict-output\">\n<p><img loading=\"lazy\" decoding=\"async\" class=\"wp-image-93 size-medium\" src=\"https:\/\/se.csbe.qc.ca\/insertion-professionnelle-et-suppleance\/files\/2019\/04\/rencontre-1-300x300.jpg\" alt=\"\" width=\"300\" height=\"300\" srcset=\"https:\/\/se.csbe.qc.ca\/insertion-professionnelle-et-suppleance\/files\/2019\/04\/rencontre-1-300x300.jpg 300w, https:\/\/se.csbe.qc.ca\/insertion-professionnelle-et-suppleance\/files\/2019\/04\/rencontre-1-150x150.jpg 150w, https:\/\/se.csbe.qc.ca\/insertion-professionnelle-et-suppleance\/files\/2019\/04\/rencontre-1.jpg 720w\" sizes=\"auto, (max-width: 300px) 100vw, 300px\" \/><\/p>\n<p>Lors de cette <strong>premi\u00e8re journ\u00e9e<\/strong>, vous serez initi\u00e9s aux diff\u00e9rentes facettes de l&rsquo;accompagnement mentoral, que ce soit du <span style=\"color: #0000ff\"><a style=\"color: #0000ff\" href=\"https:\/\/csbe5.sharepoint.com\/:b:\/t\/se\/EfIY3u5qePZBl-B50rl5-SUBHEI3BCpF1Uiwy434HU6v5Q?e=JFdled\">point de vue du mentor\u00e9<\/a> <\/span>que de celui du mentor (<span style=\"color: #0000ff\"><a style=\"color: #0000ff\" href=\"https:\/\/csbe5.sharepoint.com\/:b:\/t\/se\/EfIY3u5qePZBl-B50rl5-SUBHEI3BCpF1Uiwy434HU6v5Q?e=JFdled\">enseignant<\/a><\/span> et <span style=\"color: #0000ff\"><a style=\"color: #0000ff\" href=\"https:\/\/csbe5.sharepoint.com\/:b:\/t\/se\/EVXH-xo2JeNPgt_K2new0koBws2UTnJPW7rxLjnYRSBVfw?e=twn5hm\">professionnel<\/a><\/span>).<\/p>\n<p>Un <a href=\"https:\/\/csbe5.sharepoint.com\/:b:\/t\/se\/EcsYvV8vFDZOjSWWMOJ4nMwBgB17BS9AWZgQmwHXZNftoA?e=pm0UVr\"><span style=\"color: #0000ff\">canevas d&rsquo;accompagnement<\/span><\/a> vous est propos\u00e9 afin de faciliter la tenue de vos rencontres \u00e0 l&rsquo;ext\u00e9rieur de celles pr\u00e9vues au calendrier des rencontres officielles du programme.\u00a0<\/p>\n<p>Un<span style=\"color: #0000ff\"> <a style=\"color: #0000ff\" href=\"https:\/\/csbe5.sharepoint.com\/:w:\/t\/se\/EbKEiikBT9pJsoov62TMKGYBaHQ8WVwGwV-7VhiZAIWaYA?e=xntoJN\">sch\u00e9ma pr\u00e9sentant les diff\u00e9rentes phases du changement<\/a><\/span> que l&rsquo;on peut vivre en tant qu&rsquo;enseignant ou que professionnel vous est \u00e9galement propos\u00e9.\u00a0<\/p>\n<p>Enfin, vous serez invit\u00e9s \u00e0 exp\u00e9rimenter une <span style=\"color: #0000ff\"><a style=\"color: #0000ff\" href=\"https:\/\/csbe5.sharepoint.com\/:b:\/t\/se\/ES8Ow6xxoVxFhD77_yrw8wIB3VopEHFJ35BLQO1XhWGuLA?e=4QRIQM\">d\u00e9marche de cod\u00e9veloppement professionnel<\/a> <\/span>tr\u00e8s ancr\u00e9e dans la pratique et coll\u00e9e sur les besoins de votre v\u00e9cu et du quotidien. Une<span style=\"color: #0000ff\"> <a style=\"color: #0000ff\" href=\"https:\/\/csbe5.sharepoint.com\/:w:\/t\/se\/EbKEiikBT9pJsoov62TMKGYBaHQ8WVwGwV-7VhiZAIWaYA?e=xntoJN\">fiche de prise<\/a><\/span> de notes vous est sugg\u00e9r\u00e9e.\u00a0<\/p>\n<p>Enfin, un petit atelier de <span style=\"color: #0000ff\"><a style=\"color: #0000ff\" href=\"https:\/\/csbe5.sharepoint.com\/:b:\/t\/se\/EY7lVUV2kvFBmuvMZHMFLPwB-WpC3rrIiPf8fWT4awA0aw?e=TEMRJ3\">bien-\u00eatre personnel<\/a><\/span> vous sera propos\u00e9 afin de vous aider \u00e0 mieux composer avec les situations parfois stressantes pouvant \u00eatre v\u00e9cues au travail ou dans votre vie personnelle.\u00a0<\/p>\n<p>\u00a0<\/p>\n<p>\u00a0<\/p>\n<\/div>","protected":false},"excerpt":{"rendered":"<div class=\"page-restrict-output\"><p>Lors de cette premi\u00e8re journ\u00e9e, vous serez initi\u00e9s aux diff\u00e9rentes facettes de l&rsquo;accompagnement mentoral, que ce soit du point de vue du mentor\u00e9 que de celui du mentor (enseignant et professionnel). Un canevas d&rsquo;accompagnement vous est propos\u00e9 afin de faciliter la tenue de vos rencontres \u00e0 l&rsquo;ext\u00e9rieur de celles pr\u00e9vues au calendrier des rencontres officielles &hellip; <\/p>\n<p><a class=\"more-link btn\" href=\"https:\/\/se.csbe.qc.ca\/insertion-professionnelle-et-suppleance\/1re-journee\/\">Lire la suite<\/a><\/p>\n<\/div>","protected":false},"author":80,"featured_media":0,"parent":0,"menu_order":0,"comment_status":"closed","ping_status":"closed","template":"","meta":{"footnotes":""},"class_list":["post-54","page","type-page","status-publish","hentry","nodate","item-wrap"],"_links":{"self":[{"href":"https:\/\/se.csbe.qc.ca\/insertion-professionnelle-et-suppleance\/wp-json\/wp\/v2\/pages\/54","targetHints":{"allow":["GET"]}}],"collection":[{"href":"https:\/\/se.csbe.qc.ca\/insertion-professionnelle-et-suppleance\/wp-json\/wp\/v2\/pages"}],"about":[{"href":"https:\/\/se.csbe.qc.ca\/insertion-professionnelle-et-suppleance\/wp-json\/wp\/v2\/types\/page"}],"author":[{"embeddable":true,"href":"https:\/\/se.csbe.qc.ca\/insertion-professionnelle-et-suppleance\/wp-json\/wp\/v2\/users\/80"}],"replies":[{"embeddable":true,"href":"https:\/\/se.csbe.qc.ca\/insertion-professionnelle-et-suppleance\/wp-json\/wp\/v2\/comments?post=54"}],"version-history":[{"count":3,"href":"https:\/\/se.csbe.qc.ca\/insertion-professionnelle-et-suppleance\/wp-json\/wp\/v2\/pages\/54\/revisions"}],"predecessor-version":[{"id":107,"href":"https:\/\/se.csbe.qc.ca\/insertion-professionnelle-et-suppleance\/wp-json\/wp\/v2\/pages\/54\/revisions\/107"}],"wp:attachment":[{"href":"https:\/\/se.csbe.qc.ca\/insertion-professionnelle-et-suppleance\/wp-json\/wp\/v2\/media?parent=54"}],"curies":[{"name":"wp","href":"https:\/\/api.w.org\/{rel}","templated":true}]}}