{"id":163,"date":"2019-08-20T19:23:14","date_gmt":"2019-08-20T17:23:14","guid":{"rendered":"https:\/\/se.csbe.qc.ca\/insertion-professionnelle-et-suppleance\/?page_id=163"},"modified":"2021-10-30T19:08:10","modified_gmt":"2021-10-30T17:08:10","slug":"programme-sripe","status":"publish","type":"page","link":"https:\/\/se.csbe.qc.ca\/insertion-professionnelle-et-suppleance\/programme-sripe\/","title":{"rendered":"Programme SRIPE"},"content":{"rendered":"<div class=\"page-restrict-output\">\n<p>Le Programme Soutien, R\u00e9seautage et Insertion Professionnelle en Enseignement (SRIPE) <span style=\"font-weight: 400\">vise sp\u00e9cifiquement les enseignants d\u00e9butants qui d\u00e9sirent \u00eatre soutenus et accompagn\u00e9s dans leur d\u00e9veloppement professionnel. <\/span><\/p>\n<p><span style=\"font-weight: 400\">Pour pouvoir b\u00e9n\u00e9ficier de ce programme, les enseignants d\u00e9butants doivent pr\u00e9alablement avoir suivi le programme d\u2019insertion professionnelle obligatoire, ou d\u00e9tenir une exp\u00e9rience de 5 \u00e0 7 ans en enseignement. Cette formule d\u2019accompagnement professionnel est propos\u00e9e \u00e0 tout nouvel enseignant, qu\u2019il ait ou non un contrat de travail au moment de la demande.<\/span><\/p>\n<p><span style=\"font-weight: 400\">Une \u00e9quipe d&rsquo;enseignants-coachs sp\u00e9cialement form\u00e9s ont \u00e9t\u00e9 choisis afin d\u2019accompagner les enseignants d\u00e9butants dans leur d\u00e9veloppement professionnel. Dans un ratio un pour un, cet accompagnement de proximit\u00e9 est pens\u00e9 pour \u00eatre v\u00e9cu avec flexibilit\u00e9 au jour le jour, dans un rapport de confiance et de confidentialit\u00e9 entre l&rsquo;enseignant-coach et l\u2019enseignant d\u00e9butant (le coach\u00e9).\u00a0<\/span><\/p>\n<p><span style=\"font-weight: 400\">Le choix des enseignants-coachs a \u00e9t\u00e9 fait en se basant sur diff\u00e9rents crit\u00e8res: la personnalit\u00e9 de l\u2019enseignant (ouverture, respect, bienveillance), ses habilet\u00e9s relationnelles, sa posture r\u00e9flexive, l\u2019importance accord\u00e9e \u00e0 son propre d\u00e9veloppement professionnel, son exp\u00e9rience et sa cr\u00e9dibilit\u00e9 au sein de son milieu de travail.<\/span><\/p>\n<p>Les enseignants coach\u00e9s sont invit\u00e9s \u00e0 d\u00e9velopper leur projet de d\u00e9veloppement professionnel lors de la premi\u00e8re rencontre du programme. Ces projets peuvent prendre appui sur des aspects \u00e0 travailler soulev\u00e9s lors de l&rsquo;\u00e9valuation du rendement annuel r\u00e9alis\u00e9 par la direction d&rsquo;\u00e9cole, sur des pr\u00e9occupations ou int\u00e9r\u00eat de l&rsquo;enseignant coach\u00e9,\u00a0 etc. \u00c9videmment, le tout s&rsquo;ancre dans les 13 comp\u00e9tences professionnelles de l&rsquo;enseignant (MEQ, 2020). Pour parvenir \u00e0 atteindre leurs objectifs, les enseignants coach\u00e9s peuvent compter sur un accompagnement de la part de l&rsquo;\u00e9quipe des conseill\u00e8res p\u00e9dagogiques en insertion professionnelle, en plus du soutien de leur enseignant-coach.\u00a0<\/p>\n<p><span style=\"font-weight: 400\">Le coaching est la formule de d\u00e9veloppement retenue ici, puisque la d\u00e9marche vise le d\u00e9veloppement d\u2019un savoir-faire chez le novice (Guay, 2002), contrairement au mentorat qui, pour sa part, vise principalement le d\u00e9veloppement du savoir-\u00eatre.<\/span><\/p>\n<p><span style=\"font-weight: 400\">Les piliers sur lesquels repose un tel programme sont:<\/span><\/p>\n<ul>\n<li style=\"font-weight: 400\"><span style=\"font-weight: 400\">l\u2019authenticit\u00e9<\/span><\/li>\n<li style=\"font-weight: 400\"><span style=\"font-weight: 400\">le respect<\/span><\/li>\n<li style=\"font-weight: 400\"><span style=\"font-weight: 400\">l\u2019ouverture<\/span><\/li>\n<li style=\"font-weight: 400\"><span style=\"font-weight: 400\">la confiance<\/span><\/li>\n<li style=\"font-weight: 400\"><span style=\"font-weight: 400\">l\u2019autonomie<\/span><\/li>\n<li style=\"font-weight: 400\"><span style=\"font-weight: 400\">la confidentialit\u00e9<\/span><\/li>\n<li style=\"font-weight: 400\"><span style=\"font-weight: 400\">la bienveillance<\/span><\/li>\n<\/ul>\n<p>\u00a0<\/p>\n<p>\u00a0<\/p>\n<\/div>","protected":false},"excerpt":{"rendered":"<div class=\"page-restrict-output\"><p>Le Programme Soutien, R\u00e9seautage et Insertion Professionnelle en Enseignement (SRIPE) vise sp\u00e9cifiquement les enseignants d\u00e9butants qui d\u00e9sirent \u00eatre soutenus et accompagn\u00e9s dans leur d\u00e9veloppement professionnel. Pour pouvoir b\u00e9n\u00e9ficier de ce programme, les enseignants d\u00e9butants doivent pr\u00e9alablement avoir suivi le programme d\u2019insertion professionnelle obligatoire, ou d\u00e9tenir une exp\u00e9rience de 5 \u00e0 7 ans en enseignement. Cette &hellip; <\/p>\n<p><a class=\"more-link btn\" href=\"https:\/\/se.csbe.qc.ca\/insertion-professionnelle-et-suppleance\/programme-sripe\/\">Lire la suite<\/a><\/p>\n<\/div>","protected":false},"author":80,"featured_media":0,"parent":0,"menu_order":0,"comment_status":"closed","ping_status":"closed","template":"","meta":{"footnotes":""},"class_list":["post-163","page","type-page","status-publish","hentry","nodate","item-wrap"],"_links":{"self":[{"href":"https:\/\/se.csbe.qc.ca\/insertion-professionnelle-et-suppleance\/wp-json\/wp\/v2\/pages\/163","targetHints":{"allow":["GET"]}}],"collection":[{"href":"https:\/\/se.csbe.qc.ca\/insertion-professionnelle-et-suppleance\/wp-json\/wp\/v2\/pages"}],"about":[{"href":"https:\/\/se.csbe.qc.ca\/insertion-professionnelle-et-suppleance\/wp-json\/wp\/v2\/types\/page"}],"author":[{"embeddable":true,"href":"https:\/\/se.csbe.qc.ca\/insertion-professionnelle-et-suppleance\/wp-json\/wp\/v2\/users\/80"}],"replies":[{"embeddable":true,"href":"https:\/\/se.csbe.qc.ca\/insertion-professionnelle-et-suppleance\/wp-json\/wp\/v2\/comments?post=163"}],"version-history":[{"count":2,"href":"https:\/\/se.csbe.qc.ca\/insertion-professionnelle-et-suppleance\/wp-json\/wp\/v2\/pages\/163\/revisions"}],"predecessor-version":[{"id":255,"href":"https:\/\/se.csbe.qc.ca\/insertion-professionnelle-et-suppleance\/wp-json\/wp\/v2\/pages\/163\/revisions\/255"}],"wp:attachment":[{"href":"https:\/\/se.csbe.qc.ca\/insertion-professionnelle-et-suppleance\/wp-json\/wp\/v2\/media?parent=163"}],"curies":[{"name":"wp","href":"https:\/\/api.w.org\/{rel}","templated":true}]}}