{"id":126,"date":"2014-04-02T10:17:41","date_gmt":"2014-04-02T14:17:41","guid":{"rendered":"https:\/\/se.csbe.qc.ca\/melanie\/?page_id=126"},"modified":"2014-04-04T14:35:50","modified_gmt":"2014-04-04T18:35:50","slug":"quatrieme-secondaire","status":"publish","type":"page","link":"https:\/\/se.csbe.qc.ca\/francais\/quatrieme-secondaire\/","title":{"rendered":"Quatri\u00e8me secondaire"},"content":{"rendered":"<div class=\"page-restrict-output\"><p>Vous trouverez sur cette page les documents prot\u00e9g\u00e9s (MELS et CSBE) relatifs \u00e0 la quatri\u00e8me secondaire.<\/p>\n<p>&nbsp;<\/p>\n<p><a href=\"https:\/\/se.csbe.qc.ca\/melanie\/files\/2014\/04\/132-406-Document-dinformation-_CSBE.mai2014.pdf\">132-406 Document d&rsquo;information _CSBE.mai2014<\/a><\/p>\n<p>&nbsp;<\/p>\n<p>&nbsp;<\/p>\n<!-- WP Attachments -->\r\n        <div style=\"width:100%;margin:10px 0 10px 0;\">\r\n            <h3>Documents joints<\/h3>\r\n        <ul class=\"post-attachments\"><li class=\"post-attachment mime-application-pdf\"><a href=\"https:\/\/se.csbe.qc.ca\/francais\/files\/2014\/04\/132-406-Document-dinformation-_CSBE.mai2014.pdf\">132-406 Document d'information _CSBE.mai2014<\/a> <small>(954 kB)<\/small><\/li><\/ul><\/div><\/div>","protected":false},"excerpt":{"rendered":"<div class=\"page-restrict-output\"><p>Vous trouverez sur cette page les documents prot\u00e9g\u00e9s (MELS et CSBE) relatifs \u00e0 la quatri\u00e8me secondaire. &nbsp; 132-406 Document d&rsquo;information _CSBE.mai2014 &nbsp; &nbsp; Documents joints 132-406 Document d&rsquo;information _CSBE.mai2014 (954 kB)<\/p>\n<\/div>","protected":false},"author":209,"featured_media":0,"parent":0,"menu_order":0,"comment_status":"open","ping_status":"open","template":"","meta":{"footnotes":""},"class_list":["post-126","page","type-page","status-publish","hentry","nodate","item-wrap"],"_links":{"self":[{"href":"https:\/\/se.csbe.qc.ca\/francais\/wp-json\/wp\/v2\/pages\/126","targetHints":{"allow":["GET"]}}],"collection":[{"href":"https:\/\/se.csbe.qc.ca\/francais\/wp-json\/wp\/v2\/pages"}],"about":[{"href":"https:\/\/se.csbe.qc.ca\/francais\/wp-json\/wp\/v2\/types\/page"}],"author":[{"embeddable":true,"href":"https:\/\/se.csbe.qc.ca\/francais\/wp-json\/wp\/v2\/users\/209"}],"replies":[{"embeddable":true,"href":"https:\/\/se.csbe.qc.ca\/francais\/wp-json\/wp\/v2\/comments?post=126"}],"version-history":[{"count":1,"href":"https:\/\/se.csbe.qc.ca\/francais\/wp-json\/wp\/v2\/pages\/126\/revisions"}],"predecessor-version":[{"id":127,"href":"https:\/\/se.csbe.qc.ca\/francais\/wp-json\/wp\/v2\/pages\/126\/revisions\/127"}],"wp:attachment":[{"href":"https:\/\/se.csbe.qc.ca\/francais\/wp-json\/wp\/v2\/media?parent=126"}],"curies":[{"name":"wp","href":"https:\/\/api.w.org\/{rel}","templated":true}]}}