{"id":124,"date":"2014-04-02T10:16:50","date_gmt":"2014-04-02T14:16:50","guid":{"rendered":"https:\/\/se.csbe.qc.ca\/melanie\/?page_id=124"},"modified":"2014-04-04T14:36:08","modified_gmt":"2014-04-04T18:36:08","slug":"troisieme-secondaire","status":"publish","type":"page","link":"https:\/\/se.csbe.qc.ca\/francais\/troisieme-secondaire\/","title":{"rendered":"Troisi\u00e8me secondaire"},"content":{"rendered":"<div class=\"page-restrict-output\"><p>Vous trouverez sur cette page les documents prot\u00e9g\u00e9s (MELS et CSBE) relatifs \u00e0 la troisi\u00e8me secondaire.<\/p>\n<p>&nbsp;<\/p>\n<p><a href=\"https:\/\/se.csbe.qc.ca\/melanie\/files\/2014\/04\/132-308-Document-dinformation_CSBE.mai2014.pdf\">132-308 Document d&rsquo;information_CSBE.mai2014<\/a><\/p>\n<p>&nbsp;<\/p>\n<!-- WP Attachments -->\r\n        <div style=\"width:100%;margin:10px 0 10px 0;\">\r\n            <h3>Documents joints<\/h3>\r\n        <ul class=\"post-attachments\"><li class=\"post-attachment mime-application-pdf\"><a href=\"https:\/\/se.csbe.qc.ca\/francais\/files\/2014\/04\/132-308-Document-dinformation_CSBE.mai2014.pdf\">132-308 Document d'information_CSBE.mai2014<\/a> <small>(527 kB)<\/small><\/li><\/ul><\/div><\/div>","protected":false},"excerpt":{"rendered":"<div class=\"page-restrict-output\"><p>Vous trouverez sur cette page les documents prot\u00e9g\u00e9s (MELS et CSBE) relatifs \u00e0 la troisi\u00e8me secondaire. &nbsp; 132-308 Document d&rsquo;information_CSBE.mai2014 &nbsp; Documents joints 132-308 Document d&rsquo;information_CSBE.mai2014 (527 kB)<\/p>\n<\/div>","protected":false},"author":209,"featured_media":0,"parent":0,"menu_order":0,"comment_status":"open","ping_status":"open","template":"","meta":{"footnotes":""},"class_list":["post-124","page","type-page","status-publish","hentry","nodate","item-wrap"],"_links":{"self":[{"href":"https:\/\/se.csbe.qc.ca\/francais\/wp-json\/wp\/v2\/pages\/124","targetHints":{"allow":["GET"]}}],"collection":[{"href":"https:\/\/se.csbe.qc.ca\/francais\/wp-json\/wp\/v2\/pages"}],"about":[{"href":"https:\/\/se.csbe.qc.ca\/francais\/wp-json\/wp\/v2\/types\/page"}],"author":[{"embeddable":true,"href":"https:\/\/se.csbe.qc.ca\/francais\/wp-json\/wp\/v2\/users\/209"}],"replies":[{"embeddable":true,"href":"https:\/\/se.csbe.qc.ca\/francais\/wp-json\/wp\/v2\/comments?post=124"}],"version-history":[{"count":1,"href":"https:\/\/se.csbe.qc.ca\/francais\/wp-json\/wp\/v2\/pages\/124\/revisions"}],"predecessor-version":[{"id":125,"href":"https:\/\/se.csbe.qc.ca\/francais\/wp-json\/wp\/v2\/pages\/124\/revisions\/125"}],"wp:attachment":[{"href":"https:\/\/se.csbe.qc.ca\/francais\/wp-json\/wp\/v2\/media?parent=124"}],"curies":[{"name":"wp","href":"https:\/\/api.w.org\/{rel}","templated":true}]}}