{"id":97,"date":"2013-11-06T14:48:10","date_gmt":"2013-11-06T19:48:10","guid":{"rendered":"https:\/\/se.csbe.qc.ca\/exposciences\/?page_id=97"},"modified":"2020-10-09T08:41:56","modified_gmt":"2020-10-09T12:41:56","slug":"informations-generales","status":"publish","type":"page","link":"https:\/\/se.csbe.qc.ca\/exposciences\/informations-generales\/","title":{"rendered":"Informations g\u00e9n\u00e9rales"},"content":{"rendered":"<div class=\"page-restrict-output\"><p>Tu es attendu(e) \u00e0 l&rsquo;\u00e9cole secondaire Veilleux, le jeudi 23 janvier \u00e0 compter de 9h30. \u00c0 cet endroit, on te remettra la pochette du participant contenant des informations sur le d\u00e9roulement de l&rsquo;Expo-sciences.<\/p>\n<p>Le matin de ton arriv\u00e9e, tu auras quelques minutes pour terminer l\u2019installation de ton kiosque avant l\u2019inspection pr\u00e9vue \u00e0 (heure \u00e0 venir). C\u2019est la raison pour laquelle ton coroplast doit \u00eatre compl\u00e8tement mont\u00e9 et rendu\u00a0 avant mardi le 21 janvier. L\u2019\u00e9quipe d\u2019inspection fera alors la premi\u00e8re v\u00e9rification des kiosques. La camionnette de la commission sera disponible pour le transport du mat\u00e9riel, assure-toi de l\u2019horaire de la camionnette de ton \u00e9cole et de celle de l&rsquo;\u00e9cole-h\u00f4te\u00a0 afin d\u2019\u00e9viter tout retard.<\/p>\n<p>Tu\u00a0dois\u00a0installer ton\u00a0mat\u00e9riel\u00a0au\u00a0num\u00e9ro\u00a0de\u00a0kiosque\u00a0qui\u00a0te\u00a0sera\u00a0assign\u00e9. Tu ne peux pas modifier\u00a0ce\u00a0num\u00e9ro\u00a0et surtout, tu ne peux ne pas changer de place\u00a0avec\u00a0ton(ta)\u00a0voisin(e). Il\u00a0est\u00a0important de respecter\u00a0cette\u00a0consigne, car ton nom, le\u00a0titre\u00a0de ton\u00a0projet\u00a0ainsi\u00a0que\u00a0le\u00a0num\u00e9ro\u00a0de ton\u00a0kiosque\u00a0sont\u00a0publi\u00e9s\u00a0dans\u00a0le\u00a0programme\u00a0de l\u2019Expo-sciences. Les\u00a0visiteurs\u00a0et les\u00a0juges\u00a0utilisent\u00a0ce\u00a0programme\u00a0pour\u00a0rep\u00e9rer\u00a0l\u2019emplacement\u00a0de ton\u00a0kiosque sur\u00a0le site\u00a0d\u2019exposition.<\/p>\n<p>Le d\u00e9montage des kiosques s\u2019effectue en d\u00e9but \u00a0PM le vendredi 24 janvier , avant la remise des prix \u00e0 la caf\u00e9t\u00e9ria.<\/p>\n<p>Toutes\u00a0les\u00a0bo\u00eetes\u00a0servant au transport de ton\u00a0mat\u00e9riel\u00a0devront\u00a0\u00eatre\u00a0bien\u00a0identifi\u00e9es, car\u00a0elles\u00a0seront entrepos\u00e9es\u00a0avec\u00a0celles\u00a0des\u00a0autres\u00a0exposants(es)\u00a0\u00e0\u00a0l\u2019ext\u00e9rieur\u00a0du site\u00a0d\u2019exposition.<\/p>\n<p>Des\u00a0membres\u00a0du\u00a0Comit\u00e9\u00a0de\u00a0s\u00e9curit\u00e9\u00a0circuleront\u00a0sur\u00a0le site\u00a0durant\u00a0la fin de\u00a0semaine. Le\u00a0jeudi matin,\u00a0ils proc\u00e9deront\u00a0\u00e0\u00a0la\u00a0v\u00e9rification\u00a0des installations finales\u00a0afin\u00a0de\u00a0s\u2019assurer\u00a0qu\u2019elles\u00a0sont\u00a0conformes.<\/p>\n<\/div>","protected":false},"excerpt":{"rendered":"<div class=\"page-restrict-output\"><p>Tu es attendu(e) \u00e0 l&rsquo;\u00e9cole secondaire Veilleux, le jeudi 23 janvier \u00e0 compter de 9h30. \u00c0 cet endroit, on te remettra la pochette du participant contenant des informations sur le d\u00e9roulement de l&rsquo;Expo-sciences. Le matin de ton arriv\u00e9e, tu auras quelques minutes pour terminer l\u2019installation de ton kiosque avant l\u2019inspection pr\u00e9vue \u00e0 (heure \u00e0 venir). &hellip; <\/p>\n<p><a class=\"more-link btn\" href=\"https:\/\/se.csbe.qc.ca\/exposciences\/informations-generales\/\">Lire la suite<\/a><\/p>\n<\/div>","protected":false},"author":3,"featured_media":0,"parent":0,"menu_order":0,"comment_status":"closed","ping_status":"open","template":"","meta":{"footnotes":""},"class_list":["post-97","page","type-page","status-publish","hentry","nodate","item-wrap"],"_links":{"self":[{"href":"https:\/\/se.csbe.qc.ca\/exposciences\/wp-json\/wp\/v2\/pages\/97","targetHints":{"allow":["GET"]}}],"collection":[{"href":"https:\/\/se.csbe.qc.ca\/exposciences\/wp-json\/wp\/v2\/pages"}],"about":[{"href":"https:\/\/se.csbe.qc.ca\/exposciences\/wp-json\/wp\/v2\/types\/page"}],"author":[{"embeddable":true,"href":"https:\/\/se.csbe.qc.ca\/exposciences\/wp-json\/wp\/v2\/users\/3"}],"replies":[{"embeddable":true,"href":"https:\/\/se.csbe.qc.ca\/exposciences\/wp-json\/wp\/v2\/comments?post=97"}],"version-history":[{"count":10,"href":"https:\/\/se.csbe.qc.ca\/exposciences\/wp-json\/wp\/v2\/pages\/97\/revisions"}],"predecessor-version":[{"id":234,"href":"https:\/\/se.csbe.qc.ca\/exposciences\/wp-json\/wp\/v2\/pages\/97\/revisions\/234"}],"wp:attachment":[{"href":"https:\/\/se.csbe.qc.ca\/exposciences\/wp-json\/wp\/v2\/media?parent=97"}],"curies":[{"name":"wp","href":"https:\/\/api.w.org\/{rel}","templated":true}]}}