{"id":86,"date":"2013-10-30T08:35:07","date_gmt":"2013-10-30T12:35:07","guid":{"rendered":"https:\/\/se.csbe.qc.ca\/exposciences\/?page_id=86"},"modified":"2020-10-09T08:41:17","modified_gmt":"2020-10-09T12:41:17","slug":"criteres-devaluation-et-de-jugement","status":"publish","type":"page","link":"https:\/\/se.csbe.qc.ca\/exposciences\/criteres-devaluation-et-de-jugement\/","title":{"rendered":"Crit\u00e8res d\u2019\u00e9valuation et de jugement"},"content":{"rendered":"<div class=\"page-restrict-output\"><h1><b>Challenge Desjardins<\/b><\/h1>\n<p><i>Juges experts<\/i><\/p>\n<p>Des personnes pr\u00e9alablement d\u00e9sign\u00e9es visiteront l\u2019exposition le vendredi matin pour choisir les kiosques qui se m\u00e9riteront des prix.<\/p>\n<p><strong><i>Leur jugement portera sur les crit\u00e8res suivants\u00a0:<\/i><\/strong><\/p>\n<ul>\n<li>Valeur scientifique ou humaine des projets\u00a0 60%<\/li>\n<li>Pr\u00e9sentation visuelle\u00a0\u00a0\u00a0\u00a0\u00a0\u00a0\u00a0\u00a0\u00a0\u00a0\u00a0\u00a0\u00a0\u00a0\u00a0\u00a0\u00a0\u00a0\u00a0\u00a0\u00a0\u00a0\u00a0\u00a0\u00a0\u00a0\u00a0\u00a0\u00a0\u00a0\u00a0\u00a0\u00a0\u00a0\u00a0\u00a0\u00a0\u00a0 14%<\/li>\n<li>Animation du kiosque\u00a0\u00a0\u00a0\u00a0\u00a0\u00a0\u00a0\u00a0\u00a0\u00a0\u00a0\u00a0\u00a0\u00a0\u00a0\u00a0\u00a0\u00a0\u00a0\u00a0\u00a0\u00a0\u00a0\u00a0\u00a0\u00a0\u00a0\u00a0\u00a0\u00a0\u00a0\u00a0\u00a0\u00a0\u00a0\u00a0\u00a0 14%<\/li>\n<li>Rapport \u00e9crit\u00a0\u00a0\u00a0\u00a0\u00a0\u00a0\u00a0\u00a0\u00a0\u00a0\u00a0\u00a0\u00a0\u00a0\u00a0\u00a0\u00a0\u00a0\u00a0\u00a0\u00a0\u00a0\u00a0\u00a0\u00a0\u00a0\u00a0\u00a0\u00a0\u00a0\u00a0\u00a0\u00a0\u00a0\u00a0\u00a0\u00a0\u00a0\u00a0\u00a0\u00a0\u00a0\u00a0\u00a0\u00a0\u00a0\u00a0\u00a0\u00a0\u00a0\u00a0\u00a0 12%<\/li>\n<\/ul>\n<h1><b>Challenge CSBE<\/b><\/h1>\n<p><i>Le jugement portera sur les crit\u00e8res suivants\u00a0:<\/i><\/p>\n<ul>\n<li>Valeur scientifique ou humaine des projets\u00a0 40%<\/li>\n<li>Animation du kiosque\u00a0\u00a0\u00a0\u00a0\u00a0\u00a0\u00a0\u00a0\u00a0\u00a0\u00a0\u00a0\u00a0\u00a0\u00a0\u00a0\u00a0\u00a0\u00a0\u00a0\u00a0\u00a0\u00a0\u00a0\u00a0\u00a0\u00a0\u00a0\u00a0\u00a0\u00a0\u00a0\u00a0\u00a0\u00a0\u00a0\u00a0 30%<\/li>\n<li>Pr\u00e9sentation visuelle\u00a0\u00a0\u00a0\u00a0\u00a0\u00a0\u00a0\u00a0\u00a0\u00a0\u00a0\u00a0\u00a0\u00a0\u00a0\u00a0\u00a0\u00a0\u00a0\u00a0\u00a0\u00a0\u00a0\u00a0\u00a0\u00a0\u00a0\u00a0\u00a0\u00a0\u00a0\u00a0\u00a0\u00a0\u00a0\u00a0\u00a0\u00a0 30%<\/li>\n<\/ul>\n<p><strong><i>Public et exposants<\/i><\/strong><\/p>\n<p>Le public et les exposants se verront remettre un billet, afin qu\u2019ils puissent eux aussi voter pour le kiosque de leur choix.<\/p>\n<\/div>","protected":false},"excerpt":{"rendered":"<div class=\"page-restrict-output\"><p>Challenge Desjardins Juges experts Des personnes pr\u00e9alablement d\u00e9sign\u00e9es visiteront l\u2019exposition le vendredi matin pour choisir les kiosques qui se m\u00e9riteront des prix. Leur jugement portera sur les crit\u00e8res suivants\u00a0: Valeur scientifique ou humaine des projets\u00a0 60% Pr\u00e9sentation visuelle\u00a0\u00a0\u00a0\u00a0\u00a0\u00a0\u00a0\u00a0\u00a0\u00a0\u00a0\u00a0\u00a0\u00a0\u00a0\u00a0\u00a0\u00a0\u00a0\u00a0\u00a0\u00a0\u00a0\u00a0\u00a0\u00a0\u00a0\u00a0\u00a0\u00a0\u00a0\u00a0\u00a0\u00a0\u00a0\u00a0\u00a0\u00a0 14% Animation du kiosque\u00a0\u00a0\u00a0\u00a0\u00a0\u00a0\u00a0\u00a0\u00a0\u00a0\u00a0\u00a0\u00a0\u00a0\u00a0\u00a0\u00a0\u00a0\u00a0\u00a0\u00a0\u00a0\u00a0\u00a0\u00a0\u00a0\u00a0\u00a0\u00a0\u00a0\u00a0\u00a0\u00a0\u00a0\u00a0\u00a0\u00a0 14% Rapport \u00e9crit\u00a0\u00a0\u00a0\u00a0\u00a0\u00a0\u00a0\u00a0\u00a0\u00a0\u00a0\u00a0\u00a0\u00a0\u00a0\u00a0\u00a0\u00a0\u00a0\u00a0\u00a0\u00a0\u00a0\u00a0\u00a0\u00a0\u00a0\u00a0\u00a0\u00a0\u00a0\u00a0\u00a0\u00a0\u00a0\u00a0\u00a0\u00a0\u00a0\u00a0\u00a0\u00a0\u00a0\u00a0\u00a0\u00a0\u00a0\u00a0\u00a0\u00a0\u00a0\u00a0 12% Challenge CSBE Le jugement portera sur les crit\u00e8res suivants\u00a0: &hellip; <\/p>\n<p><a class=\"more-link btn\" href=\"https:\/\/se.csbe.qc.ca\/exposciences\/criteres-devaluation-et-de-jugement\/\">Lire la suite<\/a><\/p>\n<\/div>","protected":false},"author":3,"featured_media":0,"parent":0,"menu_order":0,"comment_status":"closed","ping_status":"open","template":"","meta":{"footnotes":""},"class_list":["post-86","page","type-page","status-publish","hentry","nodate","item-wrap"],"_links":{"self":[{"href":"https:\/\/se.csbe.qc.ca\/exposciences\/wp-json\/wp\/v2\/pages\/86","targetHints":{"allow":["GET"]}}],"collection":[{"href":"https:\/\/se.csbe.qc.ca\/exposciences\/wp-json\/wp\/v2\/pages"}],"about":[{"href":"https:\/\/se.csbe.qc.ca\/exposciences\/wp-json\/wp\/v2\/types\/page"}],"author":[{"embeddable":true,"href":"https:\/\/se.csbe.qc.ca\/exposciences\/wp-json\/wp\/v2\/users\/3"}],"replies":[{"embeddable":true,"href":"https:\/\/se.csbe.qc.ca\/exposciences\/wp-json\/wp\/v2\/comments?post=86"}],"version-history":[{"count":3,"href":"https:\/\/se.csbe.qc.ca\/exposciences\/wp-json\/wp\/v2\/pages\/86\/revisions"}],"predecessor-version":[{"id":206,"href":"https:\/\/se.csbe.qc.ca\/exposciences\/wp-json\/wp\/v2\/pages\/86\/revisions\/206"}],"wp:attachment":[{"href":"https:\/\/se.csbe.qc.ca\/exposciences\/wp-json\/wp\/v2\/media?parent=86"}],"curies":[{"name":"wp","href":"https:\/\/api.w.org\/{rel}","templated":true}]}}