{"id":84,"date":"2013-10-30T08:30:41","date_gmt":"2013-10-30T12:30:41","guid":{"rendered":"https:\/\/se.csbe.qc.ca\/exposciences\/?page_id=84"},"modified":"2019-09-13T09:02:00","modified_gmt":"2019-09-13T13:02:00","slug":"amenagement-technique-de-la-salle-dexposition","status":"publish","type":"page","link":"https:\/\/se.csbe.qc.ca\/exposciences\/amenagement-technique-de-la-salle-dexposition\/","title":{"rendered":"Am\u00e9nagement technique de la salle d\u2019exposition"},"content":{"rendered":"<div class=\"page-restrict-output\"><h1>Ordinateurs portables<\/h1>\n<p>Il est de la responsabilit\u00e9 des participants d\u2019apporter leur ordinateur portable.\u00a0 L\u2019\u00e9cole h\u00f4te ne pr\u00eatera pas d\u2019ordinateur.<\/p>\n<h1>\u00c9lectricit\u00e9 et Internet<\/h1>\n<p>Tu as acc\u00e8s \u00e0 une prise \u00e9lectrique double. Si tu as des besoins suppl\u00e9mentaires en \u00e9lectricit\u00e9, il te faut apporter une barre d\u2019alimentation multiple. Dans la salle, des fils au sol longeront les kiosques, il est strictement d\u00e9fendu de les d\u00e9placer ou les fixer \u00e0 un autre endroit. Si tu as besoin d\u2019\u00eatre reli\u00e9 \u00e0 une connexion Internet, tu dois en avertir le comit\u00e9 organisateur sur ta fiche d\u2019inscription.\u00a0 Un r\u00e9seau Internet sans fil sera \u00e0 ta disposition.<\/p>\n<h1>Table et coroplast<\/h1>\n<p>Nous te fournissons une table aux dimensions de ton coroplast ainsi qu\u2019une chaise par kiosque. Tu auras une bo\u00eete sous la table; des espaces de rangement sont pr\u00e9vus \u00e0 cet effet. Tu dois apporter ton coroplast ou le faire livrer avant le mardi pr\u00e9c\u00e9dent l&rsquo;expo-sciences. Ton \u00e9cole est responsable de l\u2019achat de ton coroplast. Ton \u00e9cole et toi devez assumer les frais inh\u00e9rents \u00e0 ton installation, s\u2019il y a lieu.<\/p>\n<h1>Kiosque et identification<\/h1>\n<p>Prends soin d\u2019emballer soigneusement ton mat\u00e9riel pour le transport. Un autobus est pr\u00e9vu pour les exposants selon le nombre de participants, jeudi (aller) et vendredi (aller retour), l\u2019horaire te sera fourni en temps et lieu. Tes parents\u00a0 sont responsables de ton retour le jeudi en fin de soir\u00e9e.<\/p>\n<p>Le comit\u00e9 organisateur affichera un num\u00e9ro dans la partie sup\u00e9rieure droite du coroplast et il ne faudra pas le d\u00e9placer. Tu inscris le titre de ton projet sur une banderole ou un carton et le places dans la partie sup\u00e9rieure au centre du coroplast. Dans ce document, tu verras un plan de l\u2019am\u00e9nagement de ton kiosque.<\/p>\n<p>Il est strictement interdit de brocher, clouer, visser ou de percer le coroplast que ton \u00e9cole te pr\u00eate. Les deux c\u00f4t\u00e9s et le fond peuvent servir \u00e0 l\u2019affichage. Aucune structure (pi\u00e8ce d\u2019un montage, appareil, affiche, etc.) ne doit d\u00e9passer la hauteur, la largeur et la profondeur de ton kiosque. Il est d\u00e9j\u00e0 arriv\u00e9 qu\u2019un projet soit p\u00e9nalis\u00e9 pour ce motif. Apporte les outils n\u00e9cessaires pour faciliter et acc\u00e9l\u00e9rer ton montage (gommette, ruban adh\u00e9sif, ciseaux, etc.).<\/p>\n<\/div>","protected":false},"excerpt":{"rendered":"<div class=\"page-restrict-output\"><p>Ordinateurs portables Il est de la responsabilit\u00e9 des participants d\u2019apporter leur ordinateur portable.\u00a0 L\u2019\u00e9cole h\u00f4te ne pr\u00eatera pas d\u2019ordinateur. \u00c9lectricit\u00e9 et Internet Tu as acc\u00e8s \u00e0 une prise \u00e9lectrique double. Si tu as des besoins suppl\u00e9mentaires en \u00e9lectricit\u00e9, il te faut apporter une barre d\u2019alimentation multiple. Dans la salle, des fils au sol longeront les &hellip; <\/p>\n<p><a class=\"more-link btn\" href=\"https:\/\/se.csbe.qc.ca\/exposciences\/amenagement-technique-de-la-salle-dexposition\/\">Lire la suite<\/a><\/p>\n<\/div>","protected":false},"author":3,"featured_media":0,"parent":0,"menu_order":0,"comment_status":"open","ping_status":"open","template":"","meta":{"footnotes":""},"class_list":["post-84","page","type-page","status-publish","hentry","nodate","item-wrap"],"_links":{"self":[{"href":"https:\/\/se.csbe.qc.ca\/exposciences\/wp-json\/wp\/v2\/pages\/84","targetHints":{"allow":["GET"]}}],"collection":[{"href":"https:\/\/se.csbe.qc.ca\/exposciences\/wp-json\/wp\/v2\/pages"}],"about":[{"href":"https:\/\/se.csbe.qc.ca\/exposciences\/wp-json\/wp\/v2\/types\/page"}],"author":[{"embeddable":true,"href":"https:\/\/se.csbe.qc.ca\/exposciences\/wp-json\/wp\/v2\/users\/3"}],"replies":[{"embeddable":true,"href":"https:\/\/se.csbe.qc.ca\/exposciences\/wp-json\/wp\/v2\/comments?post=84"}],"version-history":[{"count":4,"href":"https:\/\/se.csbe.qc.ca\/exposciences\/wp-json\/wp\/v2\/pages\/84\/revisions"}],"predecessor-version":[{"id":236,"href":"https:\/\/se.csbe.qc.ca\/exposciences\/wp-json\/wp\/v2\/pages\/84\/revisions\/236"}],"wp:attachment":[{"href":"https:\/\/se.csbe.qc.ca\/exposciences\/wp-json\/wp\/v2\/media?parent=84"}],"curies":[{"name":"wp","href":"https:\/\/api.w.org\/{rel}","templated":true}]}}