{"id":17,"date":"2012-10-03T15:03:10","date_gmt":"2012-10-03T14:03:10","guid":{"rendered":"https:\/\/se.csbe.qc.ca\/exposciences\/?page_id=17"},"modified":"2020-01-17T13:47:23","modified_gmt":"2020-01-17T18:47:23","slug":"horaire","status":"publish","type":"page","link":"https:\/\/se.csbe.qc.ca\/exposciences\/horaire\/","title":{"rendered":"Horaire"},"content":{"rendered":"<div class=\"page-restrict-output\"><p align=\"center\">L&rsquo;horaire 2020 sera \u00e9labor\u00e9e au cours des prochaines semaines.<\/p>\n<p align=\"center\">Elle devrait ressembler \u00e0 celle des ann\u00e9es pr\u00e9c\u00e9dentes.<\/p>\n<p align=\"center\"><b><span style=\"text-decoration: underline\">Horaire de l\u2019expo-sciences 2020<\/span><\/b><\/p>\n<p><strong>Jeudi le 23 janvier 2020<\/strong><\/p>\n<table style=\"height: 417px\" width=\"631\">\n<tbody>\n<tr>\n<td style=\"width: 128px\">Heure<\/td>\n<td style=\"width: 205px\">Activit\u00e9s<\/td>\n<td style=\"width: 234px\" colspan=\"2\">Lieu<\/td>\n<\/tr>\n<tr>\n<td style=\"width: 128px\">9 h\u00a0 \u00e0 9h30<\/td>\n<td style=\"width: 205px\">Arriv\u00e9e des exposants<\/td>\n<td style=\"width: 234px\" colspan=\"2\">Vestiaires des exposants\u00a0 &#8211; salon \u00e9tudiant<\/td>\n<\/tr>\n<tr>\n<td style=\"width: 128px\">9h30 \u00e0 10 h<\/td>\n<td style=\"width: 205px\">Accueil des exposants<\/p>\n<p>Collation fournie vers 10 h 30<\/td>\n<td style=\"width: 234px\" colspan=\"2\">Auditorium<\/td>\n<\/tr>\n<tr>\n<td style=\"width: 128px\">10 h\u00a0 \u00e0 11h45<\/td>\n<td style=\"width: 205px\">Ouverture des kiosques et visite des \u00e9coles<\/td>\n<td style=\"width: 234px\" colspan=\"2\">Gymnase<\/td>\n<\/tr>\n<tr>\n<td style=\"width: 128px\">11h45\u00a0 \u00e0 12h30<\/td>\n<td style=\"width: 205px\">Fermeture du salon<\/p>\n<p>D\u00eener des exposants<\/td>\n<td style=\"width: 234px\" colspan=\"2\">Gymnase<\/p>\n<p>Caf\u00e9t\u00e9ria<\/td>\n<\/tr>\n<tr>\n<td style=\"width: 128px\">12h30\u00a0 \u00e0 15h45<\/td>\n<td style=\"width: 205px\">Visite des \u00e9coles<\/p>\n<p>Collation fournie vers\u00a0 14 h 30<\/td>\n<td style=\"width: 217px\">Vestiaires des visiteurs : auditorium<\/p>\n<p>Gymnase<\/td>\n<td style=\"width: 17px\"><\/td>\n<\/tr>\n<tr>\n<td style=\"width: 128px\">16h<\/td>\n<td style=\"width: 205px\">Fermeture du salon<\/td>\n<td style=\"width: 217px\"><\/td>\n<td style=\"width: 17px\"><\/td>\n<\/tr>\n<tr>\n<td style=\"width: 128px\">16h \u00e0 17 h<\/td>\n<td style=\"width: 205px\">Souper des exposants<\/td>\n<td style=\"width: 217px\">Caf\u00e9t\u00e9ria<\/td>\n<td style=\"width: 17px\"><\/td>\n<\/tr>\n<tr>\n<td style=\"width: 128px\">17 h \u00e0 19 h<\/td>\n<td style=\"width: 205px\">Ouverture du salon et visite du public<\/td>\n<td style=\"width: 217px\">Vestiaires des visiteurs : auditorium Salon des exposants : Gymnase<\/td>\n<td style=\"width: 17px\"><\/td>\n<\/tr>\n<tr>\n<td style=\"width: 128px\">19 h<\/td>\n<td style=\"width: 205px\">Fermeture du salon<\/p>\n<p>D\u00e9part des exposants avec leurs parents<\/td>\n<td style=\"width: 217px\"><\/td>\n<td style=\"width: 17px\"><\/td>\n<\/tr>\n<\/tbody>\n<\/table>\n<p><strong>Vendredi le 24 janvier 2020<\/strong><\/p>\n<table style=\"width: 100%\">\n<tbody>\n<tr>\n<td style=\"width: 16.4706%\" width=\"104\">Heure<\/td>\n<td style=\"width: 44.8366%\" width=\"283\">Activit\u00e9s<\/td>\n<td style=\"width: 38.5621%\" width=\"243\">Lieu<\/td>\n<\/tr>\n<tr>\n<td style=\"width: 16.4706%\" width=\"104\">9h \u00e0 9h30<\/td>\n<td style=\"width: 44.8366%\" width=\"283\">Arriv\u00e9e des exposants et rappel des consignes au gymnase<\/td>\n<td style=\"width: 38.5621%\" width=\"243\">Vestiaires des exposants : salon \u00e9tudiant<\/td>\n<\/tr>\n<tr>\n<td style=\"width: 16.4706%\" width=\"104\">9h \u00e0 9h30<\/p>\n<p>9h30 \u00a0\u00e0 10h<\/td>\n<td style=\"width: 44.8366%\" width=\"283\">Arriv\u00e9e des juges<\/p>\n<p>r\u00e9union des juges<\/td>\n<td style=\"width: 38.5621%\" width=\"243\">Caf\u00e9t\u00e9ria<\/p>\n<p>Le vestiaire des juges est au 214-A<\/td>\n<\/tr>\n<tr>\n<td style=\"width: 16.4706%\" width=\"104\">10 h \u00e0 12 h<\/td>\n<td style=\"width: 44.8366%\" width=\"283\">Jugement des kiosques (Collation vers 10 h 30)<\/td>\n<td style=\"width: 38.5621%\" width=\"243\">Gymnase<\/td>\n<\/tr>\n<tr>\n<td style=\"width: 16.4706%\" width=\"104\">12h \u00e0 12h45<\/td>\n<td style=\"width: 44.8366%\" width=\"283\">D\u00eener des exposants et des juges<\/td>\n<td style=\"width: 38.5621%\" width=\"243\">Caf\u00e9t\u00e9ria<\/td>\n<\/tr>\n<tr>\n<td style=\"width: 16.4706%\" width=\"104\">12h45 \u00e0 13h15<\/td>\n<td style=\"width: 44.8366%\" width=\"283\">D\u00e9montage des kiosques<\/td>\n<td style=\"width: 38.5621%\" width=\"243\">Gymnase<\/td>\n<\/tr>\n<tr>\n<td style=\"width: 16.4706%\" width=\"104\">13h15 \u00e0 14h<\/td>\n<td style=\"width: 44.8366%\" width=\"283\">activit\u00e9s<\/td>\n<td style=\"width: 38.5621%\" width=\"243\">Auditorium<\/td>\n<\/tr>\n<tr>\n<td style=\"width: 16.4706%\" width=\"104\">14h \u00e0 15h<\/td>\n<td style=\"width: 44.8366%\" width=\"283\">Remise des prix<\/td>\n<td style=\"width: 38.5621%\" width=\"243\">Auditorium<\/td>\n<\/tr>\n<tr>\n<td style=\"width: 16.4706%\" width=\"104\">15h<\/td>\n<td style=\"width: 44.8366%\" width=\"283\">Retour des exposants dans l\u2019\u00e9cole secondaire de secteur<\/td>\n<td style=\"width: 38.5621%\" width=\"243\"><\/td>\n<\/tr>\n<\/tbody>\n<\/table>\n<\/div>","protected":false},"excerpt":{"rendered":"<div class=\"page-restrict-output\"><p>L&rsquo;horaire 2020 sera \u00e9labor\u00e9e au cours des prochaines semaines. Elle devrait ressembler \u00e0 celle des ann\u00e9es pr\u00e9c\u00e9dentes. Horaire de l\u2019expo-sciences 2020 Jeudi le 23 janvier 2020 Heure Activit\u00e9s Lieu 9 h\u00a0 \u00e0 9h30 Arriv\u00e9e des exposants Vestiaires des exposants\u00a0 &#8211; salon \u00e9tudiant 9h30 \u00e0 10 h Accueil des exposants Collation fournie vers 10 h 30 &hellip; <\/p>\n<p><a class=\"more-link btn\" href=\"https:\/\/se.csbe.qc.ca\/exposciences\/horaire\/\">Lire la suite<\/a><\/p>\n<\/div>","protected":false},"author":3,"featured_media":0,"parent":0,"menu_order":0,"comment_status":"open","ping_status":"open","template":"","meta":{"footnotes":""},"class_list":["post-17","page","type-page","status-publish","hentry","nodate","item-wrap"],"_links":{"self":[{"href":"https:\/\/se.csbe.qc.ca\/exposciences\/wp-json\/wp\/v2\/pages\/17","targetHints":{"allow":["GET"]}}],"collection":[{"href":"https:\/\/se.csbe.qc.ca\/exposciences\/wp-json\/wp\/v2\/pages"}],"about":[{"href":"https:\/\/se.csbe.qc.ca\/exposciences\/wp-json\/wp\/v2\/types\/page"}],"author":[{"embeddable":true,"href":"https:\/\/se.csbe.qc.ca\/exposciences\/wp-json\/wp\/v2\/users\/3"}],"replies":[{"embeddable":true,"href":"https:\/\/se.csbe.qc.ca\/exposciences\/wp-json\/wp\/v2\/comments?post=17"}],"version-history":[{"count":20,"href":"https:\/\/se.csbe.qc.ca\/exposciences\/wp-json\/wp\/v2\/pages\/17\/revisions"}],"predecessor-version":[{"id":278,"href":"https:\/\/se.csbe.qc.ca\/exposciences\/wp-json\/wp\/v2\/pages\/17\/revisions\/278"}],"wp:attachment":[{"href":"https:\/\/se.csbe.qc.ca\/exposciences\/wp-json\/wp\/v2\/media?parent=17"}],"curies":[{"name":"wp","href":"https:\/\/api.w.org\/{rel}","templated":true}]}}