{"id":115,"date":"2013-11-06T15:24:49","date_gmt":"2013-11-06T20:24:49","guid":{"rendered":"https:\/\/se.csbe.qc.ca\/exposciences\/?page_id=115"},"modified":"2020-10-09T08:42:10","modified_gmt":"2020-10-09T12:42:10","slug":"les-grilles-devaluation","status":"publish","type":"page","link":"https:\/\/se.csbe.qc.ca\/exposciences\/les-grilles-devaluation\/","title":{"rendered":"Les grilles d&rsquo;\u00e9valuation"},"content":{"rendered":"<div class=\"page-restrict-output\"><p>Voici les grilles d&rsquo;\u00e9valuation qui seront utilis\u00e9es lors de l&rsquo;Expo-sciences :<\/p>\n<p>Pour le primaire:<\/p>\n<p><a href=\"https:\/\/se.csbe.qc.ca\/exposciences\/files\/2019\/11\/Grille_eva_Csbe_primaire-2020.pdf\">Grille d&rsquo;\u00e9valuation du primaire<\/a><\/p>\n<p>Pour le Challenge CSBE :<\/p>\n<p><a href=\"https:\/\/se.csbe.qc.ca\/exposciences\/files\/2019\/11\/Grille_eva_Csbe_1c_secondaire-2020.pdf\">Grille d&rsquo;\u00e9valuation de premier cycle du secondaire, challenge CSBE<\/a><\/p>\n<p><a href=\"https:\/\/se.csbe.qc.ca\/exposciences\/files\/2019\/11\/Grille_eva_Csbe_2c_secondaire-2020.pdf\">Grille d&rsquo;\u00e9valuation de deuxi\u00e8me cycle du secondaire, challenge CSBE<\/a><\/p>\n<p>Pour le Challenge Desjardins :<\/p>\n<p><a href=\"https:\/\/se.csbe.qc.ca\/exposciences\/files\/2019\/11\/Grille_eva_Desjardins_vulgarisation-2020.pdf\">Grille d&rsquo;\u00e9valuation des projets de vulgarisation, challenge Desjardins<\/a><\/p>\n<p><a href=\"https:\/\/se.csbe.qc.ca\/exposciences\/files\/2019\/11\/Grille_eva_Desjardins_Experimentation-2020.pdf\">Grille d&rsquo;\u00e9valuation des projets d&rsquo;exp\u00e9rimentation, challenge Desjardins<\/a><\/p>\n<p><a href=\"https:\/\/se.csbe.qc.ca\/exposciences\/files\/2019\/11\/Grille_eva_Desjardins_conception-2020.pdf\">Grille d&rsquo;\u00e9valuation des projets de conception, challenge Desjardins<\/a><\/p>\n\n<!-- WP Attachments -->\r\n        <div style=\"width:100%;margin:10px 0 10px 0;\">\r\n            <h3>Attachments<\/h3>\r\n        <ul class=\"post-attachments\"><li class=\"post-attachment mime-application-pdf\"><a href=\"https:\/\/se.csbe.qc.ca\/exposciences\/files\/2019\/11\/Grille_eva_Csbe_1c_secondaire-2020.pdf\">Grille_eva_Csbe_1c_secondaire 2020<\/a> <small>(74 kB)<\/small><\/li><li class=\"post-attachment mime-application-pdf\"><a href=\"https:\/\/se.csbe.qc.ca\/exposciences\/files\/2019\/11\/Grille_eva_Csbe_2c_secondaire-2020.pdf\">Grille_eva_Csbe_2c_secondaire 2020<\/a> <small>(74 kB)<\/small><\/li><li class=\"post-attachment mime-application-pdf\"><a href=\"https:\/\/se.csbe.qc.ca\/exposciences\/files\/2019\/11\/Grille_eva_Csbe_primaire-2020.pdf\">Grille_eva_Csbe_primaire 2020<\/a> <small>(74 kB)<\/small><\/li><\/ul><\/div><\/div>","protected":false},"excerpt":{"rendered":"<div class=\"page-restrict-output\"><p>Voici les grilles d&rsquo;\u00e9valuation qui seront utilis\u00e9es lors de l&rsquo;Expo-sciences : Pour le primaire: Grille d&rsquo;\u00e9valuation du primaire Pour le Challenge CSBE : Grille d&rsquo;\u00e9valuation de premier cycle du secondaire, challenge CSBE Grille d&rsquo;\u00e9valuation de deuxi\u00e8me cycle du secondaire, challenge CSBE Pour le Challenge Desjardins : Grille d&rsquo;\u00e9valuation des projets de vulgarisation, challenge Desjardins Grille &hellip; <\/p>\n<p><a class=\"more-link btn\" href=\"https:\/\/se.csbe.qc.ca\/exposciences\/les-grilles-devaluation\/\">Lire la suite<\/a><\/p>\n<\/div>","protected":false},"author":3,"featured_media":0,"parent":0,"menu_order":0,"comment_status":"closed","ping_status":"open","template":"","meta":{"footnotes":""},"class_list":["post-115","page","type-page","status-publish","hentry","nodate","item-wrap"],"_links":{"self":[{"href":"https:\/\/se.csbe.qc.ca\/exposciences\/wp-json\/wp\/v2\/pages\/115","targetHints":{"allow":["GET"]}}],"collection":[{"href":"https:\/\/se.csbe.qc.ca\/exposciences\/wp-json\/wp\/v2\/pages"}],"about":[{"href":"https:\/\/se.csbe.qc.ca\/exposciences\/wp-json\/wp\/v2\/types\/page"}],"author":[{"embeddable":true,"href":"https:\/\/se.csbe.qc.ca\/exposciences\/wp-json\/wp\/v2\/users\/3"}],"replies":[{"embeddable":true,"href":"https:\/\/se.csbe.qc.ca\/exposciences\/wp-json\/wp\/v2\/comments?post=115"}],"version-history":[{"count":5,"href":"https:\/\/se.csbe.qc.ca\/exposciences\/wp-json\/wp\/v2\/pages\/115\/revisions"}],"predecessor-version":[{"id":261,"href":"https:\/\/se.csbe.qc.ca\/exposciences\/wp-json\/wp\/v2\/pages\/115\/revisions\/261"}],"wp:attachment":[{"href":"https:\/\/se.csbe.qc.ca\/exposciences\/wp-json\/wp\/v2\/media?parent=115"}],"curies":[{"name":"wp","href":"https:\/\/api.w.org\/{rel}","templated":true}]}}