{"id":105,"date":"2013-11-06T15:08:51","date_gmt":"2013-11-06T20:08:51","guid":{"rendered":"https:\/\/se.csbe.qc.ca\/exposciences\/?page_id=105"},"modified":"2020-10-09T08:42:46","modified_gmt":"2020-10-09T12:42:46","slug":"les-dates-importantes","status":"publish","type":"page","link":"https:\/\/se.csbe.qc.ca\/exposciences\/les-dates-importantes\/","title":{"rendered":"Les dates importantes"},"content":{"rendered":"<div class=\"page-restrict-output\"><table border=\"1\" cellspacing=\"0\" cellpadding=\"0\">\n<tbody>\n<tr>\n<td valign=\"top\" width=\"196\">Septembre -octobre<\/td>\n<td valign=\"top\" width=\"389\">\n<ul>\n<li>R\u00e9flexion au sujet \u00e0 pr\u00e9senter \u00e0 l\u2019expo-sciences<\/li>\n<li>D\u00e9but de la recherche<\/li>\n<\/ul>\n<\/td>\n<\/tr>\n<tr>\n<td valign=\"top\" width=\"196\">Novembre-d\u00e9cembre<\/td>\n<td valign=\"top\" width=\"389\">\n<ul>\n<li>Planification et r\u00e9alisation de la recherche ou de l\u2019exp\u00e9rimentation ou de la conception.<\/li>\n<li>Planification et r\u00e9alisation des kiosques<\/li>\n<li>R\u00e9daction du rapport \u00e9crit pour le Challenge Desjardins<\/li>\n<li><b>Inscription \u00e0 l\u2019expo-sciences avant le 13 d\u00e9cembre 2019<\/b>.<\/li>\n<\/ul>\n<\/td>\n<\/tr>\n<tr>\n<td valign=\"top\" width=\"196\">Janvier.<\/td>\n<td valign=\"top\" width=\"389\">\n<ul>\n<li>Envoi des<b>\u00a0rapports \u00e9crits<\/b> \u00e0 Chantal N Poulin\u00a0 avant le\u00a0<b>17 janvier 2020<\/b>.<\/li>\n<li>Envoi des\u00a0<b>coroplasts<\/b> pour qu\u2019ils soient rendus \u00e0 l&rsquo;\u00e9cole secondaire Veilleux <b>avant le 21 janvier 2020.<\/b><\/li>\n<li><b>Expo-sciences le 23 et 24 janvier 2020.<\/b><\/li>\n<\/ul>\n<\/td>\n<\/tr>\n<\/tbody>\n<\/table>\n<\/div>","protected":false},"excerpt":{"rendered":"<div class=\"page-restrict-output\"><p>Septembre -octobre R\u00e9flexion au sujet \u00e0 pr\u00e9senter \u00e0 l\u2019expo-sciences D\u00e9but de la recherche Novembre-d\u00e9cembre Planification et r\u00e9alisation de la recherche ou de l\u2019exp\u00e9rimentation ou de la conception. Planification et r\u00e9alisation des kiosques R\u00e9daction du rapport \u00e9crit pour le Challenge Desjardins Inscription \u00e0 l\u2019expo-sciences avant le 13 d\u00e9cembre 2019. Janvier. Envoi des\u00a0rapports \u00e9crits \u00e0 Chantal N &hellip; <\/p>\n<p><a class=\"more-link btn\" href=\"https:\/\/se.csbe.qc.ca\/exposciences\/les-dates-importantes\/\">Lire la suite<\/a><\/p>\n<\/div>","protected":false},"author":3,"featured_media":0,"parent":0,"menu_order":0,"comment_status":"closed","ping_status":"open","template":"","meta":{"footnotes":""},"class_list":["post-105","page","type-page","status-publish","hentry","nodate","item-wrap"],"_links":{"self":[{"href":"https:\/\/se.csbe.qc.ca\/exposciences\/wp-json\/wp\/v2\/pages\/105","targetHints":{"allow":["GET"]}}],"collection":[{"href":"https:\/\/se.csbe.qc.ca\/exposciences\/wp-json\/wp\/v2\/pages"}],"about":[{"href":"https:\/\/se.csbe.qc.ca\/exposciences\/wp-json\/wp\/v2\/types\/page"}],"author":[{"embeddable":true,"href":"https:\/\/se.csbe.qc.ca\/exposciences\/wp-json\/wp\/v2\/users\/3"}],"replies":[{"embeddable":true,"href":"https:\/\/se.csbe.qc.ca\/exposciences\/wp-json\/wp\/v2\/comments?post=105"}],"version-history":[{"count":17,"href":"https:\/\/se.csbe.qc.ca\/exposciences\/wp-json\/wp\/v2\/pages\/105\/revisions"}],"predecessor-version":[{"id":233,"href":"https:\/\/se.csbe.qc.ca\/exposciences\/wp-json\/wp\/v2\/pages\/105\/revisions\/233"}],"wp:attachment":[{"href":"https:\/\/se.csbe.qc.ca\/exposciences\/wp-json\/wp\/v2\/media?parent=105"}],"curies":[{"name":"wp","href":"https:\/\/api.w.org\/{rel}","templated":true}]}}